{"id":9311,"date":"2025-08-21T08:09:48","date_gmt":"2025-08-21T06:09:48","guid":{"rendered":"https:\/\/aroha.nl\/product\/safety-pro-combination-sleep-line\/"},"modified":"2026-04-01T22:31:24","modified_gmt":"2026-04-01T21:31:24","slug":"safety-pro-combination-sleep-line","status":"publish","type":"product","link":"https:\/\/aroha.nl\/it\/prodotto\/safety-pro-combination-sleep-line\/","title":{"rendered":"Allarme combinato Aroha Safety Pro Sleep Line"},"content":{"rendered":"<h2>Doppia protezione contro fumo e CO<\/h2>\n<ul>\n<li><strong>Protezione 2 in 1:<\/strong> un rilevatore combinato che rileva sia il fumo che il monossido di carbonio. Nessun problema con pi\u00f9 rilevatori, ma una sicurezza istantanea e completa contro i due principali pericoli: l&#8217;incendio e l&#8217;avvelenamento da monossido di carbonio. <\/li>\n<li><strong>Allarmi CO avanzati:<\/strong> il misuratore di CO ti avverte con un forte allarme da 85 dB in caso di livelli pericolosi di monossido di carbonio. Rileva la minaccia invisibile e inodore del gas CO in modo da poter agire immediatamente e proteggere te stesso e la tua famiglia dai potenziali pericoli di una combustione incompleta, ad esempio in caldaie per il riscaldamento centrale, geyser o caminetti. <\/li>\n<li><strong>Allarme precoce:<\/strong> ricevi avvisi tempestivi in caso di basse concentrazioni di gas monossido di carbonio. Grazie ai sensori avanzati, sei gi\u00e0 avvisato di minimi aumenti dei livelli di CO, permettendoti di reagire rapidamente. <\/li>\n<li><strong>Sensori fotoelettrici avanzati:<\/strong> questi innovativi sensori rilevano il fumo di incendi che divampano lentamente (ad esempio, cavi elettrici) in modo pi\u00f9 rapido ed efficace.<\/li>\n<\/ul>\n<p>&nbsp;<\/p>\n<h2>Convenienza e semplicit\u00e0 con Aroha Safety Pro<\/h2>\n<ul>\n<li><strong>Sonno indisturbato:<\/strong> dormi sonni tranquilli e sicuri grazie al design intelligente di Aroha Sleep Line. La luce LED lampeggia solo quando suona una sveglia, senza fastidiosi LED di standby, cos\u00ec puoi dormire indisturbato in una stanza buia e silenziosa, con la tranquillit\u00e0 di una protezione completa. <\/li>\n<li><strong>Facile installazione: t<\/strong>utti i rilevatori di fumo, i rilevatori di monossido di carbonio e i rilevatori combinati di Aroha Safety Pro possono essere installati in meno di un minuto. L&#8217;installazione \u00e8 semplice grazie alle chiare istruzioni passo-passo, ai video di accompagnamento e al kit di viti incluso. <\/li>\n<li><strong>Design facile da usare:<\/strong> facile da testare e silenziare grazie al design intelligente con l&#8217;intera parte anteriore del rilevatore autonomo di fumo\/CO come pulsante di test e di silenziamento.<\/li>\n<li><strong>Ideale per i luoghi difficili da raggiungere:<\/strong> puoi premere il pulsante di test e di silenziamento con il manico della scopa, rimanendo al sicuro a terra. Grazie alla durata della batteria di 10 anni, non \u00e8 necessario cambiare le batterie. <\/li>\n<\/ul>\n<p>&nbsp;<\/p>\n<h2>10 anni di sicurezza<\/h2>\n<ul>\n<li><strong>Batteria di 10 anni:<\/strong> funziona senza problemi grazie alla batteria al litio non sostituibile che garantisce 10 anni di protezione ininterrotta.<\/li>\n<li><strong>Sicurezza certificata:<\/strong> ampiamente testato e completamente certificato secondo gli standard CE (EN14604 e EN50291), assicura che questo rilevatore autonomo combinato di fumo e monossido di carbonio con batteria decennale soddisfi i pi\u00f9 alti standard UE.<\/li>\n<li><strong>Forte allarme da 85 dB:<\/strong> entro 10 secondi, il forte allarme da 85 dB ti avvisa, permettendoti di reagire rapidamente. Un incendio domestico pu\u00f2 diffondersi in casa tua in soli 3 minuti. Per questo \u00e8 fondamentale che tu senta subito l&#8217;allarme e possa agire rapidamente.  <\/li>\n<li><strong>Autotest intelligente:<\/strong> l&#8217;allarme combinato esegue un autotest ogni minuto, garantendo una protezione affidabile in ogni momento.<\/li>\n<li><strong>Indicatore di batteria scarica: gli<\/strong> avvisi di manutenzione proattivi ti permettono di sapere in tempo quando la batteria \u00e8 scarica e il rilevatore di fumo e monossido di carbonio deve essere sostituito.<\/li>\n<\/ul>\n<p>&nbsp;<\/p>\n<h2>Aroha: protezione antincendio dai Paesi Bassi<\/h2>\n<p>Come marchio olandese, mettiamo sempre al primo posto la tua sicurezza e la tua soddisfazione. I nostri innovativi rilevatori di fumo, rilevatori di calore, rilevatori di monossido di carbonio e rilevatori combinati soddisfano i pi\u00f9 alti standard europei grazie alla nostra esperienza e alla nostra attenzione alla qualit\u00e0. Il nostro team di specialisti \u00e8 soddisfatto solo quando lo sei tu!  <\/p>\n<p>&nbsp;<\/p>\n<h2>Dove posizionare il tuo rilevatore combinato?<\/h2>\n<p>Un rilevatore combinato \u00e8 un rilevatore di fumo e di monossido di carbonio in uno. Il fumo sale e il monossido di carbonio si diffonde nell&#8217;aria. A causa di questa differenza, non esiste un posto perfetto per il rilevatore combinato: dipende esclusivamente dalla tua situazione.  <\/p>\n<p>Per saperne di pi\u00f9 sugli obblighi legali nel tuo Paese, leggi <a href=\"https:\/\/aroha.nl\/support\/\">qui<\/a>. Oltre a rispettare gli obblighi di legge, ti consigliamo di ottimizzare la sicurezza della tua casa installando allarmi combinati, rilevatori di fumo e\/o rilevatori di monossido di carbonio in punti strategici:<\/p>\n<ul>\n<li><strong>Locali con apparecchi a combustione:<\/strong> installa allarmi per il monossido di carbonio o rilevatori combinati in tutte le stanze che contengono apparecchi a combustione, come caldaie per il riscaldamento centrale, stufe a gas, boiler o caminetti. Questi apparecchi possono emettere monossido di carbonio, un gas incolore, inodore e potenzialmente mortale. Un allarme CO vicino a questi apparecchi ti avverte rapidamente di un pericoloso accumulo di monossido di carbonio, permettendoti di agire in tempo.  <\/li>\n<li><strong>Vie di fuga:<\/strong> colloca dei rilevatori di fumo o dei rilevatori combinati nei corridoi e vicino alle scale, soprattutto se conducono alle camere da letto. In questo modo il fumo viene rilevato rapidamente e tu puoi reagire in tempo. <\/li>\n<li><strong>Camere da letto:<\/strong> \u00e8 fondamentale installare rilevatori di fumo o rilevatori combinati nelle camere da letto o nelle loro vicinanze, in modo che l&#8217;allarme possa avvisare tutti durante la notte. In questo modo aumentano le possibilit\u00e0 che i residenti vengano svegliati in tempo in caso di incendio.  A tal fine, scegli un rilevatore di fumo Aroha Sleep Line senza LED di standby, come questo Aroha Safety Pro Combination Alarm Sleep Line.<\/li>\n<li><strong>Salotti:<\/strong> un rilevatore di fumo o un allarme combinato nel soggiorno \u00e8 importante, soprattutto se si utilizzano spesso apparecchi che possono provocare fumo e incendi, come il camino.<\/li>\n<li><strong>Vicino alle cucine:<\/strong> non \u00e8 consigliabile posizionare i rilevatori di fumo o i rilevatori combinati direttamente nelle cucine a causa del rischio di falsi allarmi causati dai fumi di cottura. Posiziona un rilevatore di fumo vicino alla cucina o opta per il nostro <strong>rilevatore di calore Aroha<\/strong> appositamente progettato intorno alla cucina per rilevare l&#8217;incendio in tempo. <\/li>\n<li><strong>Luoghi da evitare:<\/strong> evita i rilevatori di fumo o i rilevatori combinati in stanze ad alta umidit\u00e0, come bagni e garage, per evitare falsi allarmi.<\/li>\n<\/ul>\n<p><strong> <\/strong><\/p>\n<p><strong>Nota: questo rilevatore Aroha Safety Pro \u00e8 un rilevatore indipendente senza WiFi o interconnessione.<br \/>\n<\/strong>Preferisci un rilevatore che possa essere collegato a un&#8217;app tramite WiFi per creare una casa intelligente? Allora guarda i <g id=\"gid_2\">rilevatori Aroha Smart Connect<\/g>.<x id=\"gid_3\"><\/x>Preferisci l&#8217;interconnessione tra pi\u00f9 rilevatori di fumo, monossido di carbonio e combinati? Allora i <strong>rilevatori Aroha Link<\/strong> sono la scelta ideale.<br \/>\nSe vuoi combinare sia l&#8217;interconnessione che la connessione a un&#8217;app via WiFi, puoi scegliere il <strong>rilevatore di fumo Aroha Smart Connect &amp; Link<\/strong>.  <\/p>\n<p>&nbsp;<\/p>\n<h2>Contenuto della confezione:<\/h2>\n<ul>\n<li>Rivelatori di fumo e di monossido di carbonio combinati Aroha Safety Pro Sleep Line<\/li>\n<li>Batteria al litio integrata con durata fino a 10 anni<\/li>\n<li>Sensore fotoelettrico incorporato con durata fino a 10 anni<\/li>\n<li>Materiale di fissaggio con viti e tasselli<\/li>\n<li>Manuale in olandese, inglese, tedesco, francese, italiano, spagnolo e polacco<\/li>\n<li>Link alle istruzioni online, con una tabella di marcia completa per l&#8217;installazione, video di installazione, FAQ e supporto da parte di un team di specialisti.<\/li>\n<\/ul>\n","protected":false},"excerpt":{"rendered":"<p>L&#8217;allarme combinato Aroha Safety Pro Sleep Line offre una protezione affidabile contro gli incendi e l&#8217;avvelenamento da monossido di carbonio. Con il suo design adatto alla camera da letto e senza LED di standby, questo mini rilevatore di fumo appartiene alla Sleep Line di Aroha, progettata appositamente per garantire <strong>un sonno indisturbato<\/strong>. Puoi installare questo rilevatore autonomo di fumo e monossido di carbonio in un solo minuto e senza problemi.  <\/p>\n","protected":false},"featured_media":9138,"comment_status":"open","ping_status":"closed","template":"","meta":[],"product_brand":[],"product_cat":[180,201,184,192],"product_tag":[],"class_list":{"0":"post-9311","1":"product","2":"type-product","3":"status-publish","4":"has-post-thumbnail","6":"product_cat-serie-aroha-safety-pro-it","7":"product_cat-sleep","8":"product_cat-rivelatori-combinati-aroha","9":"product_cat-rivelatori-combinati-aroha-safety-pro","11":"first","12":"instock","13":"sale","14":"taxable","15":"shipping-taxable","16":"purchasable","17":"product-type-variable","18":"has-default-attributes"},"_links":{"self":[{"href":"https:\/\/aroha.nl\/it\/wp-json\/wp\/v2\/product\/9311","targetHints":{"allow":["GET"]}}],"collection":[{"href":"https:\/\/aroha.nl\/it\/wp-json\/wp\/v2\/product"}],"about":[{"href":"https:\/\/aroha.nl\/it\/wp-json\/wp\/v2\/types\/product"}],"replies":[{"embeddable":true,"href":"https:\/\/aroha.nl\/it\/wp-json\/wp\/v2\/comments?post=9311"}],"wp:featuredmedia":[{"embeddable":true,"href":"https:\/\/aroha.nl\/it\/wp-json\/wp\/v2\/media\/9138"}],"wp:attachment":[{"href":"https:\/\/aroha.nl\/it\/wp-json\/wp\/v2\/media?parent=9311"}],"wp:term":[{"taxonomy":"product_brand","embeddable":true,"href":"https:\/\/aroha.nl\/it\/wp-json\/wp\/v2\/product_brand?post=9311"},{"taxonomy":"product_cat","embeddable":true,"href":"https:\/\/aroha.nl\/it\/wp-json\/wp\/v2\/product_cat?post=9311"},{"taxonomy":"product_tag","embeddable":true,"href":"https:\/\/aroha.nl\/it\/wp-json\/wp\/v2\/product_tag?post=9311"}],"curies":[{"name":"wp","href":"https:\/\/api.w.org\/{rel}","templated":true}]}}