{"id":6753,"date":"2023-03-28T16:49:42","date_gmt":"2023-03-28T16:49:42","guid":{"rendered":"https:\/\/aroha.nl\/product\/rivelatore-di-co-aroha-safety-pro\/"},"modified":"2026-04-17T15:30:24","modified_gmt":"2026-04-17T14:30:24","slug":"safety-pro-co","status":"publish","type":"product","link":"https:\/\/aroha.nl\/it\/prodotto\/safety-pro-co\/","title":{"rendered":"Rivelatore di CO Aroha Safety Pro"},"content":{"rendered":"<h3>Sempre protetto dall&#8217;avvelenamento da monossido di carbonio<\/h3>\n<ul>\n<li><strong>Misurazione del CO in tempo reale:<\/strong> resta al sicuro e informato con il nostro allarme per il monossido di carbonio, dotato di un luminoso schermo LCD per la visualizzazione immediata e in tempo reale dei livelli di CO.<\/li>\n<li><strong>Allarmi avanzati:<\/strong> il misuratore di CO ti avverte con un forte allarme da 85 dB in caso di livelli pericolosi di monossido di carbonio. Rileva la minaccia invisibile e inodore del gas CO in modo da poter agire immediatamente e proteggere te stesso e la tua famiglia dai potenziali pericoli di una combustione incompleta, ad esempio in caldaie per il riscaldamento centrale, geyser o caminetti. <\/li>\n<li><strong>Allarme precoce:<\/strong> ricevi avvisi tempestivi in caso di basse concentrazioni di gas monossido di carbonio. Grazie ai sensori avanzati, sei gi\u00e0 avvisato di minimi aumenti dei livelli di CO, permettendoti di reagire rapidamente. <\/li>\n<\/ul>\n<h3>10 anni di sicurezza<\/h3>\n<ul>\n<li><strong>Batteria di 10 anni:<\/strong> funziona senza problemi grazie alla batteria al litio non sostituibile che garantisce 10 anni di protezione ininterrotta.<\/li>\n<li><strong>Sicurezza certificata:<\/strong> ampiamente testato e completamente certificato secondo gli standard CE (EN50291), questo rilevatore autonomo di monossido di carbonio con batteria decennale soddisfa i pi\u00f9 alti standard UE.<\/li>\n<li><strong>Design moderno con LED di standby: <\/strong>design elegante con un look moderno e un LED di standby che lampeggia una volta al minuto, confermando il funzionamento del rilevatore di CO.<\/li>\n<li><strong>Autotest intelligente:<\/strong> il rilevatore di CO esegue un autotest ogni minuto, per garantirti sempre una protezione affidabile.<\/li>\n<li><strong>Indicatore di batteria scarica: gli<\/strong> avvisi di manutenzione proattivi ti permettono di sapere in tempo quando la batteria \u00e8 scarica e il rilevatore di monossido di carbonio deve essere sostituito.<\/li>\n<\/ul>\n<h3>La massima facilit\u00e0 d&#8217;uso con Aroha Safety Pro<\/h3>\n<ul>\n<li><strong>Facile installazione: t<\/strong>utti i rilevatori di monossido di carbonio, i rilevatori di fumo e i rilevatori combinati di Aroha Safety Pro possono essere installati in meno di un minuto. L&#8217;installazione \u00e8 semplice grazie alle chiare istruzioni passo-passo, ai video di accompagnamento e al kit di viti e adesivi in dotazione. <\/li>\n<li><strong>Design facile da usare:<\/strong> facile da testare e silenziare grazie al design intelligente con il pulsante di test e di silenziamento sulla parte anteriore del rilevatore di CO.<\/li>\n<\/ul>\n<p>&nbsp;<\/p>\n<h2>Aroha: protezione antincendio dai Paesi Bassi<\/h2>\n<p>Come marchio olandese, mettiamo sempre al primo posto la tua sicurezza e la tua soddisfazione. I nostri innovativi rilevatori di fumo, rilevatori di calore, rilevatori di monossido di carbonio e rilevatori combinati soddisfano i pi\u00f9 alti standard europei grazie alla nostra esperienza e alla nostra attenzione alla qualit\u00e0. Il nostro team di specialisti \u00e8 soddisfatto solo quando lo sei tu!  <\/p>\n<p>&nbsp;<\/p>\n<h3>Dove posizionare il tuo rilevatore di monossido di carbonio?<\/h3>\n<p>Per saperne di pi\u00f9 sugli obblighi legali nel tuo Paese, leggi <a href=\"https:\/\/aroha.nl\/support\/\">qui<\/a>. Oltre a rispettare gli obblighi di legge, ti consigliamo di installare allarmi per il monossido di carbonio o rilevatori combinati di fumo e monossido di carbonio in qualsiasi stanza in cui siano presenti apparecchi a combustione, come caldaie per il riscaldamento centrale, stufe a gas, boiler o caminetti. Questi apparecchi possono emettere monossido di carbonio, un gas incolore, inodore e potenzialmente mortale. Un allarme CO vicino a questi apparecchi fornisce un rapido avviso in caso di accumulo pericoloso di monossido di carbonio, permettendoti di agire in tempo.  <\/p>\n<p><strong>Nota: questo rilevatore Aroha Safety Pro \u00e8 un rilevatore indipendente senza WiFi o interconnessione.<br \/>\n<\/strong>Preferisci un rilevatore che possa essere collegato a un&#8217;app tramite WiFi per creare una casa intelligente? Allora guarda i <strong>rilevatori Aroha Smart Connect<\/strong>.<br \/>\nPreferisci l&#8217;interconnessione tra pi\u00f9 rilevatori di fumo, monossido di carbonio e combinati? Allora i <strong>rilevatori Aroha Link<\/strong> sono la scelta ideale.<br \/>\nSe vuoi combinare sia l&#8217;interconnessione che la connessione a un&#8217;app via WiFi, puoi scegliere il <strong>rilevatore di fumo Aroha Smart Connect &amp; Link<\/strong>.  <\/p>\n<p>&nbsp;<\/p>\n<h3>Contenuto della confezione:<\/h3>\n<ul>\n<li>Rilevatore di monossido di carbonio\/rilevatore di CO Aroha Safety Pro<\/li>\n<li>Batteria al litio integrata con durata fino a 10 anni<\/li>\n<li>Sensore incorporato con durata fino a 10 anni<\/li>\n<li>Materiale di fissaggio con viti e tasselli<\/li>\n<li>Materiale di fissaggio con adesivo autoadesivo<\/li>\n<li>Manuale in olandese, inglese, tedesco, francese, italiano, spagnolo e polacco<\/li>\n<li>Link alle istruzioni online, con una tabella di marcia completa per l&#8217;installazione, video di installazione, FAQ e supporto da parte di un team di specialisti.<\/li>\n<\/ul>\n","protected":false},"excerpt":{"rendered":"<p>Il rilevatore di monossido di carbonio Aroha Safety Pro offre una protezione affidabile contro l&#8217;avvelenamento da monossido di carbonio. \u00c8 stato appositamente progettato per garantire la massima praticit\u00e0, con una durata della batteria e del sensore di 10 anni e una certificazione completa. Questo rilevatore di monossido di carbonio autonomo si installa in un solo minuto e senza problemi.  <\/p>\n","protected":false},"featured_media":5752,"comment_status":"open","ping_status":"closed","template":"","meta":[],"product_brand":[],"product_cat":[180,227,260],"product_tag":[],"class_list":{"0":"post-6753","1":"product","2":"type-product","3":"status-publish","4":"has-post-thumbnail","6":"product_cat-serie-aroha-safety-pro-it","7":"product_cat-rivelatori-di-co-aroha","8":"product_cat-rivelatori-di-co-aroha-safety-pro","10":"first","11":"instock","12":"sale","13":"taxable","14":"shipping-taxable","15":"purchasable","16":"product-type-variable","17":"has-default-attributes"},"_links":{"self":[{"href":"https:\/\/aroha.nl\/it\/wp-json\/wp\/v2\/product\/6753","targetHints":{"allow":["GET"]}}],"collection":[{"href":"https:\/\/aroha.nl\/it\/wp-json\/wp\/v2\/product"}],"about":[{"href":"https:\/\/aroha.nl\/it\/wp-json\/wp\/v2\/types\/product"}],"replies":[{"embeddable":true,"href":"https:\/\/aroha.nl\/it\/wp-json\/wp\/v2\/comments?post=6753"}],"wp:featuredmedia":[{"embeddable":true,"href":"https:\/\/aroha.nl\/it\/wp-json\/wp\/v2\/media\/5752"}],"wp:attachment":[{"href":"https:\/\/aroha.nl\/it\/wp-json\/wp\/v2\/media?parent=6753"}],"wp:term":[{"taxonomy":"product_brand","embeddable":true,"href":"https:\/\/aroha.nl\/it\/wp-json\/wp\/v2\/product_brand?post=6753"},{"taxonomy":"product_cat","embeddable":true,"href":"https:\/\/aroha.nl\/it\/wp-json\/wp\/v2\/product_cat?post=6753"},{"taxonomy":"product_tag","embeddable":true,"href":"https:\/\/aroha.nl\/it\/wp-json\/wp\/v2\/product_tag?post=6753"}],"curies":[{"name":"wp","href":"https:\/\/api.w.org\/{rel}","templated":true}]}}