{"id":6746,"date":"2023-03-28T16:51:22","date_gmt":"2023-03-28T16:51:22","guid":{"rendered":"https:\/\/aroha.nl\/product\/rivelatore-di-co-aroha-smart-connect\/"},"modified":"2026-03-09T15:04:52","modified_gmt":"2026-03-09T14:04:52","slug":"smart-connect-co","status":"publish","type":"product","link":"https:\/\/aroha.nl\/it\/prodotto\/smart-connect-co\/","title":{"rendered":"Rilevatore di CO Aroha Smart Connect"},"content":{"rendered":"<h3>Sempre online con Aroha Smart Connect<\/h3>\n<ul>\n<li><strong>Allarme istantaneo tramite app:<\/strong> avvisa entro 10 secondi con una notifica sul telefono collegato, oltre a un <strong>forte allarme di 85 dB<\/strong> dal rilevatore di monossido di carbonio collegato in modalit\u00e0 wireless.<\/li>\n<li><strong>Controllo e monitoraggio in un&#8217;unica app: <\/strong>con l&#8217;app gratuita Tuya Smart o SmartLife ricevi notifiche istantanee in caso di allarme, puoi controllare lo stato della batteria, disattivare il rilevatore e visualizzare gratuitamente la cronologia delle notifiche. Puoi anche personalizzare i nomi dei rilevatori, dividerli in &#8220;stanze&#8221; e condividere il controllo con altri utenti.  <u>Non \u00e8 possibile<\/u> leggere il valore attuale di CO nell&#8217;app.<\/li>\n<li><strong>Condividi il controllo:<\/strong> dai accesso sicuro al rilevatore di CO intelligente collegato, ad esempio, ai membri della tua famiglia. Come te, potranno visualizzare lo stato in tempo reale, ricevere notifiche di allarme e controllare il rilevatore tramite i loro account Tuya Smart o SmartLife. <\/li>\n<li><strong>Nessuna interconnessione:<\/strong> questo rilevatore smart funziona in modo indipendente. Non c&#8217;\u00e8 interconnessione wireless tra pi\u00f9 rilevatori e gli allarmi non vengono inoltrati in modo sincrono ad altri rilevatori Aroha Smart Connect. <\/li>\n<li><strong>Tuya o SmartLife:<\/strong> i rilevatori di fumo, monossido di carbonio e combinati Aroha Smart Connect funzionano <span style=\"text-decoration: underline;\">esclusivamente<\/span> con l&#8217;app Tuya Smart o con l&#8217;app SmartLife. Puoi collegare il rilevatore tramite WiFi a 2,4 GHz a una di queste due app. I rilevatori smart <em>non possono<\/em> essere collegati ad app o sistemi diversi da Tuya Smart e SmartLife.  <\/li>\n<\/ul>\n<h3>Sempre protetto dall&#8217;avvelenamento da monossido di carbonio<\/h3>\n<ul>\n<li><strong>Misurazione del CO in tempo reale:<\/strong> rimani al sicuro e informato con il nostro allarme per il monossido di carbonio, dotato di un luminoso schermo LCD per la visualizzazione immediata e in tempo reale del livello di CO. <u>Non \u00e8 possibile<\/u> leggere la lettura attuale del CO nell&#8217;app. <\/li>\n<li><strong>Allarmi avanzati:<\/strong> il misuratore di CO ti avvisa tramite una notifica nella tua app e un forte allarme da 85 dB in caso di livelli pericolosi di monossido di carbonio. Rileva la minaccia invisibile e inodore del gas CO in modo da poter agire immediatamente e proteggere te stesso e la tua famiglia dai potenziali pericoli di una combustione incompleta, ad esempio in caldaie per il riscaldamento centrale, geyser o caminetti. <\/li>\n<li><strong>Allarme precoce:<\/strong> ricevi avvisi tempestivi in caso di basse concentrazioni di gas monossido di carbonio. Grazie ai sensori avanzati, sei gi\u00e0 avvisato di minimi aumenti dei livelli di CO, permettendoti di reagire rapidamente. <\/li>\n<\/ul>\n<h3>10 anni di sicurezza<\/h3>\n<ul>\n<li><strong>Batteria di 10 anni:<\/strong> funziona senza problemi grazie alla batteria al litio non sostituibile che garantisce 10 anni di protezione ininterrotta.<\/li>\n<li><strong>Sicurezza certificata:<\/strong> ampiamente testato e completamente certificato secondo gli standard CE (EN50291), questo rilevatore di monossido di carbonio WiFi intelligente con batteria decennale soddisfa i pi\u00f9 alti standard dell&#8217;UE.<\/li>\n<li><strong>Design moderno con LED di standby: <\/strong>design elegante con un look moderno e un LED di standby che lampeggia una volta al minuto, confermando il funzionamento del rilevatore smart di CO.<\/li>\n<li><strong>Autotest intelligente:<\/strong> il rilevatore di CO WiFi esegue un autotest ogni minuto, garantendo una protezione affidabile in ogni momento.<\/li>\n<li><strong>Indicatore di batteria scarica: gli<\/strong> avvisi di manutenzione proattivi ti permettono di sapere in tempo quando la batteria \u00e8 scarica e il rilevatore intelligente di monossido di carbonio deve essere sostituito.<\/li>\n<\/ul>\n<h3>Facilit\u00e0 d&#8217;uso<\/h3>\n<ul>\n<li><strong>Installazione passo-passo: l<\/strong>&#8216;installazione del rilevatore intelligente di monossido di carbonio e la sua connessione al telefono tramite WiFi a 2,4 GHz sono semplici grazie alle istruzioni chiare e dettagliate, ai video di accompagnamento e al kit di viti e bastoni incluso. <u>Per collegare il rilevatore di CO Aroha Smart Connect all&#8217;app \u00e8 necessaria una rete WiFi a 2,4 GHz.<\/u><\/li>\n<li><strong>Design facile da usare:<\/strong> facile da testare e silenziare anche senza l&#8217;app collegata, grazie al design intelligente con il pulsante di test e di silenziamento.<\/li>\n<\/ul>\n<p>&nbsp;<\/p>\n<h2>Aroha: protezione antincendio dai Paesi Bassi<\/h2>\n<p>Come marchio olandese, mettiamo sempre al primo posto la tua sicurezza e la tua soddisfazione. I nostri innovativi rilevatori di fumo, rilevatori di calore, rilevatori di monossido di carbonio e rilevatori combinati soddisfano i pi\u00f9 alti standard europei grazie alla nostra esperienza e alla nostra attenzione alla qualit\u00e0. Il nostro team di specialisti \u00e8 soddisfatto solo quando lo sei tu!  <\/p>\n<p>&nbsp;<\/p>\n<h3>Dove posizionare il tuo rilevatore di monossido di carbonio?<\/h3>\n<p>Per saperne di pi\u00f9 sugli obblighi legali nel tuo Paese, leggi <a href=\"https:\/\/aroha.nl\/support\/\">qui<\/a>. Oltre a rispettare gli obblighi di legge, ti consigliamo di installare allarmi per il monossido di carbonio o rilevatori combinati di fumo e monossido di carbonio in qualsiasi stanza in cui siano presenti apparecchi a combustione, come caldaie per il riscaldamento centrale, stufe a gas, boiler o caminetti. Questi apparecchi possono emettere monossido di carbonio, un gas incolore, inodore e potenzialmente mortale. Un allarme CO vicino a questi apparecchi fornisce un rapido avviso in caso di accumulo pericoloso di monossido di carbonio, permettendoti di agire in tempo.  <\/p>\n<p>Posiziona il tuo rilevatore di monossido di carbonio Aroha Smart Connect nel raggio d&#8217;azione della rete WiFi a 2,4 GHz in modo che il rilevatore possa connettersi all&#8217;app. Non \u00e8 necessario che tu sia nel raggio d&#8217;azione della stessa rete WiFi per ricevere le notifiche. <\/p>\n<p><strong>Nota: questo rilevatore Aroha Smart Connect \u00e8 un rilevatore WiFi senza interconnessione. Per collegare il rilevatore intelligente all&#8217;app \u00e8 necessario il WiFi a 2,4 GHz.  Non \u00e8 necessario avere un abbonamento all&#8217;app Tuya o SmartLife per ricevere le notifiche o utilizzare le altre funzioni descritte.<br \/>\n<\/strong>Preferisci l&#8217;interconnessione tra pi\u00f9 rilevatori di fumo, monossido di carbonio e combinati, ma senza un&#8217;app? Allora i <strong>rilevatori Aroha Link<\/strong> sono la scelta ideale.<br \/>\nSe vuoi combinare sia l&#8217;interconnessione che la connessione a un&#8217;app tramite WiFi, puoi optare per il <strong>rilevatore di fumo Aroha Smart Connect &amp; Link<\/strong>.<br \/>\nPreferisci un rilevatore indipendente che puoi installare in un minuto? Allora scegli un <strong>rilevatore<\/strong> <strong>Aroha Safety Pro<\/strong>.  <\/p>\n<p>&nbsp;<\/p>\n<h3>Contenuto della confezione:<\/h3>\n<ul>\n<li>Rilevatore di monossido di carbonio\/rilevatore di CO Aroha Smart Connect<\/li>\n<li>Batteria al litio integrata con durata fino a 10 anni<\/li>\n<li>Sensore incorporato con durata fino a 10 anni<\/li>\n<li>Materiale di fissaggio con viti e tasselli<\/li>\n<li>Materiale di fissaggio con adesivo autoadesivo<\/li>\n<li>Manuale in olandese, inglese, tedesco, francese, italiano, spagnolo e polacco<\/li>\n<li>Link alle istruzioni online, con una tabella di marcia completa per l&#8217;installazione, video di installazione, FAQ e supporto da parte di un team di specialisti.<\/li>\n<\/ul>\n","protected":false},"excerpt":{"rendered":"<p>Prova un controllo e un monitoraggio senza precedenti con l&#8217;allarme per monossido di carbonio Aroha Smart Connect tramite l&#8217;app Tuya Smart o SmartLife. Monitora l&#8217;avvelenamento da monossido di carbonio a distanza e resta informato sugli allarmi anche quando sei fuori casa. Controlla il rilevatore di CO smart con batteria di 10 anni: ricevi notifiche gratuite in tempo reale sul tuo telefono, controlla lo stato della batteria e controlla l&#8217;app con il pulsante mute.  <\/p>\n","protected":false},"featured_media":5768,"comment_status":"open","ping_status":"closed","template":"","meta":[],"product_brand":[266],"product_cat":[168,227,257],"product_tag":[],"class_list":{"0":"post-6746","1":"product","2":"type-product","3":"status-publish","4":"has-post-thumbnail","6":"product_brand-aroha","7":"product_cat-smart-connect","8":"product_cat-rivelatori-di-co-aroha","9":"product_cat-rivelatori-di-co-aroha-smart-connect","11":"first","12":"instock","13":"sale","14":"taxable","15":"shipping-taxable","16":"purchasable","17":"product-type-variable","18":"has-default-attributes"},"_links":{"self":[{"href":"https:\/\/aroha.nl\/it\/wp-json\/wp\/v2\/product\/6746","targetHints":{"allow":["GET"]}}],"collection":[{"href":"https:\/\/aroha.nl\/it\/wp-json\/wp\/v2\/product"}],"about":[{"href":"https:\/\/aroha.nl\/it\/wp-json\/wp\/v2\/types\/product"}],"replies":[{"embeddable":true,"href":"https:\/\/aroha.nl\/it\/wp-json\/wp\/v2\/comments?post=6746"}],"wp:featuredmedia":[{"embeddable":true,"href":"https:\/\/aroha.nl\/it\/wp-json\/wp\/v2\/media\/5768"}],"wp:attachment":[{"href":"https:\/\/aroha.nl\/it\/wp-json\/wp\/v2\/media?parent=6746"}],"wp:term":[{"taxonomy":"product_brand","embeddable":true,"href":"https:\/\/aroha.nl\/it\/wp-json\/wp\/v2\/product_brand?post=6746"},{"taxonomy":"product_cat","embeddable":true,"href":"https:\/\/aroha.nl\/it\/wp-json\/wp\/v2\/product_cat?post=6746"},{"taxonomy":"product_tag","embeddable":true,"href":"https:\/\/aroha.nl\/it\/wp-json\/wp\/v2\/product_tag?post=6746"}],"curies":[{"name":"wp","href":"https:\/\/api.w.org\/{rel}","templated":true}]}}