{"id":6734,"date":"2024-01-01T16:05:13","date_gmt":"2024-01-01T16:05:13","guid":{"rendered":"https:\/\/aroha.nl\/product\/rivelatore-di-fumo-aroha-smart-connect-link\/"},"modified":"2026-03-08T01:42:57","modified_gmt":"2026-03-08T00:42:57","slug":"smart-connect-link-smoke","status":"publish","type":"product","link":"https:\/\/aroha.nl\/it\/prodotto\/smart-connect-link-smoke\/","title":{"rendered":"Rilevatore di fumo Aroha Smart Connect &amp; Link"},"content":{"rendered":"<h3>Sempre online con Aroha Smart Connect<\/h3>\n<ul>\n<li><strong>Allarme istantaneo tramite app:<\/strong> se un rilevatore di fumo, calore, monossido di carbonio e\/o combinazione di Aroha Link rileva un pericolo, tutti i rilevatori si attivano immediatamente con <strong>un forte allarme da 85 dB<\/strong>. Il rilevatore di fumo Aroha Smart Connect &amp; Link invia quindi una singola notifica push all&#8217;app gratuita Tuya Smart o SmartLife a nome dell&#8217;intero gruppo interconnesso, gratuitamente. Di conseguenza, sarai immediatamente avvisato di un allarme all&#8217;interno dell&#8217;intera rete interconnessa, ovunque tu sia. <em>Non<\/em> vedrai da quale rilevatore \u00e8 partito l&#8217;allarme.   <\/li>\n<li><strong>Condividi il controllo:<\/strong> dai accesso sicuro e gratuito al rilevatore di fumo Aroha Smart Connect &amp; Link, ad esempio, ai membri della tua famiglia. Come te, potranno visualizzare lo stato in tempo reale e ricevere notifiche di allarme tramite i loro account Tuya Smart o SmartLife. <\/li>\n<li><strong>Tuya o SmartLife:<\/strong> il rilevatore di fumo smart Aroha Smart Connect &amp; Link funziona esclusivamente con l&#8217;app Tuya Smart o con l&#8217;app SmartLife. Puoi collegare il rilevatore a una di queste due app tramite WiFi a 2,4 GHz. Il rilevatore smart <em>non pu\u00f2<\/em> collegarsi ad altre app o sistemi diversi da Tuya Smart e SmartLife.  <\/li>\n<\/ul>\n<h3>Suona l&#8217;allarme in qualsiasi stanza con Aroha Link<\/h3>\n<ul>\n<li><strong>Allarmi sincronizzati:<\/strong> Con i rilevatori di fumo, i rilevatori di calore, i rilevatori di monossido di carbonio e i rilevatori combinati di Aroha Link crei una potente rete interconnessa che copre tutta la tua casa. Non perderai mai pi\u00f9 un allarme in casa tua! <\/li>\n<li><strong>Rete espandibile:<\/strong> Espandi facilmente fino a <strong>30<\/strong> rilevatori Aroha Link, senza bisogno di un hub, con una portata di trasmissione fino a 100 metri senza ostacoli (pareti, soffitti, ecc.).<\/li>\n<\/ul>\n<h3>10 anni di sicurezza<\/h3>\n<ul>\n<li><strong>Batteria di 10 anni:<\/strong> funziona senza problemi grazie alla batteria al litio non sostituibile che garantisce 10 anni di protezione ininterrotta.<\/li>\n<li><strong>Sensori fotoelettrici avanzati:<\/strong> questi innovativi sensori rilevano il fumo di incendi che divampano lentamente (ad esempio, cavi elettrici) in modo pi\u00f9 rapido ed efficace.<\/li>\n<li><strong>Sicurezza certificata:<\/strong> ampiamente testato e completamente certificato secondo gli standard CE (EN14604), questo rilevatore di fumo wireless collegabile con WiFi e batteria di 10 anni soddisfa i pi\u00f9 alti standard UE.<\/li>\n<li><strong>Design moderno con LED di standby: <\/strong>design elegante con un look moderno e un LED di standby che lampeggia una volta al minuto, confermando il funzionamento dell&#8217;allarme antincendio intelligente collegabile.<\/li>\n<li><strong>Autotest intelligente:<\/strong> il rilevatore antincendio intelligente esegue un autotest ogni minuto, garantendo una protezione affidabile in ogni momento.<\/li>\n<li><strong>Indicatore di batteria scarica: gli<\/strong> avvisi di manutenzione proattivi ti permettono di sapere in tempo quando la batteria \u00e8 scarica e il rilevatore di fumo collegabile deve essere sostituito.<\/li>\n<\/ul>\n<h3>Facilit\u00e0 d&#8217;uso<\/h3>\n<ul>\n<li><strong>Installazione passo-passo: l<\/strong>&#8216;installazione del rilevatore di fumo intelligente collegabile, il processo di interconnessione e il processo di connessione al telefono tramite WiFi a 2,4 GHz sono facilitati da istruzioni chiare e dettagliate, video di accompagnamento e un kit di viti incluso. <u>Per collegare il rilevatore di fumo Aroha Smart Connect &amp; Link all&#8217;app \u00e8 necessaria una rete WiFi a 2,4 GHz. I rilevatori Aroha Link non possono essere collegati all&#8217;app. <\/u><\/li>\n<li><strong>Design facile da usare:<\/strong> facile da testare e silenziare grazie al design intelligente con l&#8217;intera parte anteriore del rilevatore di fumo come pulsante di test e di silenziamento. Quando silenzi o testi un rilevatore, tutti i rilevatori Aroha Link collegati in modalit\u00e0 wireless si uniscono automaticamente. <\/li>\n<li><strong>Ideale per i luoghi difficili da raggiungere:<\/strong> puoi premere il pulsante di test e di silenziamento con il manico della scopa, rimanendo al sicuro a terra. Grazie alla durata della batteria di 10 anni, non \u00e8 necessario cambiare le batterie. <\/li>\n<\/ul>\n<p>&nbsp;<\/p>\n<h2>Aroha: protezione antincendio dai Paesi Bassi<\/h2>\n<p>Come marchio olandese, mettiamo sempre al primo posto la tua sicurezza e la tua soddisfazione. I nostri innovativi rilevatori di fumo, rilevatori di calore, rilevatori di monossido di carbonio e rilevatori combinati soddisfano i pi\u00f9 alti standard europei grazie alla nostra esperienza e alla nostra attenzione alla qualit\u00e0. Il nostro team di specialisti \u00e8 soddisfatto solo quando lo sei tu!  <\/p>\n<p>&nbsp;<\/p>\n<h3>Dove posizionare il tuo rilevatore di fumo?<\/h3>\n<p>Per saperne di pi\u00f9 sugli obblighi di legge nel tuo paese, leggi <a href=\"https:\/\/aroha.nl\/support\/\">qui<\/a>. Oltre a rispettare gli obblighi di legge, ti consigliamo di ottimizzare la sicurezza antincendio della tua casa installando dei rilevatori di fumo in punti strategici: <\/p>\n<ul>\n<li><strong>Vie di fuga:<\/strong> colloca i rilevatori di fumo nei corridoi e vicino alle scale, soprattutto se conducono alle camere da letto. In questo modo il fumo viene rilevato rapidamente e tu puoi reagire in tempo. <\/li>\n<li><strong>Camere da letto:<\/strong> \u00e8 fondamentale installare dei rilevatori di fumo nelle camere da letto o nelle loro vicinanze, in modo che l&#8217;allarme possa avvisare tutti durante la notte. In questo modo aumentano le possibilit\u00e0 che i residenti vengano svegliati in tempo in caso di incendio.  In questo modo, scegli un rilevatore di fumo Sleep Line adatto alla camera da letto e senza LED di standby.<\/li>\n<li><strong>Salotti:<\/strong> un rilevatore di fumo in soggiorno \u00e8 importante, soprattutto se si utilizzano spesso apparecchi che possono provocare fumo e incendi, come il camino.<\/li>\n<li><strong>Vicino alle cucine:<\/strong> non \u00e8 consigliabile posizionare i rilevatori di fumo direttamente nelle cucine a causa del rischio di falsi allarmi causati dai fumi di cottura. Posiziona un rilevatore di fumo vicino alla cucina o opta per il nostro <strong>rilevatore di calore Aroha<\/strong> appositamente progettato intorno alla cucina per rilevare l&#8217;incendio in tempo. <\/li>\n<li><strong>Nel raggio d&#8217;azione della rete WiFi a 2,4 GHz:<\/strong> Posiziona il tuo rilevatore di fumo Aroha Smart Connect &amp; Link nel raggio d&#8217;azione della rete WiFi a 2,4 GHz in modo che il rilevatore possa connettersi all&#8217;app. Non \u00e8 necessario che tu sia nel raggio di questa stessa rete WiFi per ricevere le notifiche.  Gli altri rilevatori Aroha Link non sono collegati all&#8217;app e quindi non devono trovarsi nel raggio di una rete WiFi.<\/li>\n<li><strong>Nel raggio d&#8217;azione del gruppo interconnesso:<\/strong> i rilevatori Aroha Link hanno un raggio di trasmissione fino a 100 metri senza ostacoli, come pareti, porte e soffitti. Assicurati che i rilevatori Aroha Link siano nel raggio d&#8217;azione l&#8217;uno dell&#8217;altro in modo che possano attivare allarmi sincroni. <\/li>\n<li><strong>Luoghi da evitare:<\/strong> evita i rilevatori di fumo in aree ad alta umidit\u00e0, come bagni e garage, per evitare falsi allarmi.<\/li>\n<\/ul>\n<p><strong> <\/strong><\/p>\n<h3>Domande frequenti:<\/h3>\n<ol>\n<li><strong>Quanti rilevatori vedo nell&#8217;app?  <\/strong>Nell&#8217;app Tuya Smart o SmartLife sono visibili solo i rilevatori Aroha Smart Connect (&amp; Link) connessi tramite WiFi a 2,4 GHz. I rilevatori Aroha Link non vengono visualizzati nell&#8217;app. Grazie all&#8217;interconnessione tra il rilevatore di fumo Aroha Smart Connect &amp; Link e i rilevatori Aroha Link, riceverai le notifiche degli allarmi che si verificano nel gruppo.  <\/li>\n<li><strong>Cosa succede se scatta un allarme nel gruppo interconnesso?<\/strong>  Ricevi una notifica sull&#8217;app tramite il tuo Aroha Smart Connect &amp; Link Smoke Detector. Vedrai solo che \u00e8 scattato un allarme nel gruppo, ma non dove \u00e8 partito l&#8217;allarme originale. <\/li>\n<li><strong>Posso aggiungere il rilevatore di fumo Aroha Smart Connect &amp; Link con WiFi alla mia rete Aroha Link esistente?  <\/strong>S\u00ec, puoi collegarlo alla tua rete esistente di 30 rilevatori di fumo, calore, monossido di carbonio e combinati Aroha Link, purch\u00e9 si trovino nel raggio di 100 metri (senza ostacoli).<\/li>\n<li><strong>Cosa succede se utilizzo il tasto mute nell&#8217;app?  <\/strong>Solo il rilevatore di fumo Aroha Smart Connect &amp; Link viene silenziato; gli altri rilevatori interconnessi rimangono attivi. Puoi disattivarli utilizzando l&#8217;apposito pulsante presente sui rilevatori. <\/li>\n<li><strong>Posso collegare pi\u00f9 allarmi antifumo Aroha Smart Connect &amp; Link?  <\/strong>S\u00ec, puoi collegare questi rilevatori di fumo tra loro e gestirli singolarmente tramite la tua app, ovunque tu sia. Vedrai tutti i rilevatori di fumo Aroha Smart Connect &amp; Link nella tua app Tuya Smart o SmartLife, compreso lo stato della batteria. Puoi disattivarli singolarmente, ma se un allarme scatta, riceverai pi\u00f9 notifiche nell&#8217;app. Non puoi vedere da dove proviene l&#8217;allarme; tutti i rilevatori si allarmano allo stesso tempo.   <\/li>\n<\/ol>\n<p><strong>Nota: questo rilevatore di fumo Aroha Smart Connect &amp; Link \u00e8 un rilevatore WiFi con interconnessione ai rilevatori Aroha Link. Non \u00e8 necessario avere un abbonamento all&#8217;app Tuya o SmartLife per ricevere le notifiche o utilizzare le altre funzionalit\u00e0 descritte.<br \/>\n<\/strong>Preferisci l&#8217;interconnessione tra pi\u00f9 rilevatori di fumo, monossido di carbonio e combinati, ma senza un&#8217;app? Allora i <strong>rilevatori Aroha Link<\/strong> sono la scelta ideale.<br \/>\nSe preferisci solo connetterti a un&#8217;app via WiFi per vedere dove \u00e8 stato rilevato un allarme, puoi scegliere un <strong>rilevatore Aroha Smart Connect <\/strong>&amp; <strong>Link <\/strong>senza interconnessione.<br \/>\nPreferisci un rilevatore autonomo che si installa in un minuto? Allora scegli un <strong>rilevatore<\/strong> <strong>Aroha Safety Pro<\/strong>.  <\/p>\n<p>&nbsp;<\/p>\n<h3>Contenuto della confezione:<\/h3>\n<ul>\n<li>1x Rivelatore di fumo Aroha Smart Connect &amp; Link<\/li>\n<li>Per il multiset: 1-2-4x Aroha Link Smoke Detector(s)<\/li>\n<li>Batteria al litio integrata con durata fino a 10 anni<\/li>\n<li>Sensore fotoelettrico incorporato con durata fino a 10 anni<\/li>\n<li>Materiale di fissaggio con viti e tasselli<\/li>\n<li>Manuale in olandese, inglese, tedesco, francese, italiano, spagnolo e polacco<\/li>\n<li>Link alle istruzioni online, con una tabella di marcia completa per l&#8217;installazione, video di installazione, FAQ e supporto da parte di un team di specialisti.<\/li>\n<\/ul>\n","protected":false},"excerpt":{"rendered":"<p>I rilevatori Aroha Link sono interconnessi <strong>in modalit\u00e0 wireless<\/strong>, in modo che quando viene rilevato del fumo, il forte allarme da 85 dB suona contemporaneamente su tutti i rilevatori. Inoltre, il rilevatore di fumo Aroha Smart Connect &amp; Link \u00e8 collegato all&#8217;app gratuita Tuya Smart o SmartLife, mettendo nelle tue mani <strong>il pieno controllo e monitoraggio<\/strong>. In caso di allarme, riceverai immediatamente una <strong>notifica push<\/strong> gratuita sul tuo telefono, in modo da essere avvisato sempre e ovunque.  <\/p>\n","protected":false},"featured_media":5800,"comment_status":"open","ping_status":"closed","template":"","meta":[],"product_brand":[266],"product_cat":[177,168,167,178,165],"product_tag":[],"class_list":{"0":"post-6734","1":"product","2":"type-product","3":"status-publish","4":"has-post-thumbnail","6":"product_brand-aroha","7":"product_cat-link","8":"product_cat-smart-connect","9":"product_cat-rivelatori-di-fumo-aroha","10":"product_cat-rivelatori-di-fumo-aroha-link","11":"product_cat-rivelatori-di-fumo-aroha-smart-connect","13":"first","14":"instock","15":"sale","16":"taxable","17":"shipping-taxable","18":"purchasable","19":"product-type-variable","20":"has-default-attributes"},"_links":{"self":[{"href":"https:\/\/aroha.nl\/it\/wp-json\/wp\/v2\/product\/6734","targetHints":{"allow":["GET"]}}],"collection":[{"href":"https:\/\/aroha.nl\/it\/wp-json\/wp\/v2\/product"}],"about":[{"href":"https:\/\/aroha.nl\/it\/wp-json\/wp\/v2\/types\/product"}],"replies":[{"embeddable":true,"href":"https:\/\/aroha.nl\/it\/wp-json\/wp\/v2\/comments?post=6734"}],"wp:featuredmedia":[{"embeddable":true,"href":"https:\/\/aroha.nl\/it\/wp-json\/wp\/v2\/media\/5800"}],"wp:attachment":[{"href":"https:\/\/aroha.nl\/it\/wp-json\/wp\/v2\/media?parent=6734"}],"wp:term":[{"taxonomy":"product_brand","embeddable":true,"href":"https:\/\/aroha.nl\/it\/wp-json\/wp\/v2\/product_brand?post=6734"},{"taxonomy":"product_cat","embeddable":true,"href":"https:\/\/aroha.nl\/it\/wp-json\/wp\/v2\/product_cat?post=6734"},{"taxonomy":"product_tag","embeddable":true,"href":"https:\/\/aroha.nl\/it\/wp-json\/wp\/v2\/product_tag?post=6734"}],"curies":[{"name":"wp","href":"https:\/\/api.w.org\/{rel}","templated":true}]}}