{"id":6649,"date":"2024-10-24T13:13:02","date_gmt":"2024-10-24T13:13:02","guid":{"rendered":"https:\/\/aroha.nl\/product\/rivelatore-di-calore-fumo-aroha-link\/"},"modified":"2026-03-19T17:30:06","modified_gmt":"2026-03-19T16:30:06","slug":"aroha-link-heat-smoke","status":"publish","type":"product","link":"https:\/\/aroha.nl\/it\/prodotto\/aroha-link-heat-smoke\/","title":{"rendered":"Rilevatore di calore\/fumo Aroha Link Sleep Line"},"content":{"rendered":"<h3>Scegli tra il rilevamento del calore o del fumo<\/h3>\n<ul>\n<li><strong>Impostazioni flessibili:<\/strong> Con il rilevatore di calore\/fumo Aroha Link puoi scegliere facilmente tra il rilevamento del calore o del fumo, in modo da selezionare l&#8217;impostazione pi\u00f9 adatta alla tua situazione. Questo rilevatore <u>non pu\u00f2<\/u> rilevare contemporaneamente fumo e calore; devi scegliere tra la modalit\u00e0 di rilevamento del fumo e quella del calore. <\/li>\n<li><strong>Il rilevatore di calore evita i falsi allarmi:<\/strong> I rilevatori di calore sono meno sensibili al fumo e al vapore, quindi sono ideali per aree come la cucina e il bagno, dove il calore e il vapore sono comuni.<\/li>\n<li><strong>Rilevamento del calore:<\/strong> quando \u00e8 impostato sul rilevamento del calore, il rilevatore risponde alle improvvise variazioni di temperatura che possono indicare un incendio. Questa funzione \u00e8 particolarmente efficace per gli incendi che non producono fumo, come ad esempio alcuni incendi elettrici. <\/li>\n<\/ul>\n<h3>Suona l&#8217;allarme in qualsiasi stanza con Aroha Link<\/h3>\n<ul>\n<li><strong>Allarmi sincronizzati:<\/strong> Con i rilevatori di fumo, i rilevatori di calore, i rilevatori di monossido di carbonio e i rilevatori combinati di Aroha Link crei una potente rete interconnessa che copre tutta la tua casa. Non perderai mai pi\u00f9 un allarme in casa tua! <\/li>\n<li><strong>Rete espandibile:<\/strong> Espandi facilmente fino a <strong>30<\/strong> rilevatori Aroha Link, senza bisogno di un hub, con una portata di trasmissione fino a 100 metri senza ostacoli (pareti, soffitti, ecc.).<\/li>\n<li><strong>Forte allarme da 85 dB:<\/strong> il potente allarme da 85 dB ti avvisa entro 10 secondi tramite tutti i rilevatori Aroha Link interconnessi. Questo ti permette di reagire rapidamente, dato che un incendio domestico pu\u00f2 diffondersi in soli 3 minuti. \u00c8 fondamentale che tu senta subito l&#8217;allarme e possa agire rapidamente.  <\/li>\n<\/ul>\n<h3>10 anni di sicurezza<\/h3>\n<ul>\n<li><strong>Batteria di 10 anni:<\/strong> funziona senza problemi grazie alla batteria al litio non sostituibile che garantisce 10 anni di protezione ininterrotta.<\/li>\n<li><strong>Sensori fotoelettrici avanzati:<\/strong> questi innovativi sensori rilevano il fumo di incendi che divampano lentamente (ad esempio, cavi elettrici) in modo pi\u00f9 rapido ed efficace.<\/li>\n<li><strong>Sicurezza certificata:<\/strong> ampiamente testato e completamente certificato secondo gli standard CE (EN14604), questo rilevatore di calore o fumo collegabile in modalit\u00e0 wireless con batteria di 10 anni soddisfa i pi\u00f9 alti standard UE.<\/li>\n<li><strong>Autotest intelligente:<\/strong> il rilevatore di calore\/allarme antincendio collegabile esegue un autotest ogni minuto, garantendo una protezione affidabile in ogni momento.<\/li>\n<li><strong>Indicatore di batteria scarica: gli<\/strong> avvisi di manutenzione proattivi ti permettono di sapere in tempo quando la batteria \u00e8 scarica e il rilevatore di calore\/fumo deve essere sostituito.<\/li>\n<\/ul>\n<h3>Facile da usare e da letto<\/h3>\n<ul>\n<li><strong>Sonno indisturbato:<\/strong> dormi sonni tranquilli e sicuri grazie al design intelligente di Aroha Sleep Line. La luce LED lampeggia solo quando suona una sveglia, senza fastidiosi LED di standby, cos\u00ec puoi dormire indisturbato in una stanza buia e silenziosa, con la tranquillit\u00e0 di una protezione completa. <\/li>\n<li><strong>Design facile da usare:<\/strong> facile da testare e silenziare grazie al design intelligente con l&#8217;intera parte anteriore del rilevatore di fumo come pulsante di test e di silenziamento. Quando silenzi o testi un rilevatore, tutti i rilevatori Aroha Link collegati in modalit\u00e0 wireless si uniscono automaticamente. <\/li>\n<li><strong>Ideale per i luoghi difficili da raggiungere:<\/strong> puoi premere il pulsante di test e di silenziamento con il manico della scopa, rimanendo al sicuro a terra. Grazie alla durata della batteria di 10 anni, non \u00e8 necessario cambiare le batterie. <\/li>\n<\/ul>\n<p>&nbsp;<\/p>\n<h2>Aroha: protezione antincendio dai Paesi Bassi<\/h2>\n<p>Come marchio olandese, mettiamo sempre al primo posto la tua sicurezza e la tua soddisfazione. I nostri innovativi rilevatori di fumo, rilevatori di calore, rilevatori di monossido di carbonio e rilevatori combinati soddisfano i pi\u00f9 alti standard europei grazie alla nostra esperienza e alla nostra attenzione alla qualit\u00e0. Il nostro team di specialisti \u00e8 soddisfatto solo quando lo sei tu!  <\/p>\n<p>&nbsp;<\/p>\n<h3>Dove posizionare il tuo rilevatore di calore\/fumo?<\/h3>\n<p>Per saperne di pi\u00f9 sugli obblighi legali nel tuo Paese, leggi <a href=\"https:\/\/aroha.nl\/support\/\">qui<\/a>. Oltre a rispettare gli obblighi di legge, ti consigliamo di ottimizzare la sicurezza antincendio della tua casa installando rilevatori di calore\/fumo in punti strategici:<\/p>\n<ul>\n<li><strong>Vie di fuga:<\/strong> colloca i rilevatori di fumo nei corridoi e vicino alle scale, soprattutto se conducono alle camere da letto. In questo modo il fumo viene rilevato rapidamente e tu puoi reagire in tempo. <\/li>\n<li><strong>Camere da letto:<\/strong> \u00e8 fondamentale installare dei rilevatori di fumo nelle camere da letto o nelle loro vicinanze, in modo che l&#8217;allarme possa avvisare tutti durante la notte. In questo modo aumentano le possibilit\u00e0 che i residenti vengano svegliati in tempo in caso di incendio.  Per farlo, scegli un rilevatore di fumo Sleep Line adatto alla camera da letto e senza LED di standby, come questo <strong>rilevatore di calore\/incendio<\/strong> interconnettibile <strong>Aroha Link<\/strong>.<\/li>\n<li><strong>Salotti:<\/strong> un rilevatore di fumo in soggiorno \u00e8 importante, soprattutto se si utilizzano spesso apparecchi che possono provocare fumo e incendi, come il camino.<\/li>\n<li><strong>Cucine:<\/strong> <u>non \u00e8<\/u> consigliabile installare rilevatori di fumo direttamente nelle cucine a causa del rischio di falsi allarmi causati dai fumi di cottura. Posiziona questo rilevatore di calore\/fumo in <strong>modalit\u00e0 calore<\/strong> per rilevare l&#8217;incendio in tempo. <\/li>\n<li><strong>Bagni, garage:<\/strong> Evita di posizionare i rilevatori di fumo in aree ad alta umidit\u00e0, come bagni e garage, per evitare falsi allarmi. Posiziona questo rilevatore di calore\/fumo in <strong>modalit\u00e0 calore<\/strong> per rilevare l&#8217;incendio in tempo. <\/li>\n<li><strong>Nel raggio d&#8217;azione del gruppo interconnesso:<\/strong> i rilevatori Aroha Link hanno un raggio di trasmissione fino a 100 metri senza ostacoli, come pareti, porte e soffitti. Assicurati che i rilevatori Aroha Link siano nel raggio d&#8217;azione l&#8217;uno dell&#8217;altro in modo che possano attivare allarmi sincroni. <\/li>\n<\/ul>\n<p><strong>Nota: questo rilevatore Aroha Link \u00e8 un rilevatore interconnettibile senza WiFi.  <\/strong><br \/>\nPreferisci un rilevatore che possa essere collegato a un&#8217;app tramite WiFi, ma che non abbia alcuna interconnessione? Allora guarda i rilevatori Aroha Smart Connect. Se vuoi combinare sia l&#8217;interconnessione che la connessione a un&#8217;app tramite WiFi, puoi scegliere il <strong>rilevatore di fumo Aroha Smart Connect &amp; Link<\/strong>. Preferisci un rilevatore indipendente che puoi installare in un minuto? Allora scegli un rilevatore <strong>Aroha Safety Pro<\/strong>.    <\/p>\n<p>&nbsp;<\/p>\n<h3>Contenuto della confezione:<\/h3>\n<ul>\n<li>Rilevatore di calore\/fumo Aroha Link Sleep Line<\/li>\n<li>Batteria al litio integrata con durata fino a 10 anni<\/li>\n<li>Sensore fotoelettrico incorporato con durata fino a 10 anni<\/li>\n<li>Materiale di fissaggio con viti e tasselli<\/li>\n<li>Manuale in olandese, inglese, tedesco, francese, italiano, spagnolo e polacco<\/li>\n<li>Link alle istruzioni online, con una tabella di marcia completa per l&#8217;installazione, video di installazione, FAQ e supporto da parte di un team di specialisti.<\/li>\n<\/ul>\n","protected":false},"excerpt":{"rendered":"<p>Proteggi la tua casa con una rete interconnessa di rilevatori di fumo\/calore Aroha Link. In caso di pericolo, il potente allarme da 85 dB si attiva tramite tutti i rilevatori di fumo, calore, monossido di carbonio e combinati Aroha Link collegati, cos\u00ec non perderai mai un allarme in casa. Con il suo design ideale per la camera da letto e l&#8217;assenza di LED di standby, questo rilevatore di fumo fa parte della linea Aroha Sleep, appositamente progettata per un sonno ristoratore.  <\/p>\n","protected":false},"featured_media":5664,"comment_status":"open","ping_status":"closed","template":"","meta":[],"product_brand":[],"product_cat":[177,201,202,203,167,178],"product_tag":[],"class_list":{"0":"post-6649","1":"product","2":"type-product","3":"status-publish","4":"has-post-thumbnail","6":"product_cat-link","7":"product_cat-sleep","8":"product_cat-calore","9":"product_cat-rivelatori-di-calore-fumo-aroha-link","10":"product_cat-rivelatori-di-fumo-aroha","11":"product_cat-rivelatori-di-fumo-aroha-link","13":"first","14":"instock","15":"taxable","16":"shipping-taxable","17":"purchasable","18":"product-type-variable","19":"has-default-attributes"},"_links":{"self":[{"href":"https:\/\/aroha.nl\/it\/wp-json\/wp\/v2\/product\/6649","targetHints":{"allow":["GET"]}}],"collection":[{"href":"https:\/\/aroha.nl\/it\/wp-json\/wp\/v2\/product"}],"about":[{"href":"https:\/\/aroha.nl\/it\/wp-json\/wp\/v2\/types\/product"}],"replies":[{"embeddable":true,"href":"https:\/\/aroha.nl\/it\/wp-json\/wp\/v2\/comments?post=6649"}],"wp:featuredmedia":[{"embeddable":true,"href":"https:\/\/aroha.nl\/it\/wp-json\/wp\/v2\/media\/5664"}],"wp:attachment":[{"href":"https:\/\/aroha.nl\/it\/wp-json\/wp\/v2\/media?parent=6649"}],"wp:term":[{"taxonomy":"product_brand","embeddable":true,"href":"https:\/\/aroha.nl\/it\/wp-json\/wp\/v2\/product_brand?post=6649"},{"taxonomy":"product_cat","embeddable":true,"href":"https:\/\/aroha.nl\/it\/wp-json\/wp\/v2\/product_cat?post=6649"},{"taxonomy":"product_tag","embeddable":true,"href":"https:\/\/aroha.nl\/it\/wp-json\/wp\/v2\/product_tag?post=6649"}],"curies":[{"name":"wp","href":"https:\/\/api.w.org\/{rel}","templated":true}]}}