{"id":6462,"date":"2023-03-28T16:26:17","date_gmt":"2023-03-28T16:26:17","guid":{"rendered":"https:\/\/aroha.nl\/product\/aroha-smart-connect-allarme-combinato-con-rilevatore-di-fumo-e-rilevatore-di-monossido-di-carbonio\/"},"modified":"2026-05-11T14:30:57","modified_gmt":"2026-05-11T13:30:57","slug":"smart-connect-combination","status":"publish","type":"product","link":"https:\/\/aroha.nl\/it\/prodotto\/smart-connect-combination\/","title":{"rendered":"Rivelatore combinato Aroha Smart Connect"},"content":{"rendered":"<h3>Sempre online con Aroha Smart Connect<\/h3>\n<ul>\n<li><strong>Allarme istantaneo tramite app:<\/strong> avvisa entro 10 secondi con una notifica sul telefono collegato, oltre a un <strong>forte allarme di 85 dB<\/strong> dal rilevatore di fumo e monossido di carbonio collegato in modalit\u00e0 wireless.<\/li>\n<li><strong>Controllo e monitoraggio in un&#8217;unica app: <\/strong>con l&#8217;app gratuita Tuya Smart o SmartLife ricevi notifiche istantanee in caso di allarme, puoi controllare lo stato della batteria, disattivare il rilevatore e visualizzare gratuitamente la cronologia delle notifiche. Puoi anche personalizzare i nomi dei rilevatori, dividerli in &#8220;stanze&#8221; e condividere il controllo con altri utenti.  <u>Non \u00e8 possibile<\/u> leggere il valore attuale di CO nell&#8217;app.<\/li>\n<li><strong>Condividi il controllo:<\/strong> dai accesso sicuro al rilevatore combinato intelligente collegato, ad esempio, ai membri della tua famiglia. Come te, potranno visualizzare lo stato in tempo reale, ricevere notifiche di allarme e controllare il rilevatore tramite i loro account Tuya Smart o SmartLife. <\/li>\n<li><strong>Nessuna interconnessione:<\/strong> questo rilevatore smart funziona in modo indipendente. Non c&#8217;\u00e8 interconnessione wireless tra pi\u00f9 rilevatori e gli allarmi non vengono inoltrati in modo sincrono ad altri rilevatori Aroha Smart Connect. <\/li>\n<li><strong>Tuya o SmartLife:<\/strong> i rilevatori di fumo, monossido di carbonio e combinati Aroha Smart Connect funzionano <span style=\"text-decoration: underline;\">esclusivamente<\/span> con l&#8217;app Tuya Smart o con l&#8217;app SmartLife. Puoi collegare il rilevatore tramite WiFi a 2,4 GHz a una di queste due app. I rilevatori smart <em>non possono<\/em> essere collegati ad app o sistemi diversi da Tuya Smart e SmartLife.  <\/li>\n<\/ul>\n<h3>Doppia protezione contro fumo e CO<\/h3>\n<ul>\n<li><strong>Sicurezza 2 in 1:<\/strong> un rilevatore combinato WiFi che rileva sia il fumo che il monossido di carbonio. Nessun problema con pi\u00f9 rilevatori, ma una sicurezza istantanea e completa contro i due principali pericoli: l&#8217;incendio e l&#8217;avvelenamento da monossido di carbonio. <\/li>\n<li><strong>Allarmi CO avanzati:<\/strong> il misuratore di CO ti avverte con un forte allarme da 85 dB in caso di livelli pericolosi di monossido di carbonio. Rileva la minaccia invisibile e inodore del gas CO in modo da poter agire immediatamente e proteggere te stesso e la tua famiglia dai potenziali pericoli di una combustione incompleta, ad esempio in caldaie per il riscaldamento centrale, geyser o caminetti. <\/li>\n<li><strong>Allarme precoce:<\/strong> ricevi avvisi tempestivi in caso di basse concentrazioni di gas monossido di carbonio. Grazie ai sensori avanzati, sei gi\u00e0 avvisato di minimi aumenti dei livelli di CO, permettendoti di reagire rapidamente. <\/li>\n<li><strong>Sensori fotoelettrici avanzati:<\/strong> questi innovativi sensori rilevano il fumo di incendi che divampano lentamente (ad esempio, cavi elettrici) in modo pi\u00f9 rapido ed efficace.<\/li>\n<\/ul>\n<h3>10 anni di sicurezza<\/h3>\n<ul>\n<li><strong>Batteria di 10 anni:<\/strong> funziona senza problemi grazie alla batteria al litio non sostituibile che garantisce 10 anni di protezione ininterrotta.<\/li>\n<li><strong>Sicurezza certificata:<\/strong> ampiamente testato e completamente certificato secondo gli standard CE (EN14604 e EN50291), assicura che questo rilevatore intelligente combinato di fumo e monossido di carbonio con batteria decennale soddisfi i pi\u00f9 alti standard UE.<\/li>\n<li><strong>Forte allarme da 85 dB:<\/strong> entro 10 secondi, il forte allarme da 85 dB ti avvisa, permettendoti di reagire rapidamente. Un incendio domestico pu\u00f2 diffondersi in casa tua in soli 3 minuti. Per questo \u00e8 fondamentale che tu senta subito l&#8217;allarme e possa agire rapidamente.  <\/li>\n<li><strong>Design moderno con LED di standby: <\/strong>design elegante con un look moderno e un LED di standby che lampeggia una volta al minuto, confermando il funzionamento del rilevatore smart di incendio\/CO.<\/li>\n<li><strong>Autotest intelligente:<\/strong> l&#8217;allarme combinato WiFi intelligente esegue un autotest ogni minuto, per garantirti sempre una protezione affidabile.<\/li>\n<li><strong>Indicatore di batteria scarica: gli<\/strong> avvisi di manutenzione proattivi ti permettono di sapere in tempo quando la batteria \u00e8 scarica e il rilevatore smart di fumo e monossido di carbonio deve essere sostituito.<\/li>\n<\/ul>\n<h3>Facilit\u00e0 d&#8217;uso<\/h3>\n<ul>\n<li><strong>Installazione passo-passo: l<\/strong>&#8216;installazione del rilevatore combinato intelligente e il processo di connessione al telefono tramite WiFi a 2,4 GHz sono facilitati da istruzioni chiare e dettagliate, video di accompagnamento e un kit di viti incluso. <u>Per collegare il rilevatore di fumo Aroha Smart Connect all&#8217;app \u00e8 necessaria una rete WiFi a 2,4 GHz.<\/u><\/li>\n<li><strong>Design facile da usare:<\/strong> facile da testare e silenziare anche senza l&#8217;app collegata, grazie al design intelligente con l&#8217;intera parte anteriore del rilevatore di fumo e CO come pulsante di test e di silenziamento.<\/li>\n<li><strong>Ideale per i luoghi difficili da raggiungere:<\/strong> puoi premere il pulsante di test e silenzio con una scopa o tramite l&#8217;app Tuya Smart e SmartLife, rimanendo al sicuro a terra. Grazie alla durata della batteria di 10 anni, non \u00e8 necessario cambiare le batterie. <\/li>\n<\/ul>\n<p>&nbsp;<\/p>\n<h2>Aroha: protezione antincendio dai Paesi Bassi<\/h2>\n<p>Come marchio olandese, mettiamo sempre al primo posto la tua sicurezza e la tua soddisfazione. I nostri innovativi rilevatori di fumo, rilevatori di calore, rilevatori di monossido di carbonio e rilevatori combinati soddisfano i pi\u00f9 alti standard europei grazie alla nostra esperienza e alla nostra attenzione alla qualit\u00e0. Il nostro team di specialisti \u00e8 soddisfatto solo quando lo sei tu!  <\/p>\n<p>&nbsp;<\/p>\n<h3>Dove posizionare il tuo rilevatore combinato?<\/h3>\n<p>Un rilevatore combinato \u00e8 un rilevatore di fumo e di monossido di carbonio in uno. Il fumo sale e il monossido di carbonio si diffonde nell&#8217;aria. A causa di questa differenza, non esiste un posto perfetto per il rilevatore combinato: dipende esclusivamente dalla tua situazione.  <\/p>\n<p>Per saperne di pi\u00f9 sugli obblighi di legge nel tuo paese, leggi <a href=\"https:\/\/aroha.nl\/support\/\">qui<\/a>. Oltre a rispettare gli obblighi di legge, ti consigliamo di ottimizzare la sicurezza antincendio della tua casa installando allarmi combinati, rilevatori di fumo e\/o rilevatori di monossido di carbonio in punti strategici: <\/p>\n<ul>\n<li><strong>Locali con apparecchi a combustione:<\/strong> installa allarmi per il monossido di carbonio o rilevatori combinati in tutte le stanze che contengono apparecchi a combustione, come caldaie per il riscaldamento centrale, stufe a gas, boiler o caminetti. Questi apparecchi possono emettere monossido di carbonio, un gas incolore, inodore e potenzialmente mortale. Un allarme CO vicino a questi apparecchi ti avverte rapidamente di un pericoloso accumulo di monossido di carbonio, permettendoti di agire in tempo.  <\/li>\n<li><strong>Vie di fuga:<\/strong> colloca dei rilevatori di fumo o dei rilevatori combinati nei corridoi e vicino alle scale, soprattutto se conducono alle camere da letto. In questo modo il fumo viene rilevato rapidamente e tu puoi reagire in tempo. <\/li>\n<li><strong>Camere da letto:<\/strong> \u00e8 fondamentale installare rilevatori di fumo o rilevatori combinati nelle camere da letto o nelle loro vicinanze, in modo che l&#8217;allarme possa avvisare tutti durante la notte. In questo modo aumentano le possibilit\u00e0 che i residenti vengano svegliati in tempo in caso di incendio.  In questo modo, scegli un rilevatore di fumo Sleep Line adatto alla camera da letto e senza LED di standby.<\/li>\n<li><strong>Salotti:<\/strong> un rilevatore di fumo o un allarme combinato nel soggiorno \u00e8 importante, soprattutto se si utilizzano spesso apparecchi che possono provocare fumo e incendi, come il camino.<\/li>\n<li><strong>Vicino alle cucine:<\/strong> non \u00e8 consigliabile posizionare i rilevatori di fumo o i rilevatori combinati direttamente nelle cucine a causa del rischio di falsi allarmi causati dai fumi di cottura. Posiziona un rilevatore di fumo vicino alla cucina o opta per il nostro <strong>rilevatore di calore Aroha<\/strong> appositamente progettato intorno alla cucina per rilevare l&#8217;incendio in tempo. <\/li>\n<li><strong>Nel raggio d&#8217;azione della rete WiFi a 2,4 GHz:<\/strong> posiziona il tuo rilevatore di fumo Aroha Smart Connect nel raggio d&#8217;azione della rete WiFi a 2,4 GHz in modo che il rilevatore possa connettersi all&#8217;app. Non \u00e8 necessario che tu sia nel raggio d&#8217;azione della stessa rete WiFi per ricevere le notifiche. <\/li>\n<li><strong>Luoghi da evitare:<\/strong> evita i rilevatori di fumo o i rilevatori combinati in stanze ad alta umidit\u00e0, come bagni e garage, per evitare falsi allarmi.<\/li>\n<\/ul>\n<p>&nbsp;<\/p>\n<p><strong>Nota: questo rilevatore Aroha Smart Connect \u00e8 un rilevatore WiFi senza interconnessione. Per collegare il rilevatore intelligente all&#8217;app \u00e8 necessario il WiFi a 2,4 GHz.  Non \u00e8 necessario avere un abbonamento all&#8217;app Tuya o SmartLife per ricevere le notifiche o utilizzare le altre funzioni descritte.<br \/>\n<\/strong>Preferisci l&#8217;interconnessione tra pi\u00f9 rilevatori di fumo, monossido di carbonio e combinati, ma senza un&#8217;app? Allora i <strong>rilevatori Aroha Link<\/strong> sono la scelta ideale.<br \/>\nSe vuoi combinare sia l&#8217;interconnessione che la connessione a un&#8217;app tramite WiFi, puoi optare per il <strong>rilevatore di fumo Aroha Smart Connect &amp; Link<\/strong>.<br \/>\nPreferisci un rilevatore indipendente che puoi installare in un minuto? Allora scegli un <strong>rilevatore<\/strong> <strong>Aroha Safety Pro<\/strong>.  <\/p>\n<p>&nbsp;<\/p>\n<h3>Contenuto della confezione:<\/h3>\n<ul>\n<li>Rivelatori di fumo e di monossido di carbonio combinati Aroha Smart Connect<\/li>\n<li>Batteria al litio integrata con durata fino a 10 anni<\/li>\n<li>Sensore fotoelettrico incorporato con durata fino a 10 anni<\/li>\n<li>Materiale di fissaggio con viti e tasselli<\/li>\n<li>Manuale in olandese, inglese, tedesco, francese, italiano, spagnolo e polacco<\/li>\n<li>Link alle istruzioni online, con una tabella di marcia completa per l&#8217;installazione, video di installazione, FAQ e supporto da parte di un team di specialisti.<\/li>\n<\/ul>\n","protected":false},"excerpt":{"rendered":"<p>Prova un controllo e un monitoraggio senza precedenti con l&#8217;allarme combinato per fumo e monossido di carbonio Aroha Smart Connect tramite l&#8217;app Tuya Smart o SmartLife. Controlla gli incendi e il monossido di carbonio da remoto e rimani informato sugli allarmi anche quando sei fuori casa. Controlla il rilevatore combinato smart con batteria di 10 anni: ricevi notifiche gratuite in tempo reale sul tuo telefono, controlla lo stato della batteria e controlla l&#8217;app con il pulsante mute.  <\/p>\n","protected":false},"featured_media":5720,"comment_status":"open","ping_status":"closed","template":"","meta":[],"product_brand":[266],"product_cat":[168,184,186],"product_tag":[],"class_list":{"0":"post-6462","1":"product","2":"type-product","3":"status-publish","4":"has-post-thumbnail","6":"product_brand-aroha","7":"product_cat-smart-connect","8":"product_cat-rivelatori-combinati-aroha","9":"product_cat-smart-connect-combinati","11":"first","12":"instock","13":"taxable","14":"shipping-taxable","15":"purchasable","16":"product-type-variable","17":"has-default-attributes"},"_links":{"self":[{"href":"https:\/\/aroha.nl\/it\/wp-json\/wp\/v2\/product\/6462","targetHints":{"allow":["GET"]}}],"collection":[{"href":"https:\/\/aroha.nl\/it\/wp-json\/wp\/v2\/product"}],"about":[{"href":"https:\/\/aroha.nl\/it\/wp-json\/wp\/v2\/types\/product"}],"replies":[{"embeddable":true,"href":"https:\/\/aroha.nl\/it\/wp-json\/wp\/v2\/comments?post=6462"}],"wp:featuredmedia":[{"embeddable":true,"href":"https:\/\/aroha.nl\/it\/wp-json\/wp\/v2\/media\/5720"}],"wp:attachment":[{"href":"https:\/\/aroha.nl\/it\/wp-json\/wp\/v2\/media?parent=6462"}],"wp:term":[{"taxonomy":"product_brand","embeddable":true,"href":"https:\/\/aroha.nl\/it\/wp-json\/wp\/v2\/product_brand?post=6462"},{"taxonomy":"product_cat","embeddable":true,"href":"https:\/\/aroha.nl\/it\/wp-json\/wp\/v2\/product_cat?post=6462"},{"taxonomy":"product_tag","embeddable":true,"href":"https:\/\/aroha.nl\/it\/wp-json\/wp\/v2\/product_tag?post=6462"}],"curies":[{"name":"wp","href":"https:\/\/api.w.org\/{rel}","templated":true}]}}