{"id":6451,"date":"2023-01-26T21:05:46","date_gmt":"2023-01-26T21:05:46","guid":{"rendered":"https:\/\/aroha.nl\/product\/rivelatore-di-fumo-aroha-safety-pro\/"},"modified":"2026-04-02T15:30:51","modified_gmt":"2026-04-02T14:30:51","slug":"safety-pro-smoke","status":"publish","type":"product","link":"https:\/\/aroha.nl\/it\/prodotto\/safety-pro-smoke\/","title":{"rendered":"Rivelatore di fumo Aroha Safety Pro"},"content":{"rendered":"<h3>10 anni di sicurezza<\/h3>\n<ul>\n<li><strong>Batteria di 10 anni:<\/strong> funziona senza problemi grazie alla batteria al litio non sostituibile che garantisce 10 anni di protezione ininterrotta.<\/li>\n<li><strong>Sensori fotoelettrici avanzati:<\/strong> questi innovativi sensori rilevano il fumo di incendi che divampano lentamente (ad esempio, cavi elettrici) in modo pi\u00f9 rapido ed efficace.<\/li>\n<li><strong>Sicurezza certificata:<\/strong> ampiamente testato e completamente certificato secondo gli standard CE (EN14604), questo rilevatore di fumo autonomo con batteria decennale soddisfa i pi\u00f9 alti standard UE.<\/li>\n<li><strong>Forte allarme da 85 dB:<\/strong> entro 10 secondi, il forte allarme da 85 dB ti avvisa, permettendoti di reagire rapidamente. Un incendio domestico pu\u00f2 diffondersi in casa tua in soli 3 minuti. Per questo \u00e8 fondamentale che tu senta subito l&#8217;allarme e possa agire rapidamente.  <\/li>\n<li><strong>Design moderno con LED di standby: <\/strong>design elegante con un look moderno e un LED di standby che lampeggia una volta al minuto, confermando il funzionamento dell&#8217;allarme antincendio.<\/li>\n<li><strong>Autotest intelligente:<\/strong> il rilevatore antincendio esegue un autotest ogni minuto, garantendo una protezione affidabile in ogni momento.<\/li>\n<li><strong>Indicatore di batteria scarica: gli<\/strong> avvisi di manutenzione proattivi ti permettono di sapere in tempo quando la batteria \u00e8 scarica e il rilevatore di fumo deve essere sostituito.<\/li>\n<\/ul>\n<h3>La massima facilit\u00e0 d&#8217;uso con Aroha Safety Pro<\/h3>\n<ul>\n<li><strong>Facile installazione: t<\/strong>utti i rilevatori di fumo, i rilevatori di monossido di carbonio e i rilevatori combinati di Aroha Safety Pro possono essere installati in meno di un minuto. L&#8217;installazione \u00e8 semplice grazie alle chiare istruzioni passo-passo, ai video di accompagnamento e al kit di viti incluso. <\/li>\n<li><strong>Design facile da usare:<\/strong> facile da testare e silenziare grazie al design intelligente con l&#8217;intera parte anteriore del rilevatore di fumo autonomo come pulsante di test e di silenziamento.<\/li>\n<li><strong>Ideale per i luoghi difficili da raggiungere:<\/strong> puoi premere il pulsante di test e di silenziamento con il manico della scopa, rimanendo al sicuro a terra. Grazie alla durata della batteria di 10 anni, non \u00e8 necessario cambiare le batterie. <\/li>\n<\/ul>\n<p>&nbsp;<\/p>\n<h2>Aroha: protezione antincendio dai Paesi Bassi<\/h2>\n<p>Come marchio olandese, mettiamo sempre al primo posto la tua sicurezza e la tua soddisfazione. I nostri innovativi rilevatori di fumo, rilevatori di calore, rilevatori di monossido di carbonio e rilevatori combinati soddisfano i pi\u00f9 alti standard europei grazie alla nostra esperienza e alla nostra attenzione alla qualit\u00e0. Il nostro team di specialisti \u00e8 soddisfatto solo quando lo sei tu!  <\/p>\n<p>&nbsp;<\/p>\n<h3>Dove posizionare il tuo rilevatore di fumo?<\/h3>\n<p>Per saperne di pi\u00f9 sugli obblighi legali nel tuo Paese, leggi <a href=\"https:\/\/aroha.nl\/support\/\">qui<\/a>. Oltre a rispettare gli obblighi di legge, ti consigliamo di ottimizzare la sicurezza antincendio della tua casa installando dei rilevatori di fumo in punti strategici:<\/p>\n<ul>\n<li><strong>Vie di fuga:<\/strong> colloca i rilevatori di fumo nei corridoi e vicino alle scale, soprattutto se conducono alle camere da letto. In questo modo il fumo viene rilevato rapidamente e tu puoi reagire in tempo. <\/li>\n<li><strong>Camere da letto:<\/strong> \u00e8 fondamentale installare dei rilevatori di fumo nelle camere da letto o nelle loro vicinanze, in modo che l&#8217;allarme possa avvisare tutti durante la notte. In questo modo aumentano le possibilit\u00e0 che i residenti vengano svegliati in tempo in caso di incendio.  In questo modo, scegli un rilevatore di fumo Sleep Line adatto alla camera da letto e senza LED di standby.<\/li>\n<li><strong>Salotti:<\/strong> un rilevatore di fumo in soggiorno \u00e8 importante, soprattutto se si utilizzano spesso apparecchi che possono provocare fumo e incendi, come il camino.<\/li>\n<li><strong>Vicino alle cucine:<\/strong> non \u00e8 consigliabile posizionare i rilevatori di fumo direttamente nelle cucine a causa del rischio di falsi allarmi causati dai fumi di cottura. Posiziona un rilevatore di fumo vicino alla cucina o opta per il nostro <strong>rilevatore di calore Aroha<\/strong> appositamente progettato intorno alla cucina per rilevare l&#8217;incendio in tempo. <\/li>\n<li><strong>Luoghi da evitare:<\/strong> evita i rilevatori di fumo in aree ad alta umidit\u00e0, come bagni e garage, per evitare falsi allarmi.<\/li>\n<\/ul>\n<p><strong>Nota: questo rilevatore Aroha Safety Pro \u00e8 un rilevatore indipendente senza WiFi o interconnessione.<br \/>\n<\/strong>Preferisci un rilevatore che possa essere collegato a un&#8217;app tramite WiFi per creare una casa intelligente? Allora guarda i <strong>rilevatori Aroha Smart Connect<\/strong>.<br \/>\nPreferisci l&#8217;interconnessione tra pi\u00f9 rilevatori di fumo, monossido di carbonio e combinati? Allora i <strong>rilevatori Aroha Link<\/strong> sono la scelta ideale.<br \/>\nSe vuoi combinare sia l&#8217;interconnessione che la connessione a un&#8217;app via WiFi, puoi scegliere il <strong>rilevatore di fumo Aroha Smart Connect &amp; Link<\/strong>.  <\/p>\n<p>&nbsp;<\/p>\n<h3>Contenuto della confezione:<\/h3>\n<ul>\n<li>Rilevatore\/i di fumo Aroha Safety Pro<\/li>\n<li>Batteria al litio integrata con durata fino a 10 anni<\/li>\n<li>Sensore fotoelettrico incorporato con durata fino a 10 anni<\/li>\n<li>Materiale di fissaggio con viti e tasselli<\/li>\n<li>Manuale in olandese, inglese, tedesco, francese, italiano, spagnolo e polacco<\/li>\n<li>Link alle istruzioni online, con una tabella di marcia completa per l&#8217;installazione, video di installazione, FAQ e supporto da parte di un team di specialisti.<\/li>\n<\/ul>\n","protected":false},"excerpt":{"rendered":"<p>Proteggi la tua casa e i tuoi cari con il rilevatore di fumo Aroha Safety Pro, dotato di innovativi sensori fotoelettrici e di una potente batteria al litio con una durata di 10 anni. Questo rilevatore di fumo combina una tecnologia di sicurezza avanzata con la facilit\u00e0 d&#8217;uso e un design elegante. <\/p>\n","protected":false},"featured_media":5648,"comment_status":"open","ping_status":"closed","template":"","meta":[],"product_brand":[],"product_cat":[180,167,181],"product_tag":[],"class_list":{"0":"post-6451","1":"product","2":"type-product","3":"status-publish","4":"has-post-thumbnail","6":"product_cat-serie-aroha-safety-pro-it","7":"product_cat-rivelatori-di-fumo-aroha","8":"product_cat-rivelatori-di-fumo-aroha-safety-pro","10":"first","11":"instock","12":"sale","13":"taxable","14":"shipping-taxable","15":"purchasable","16":"product-type-variable","17":"has-default-attributes"},"_links":{"self":[{"href":"https:\/\/aroha.nl\/it\/wp-json\/wp\/v2\/product\/6451","targetHints":{"allow":["GET"]}}],"collection":[{"href":"https:\/\/aroha.nl\/it\/wp-json\/wp\/v2\/product"}],"about":[{"href":"https:\/\/aroha.nl\/it\/wp-json\/wp\/v2\/types\/product"}],"replies":[{"embeddable":true,"href":"https:\/\/aroha.nl\/it\/wp-json\/wp\/v2\/comments?post=6451"}],"wp:featuredmedia":[{"embeddable":true,"href":"https:\/\/aroha.nl\/it\/wp-json\/wp\/v2\/media\/5648"}],"wp:attachment":[{"href":"https:\/\/aroha.nl\/it\/wp-json\/wp\/v2\/media?parent=6451"}],"wp:term":[{"taxonomy":"product_brand","embeddable":true,"href":"https:\/\/aroha.nl\/it\/wp-json\/wp\/v2\/product_brand?post=6451"},{"taxonomy":"product_cat","embeddable":true,"href":"https:\/\/aroha.nl\/it\/wp-json\/wp\/v2\/product_cat?post=6451"},{"taxonomy":"product_tag","embeddable":true,"href":"https:\/\/aroha.nl\/it\/wp-json\/wp\/v2\/product_tag?post=6451"}],"curies":[{"name":"wp","href":"https:\/\/api.w.org\/{rel}","templated":true}]}}