{"id":6412,"date":"2023-01-26T20:31:15","date_gmt":"2023-01-26T20:31:15","guid":{"rendered":"https:\/\/aroha.nl\/product\/rivelatore-di-fumo-aroha-smart-connect\/"},"modified":"2026-04-16T11:44:08","modified_gmt":"2026-04-16T10:44:08","slug":"smart-connect-smoke","status":"publish","type":"product","link":"https:\/\/aroha.nl\/it\/prodotto\/smart-connect-smoke\/","title":{"rendered":"Rivelatore di fumo Aroha Smart Connect"},"content":{"rendered":"<h3>Sempre online con Aroha Smart Connect<\/h3>\n<ul>\n<li><strong>Allarme istantaneo tramite app:<\/strong> avvisa entro 10 secondi con una notifica sul telefono collegato, oltre a un forte allarme di 85 dB proveniente dal rilevatore antincendio wireless stesso.<\/li>\n<li><strong>Controllo e monitoraggio in un&#8217;unica app: <\/strong>con l&#8217;app gratuita Tuya Smart o SmartLife ricevi notifiche istantanee in caso di allarme, puoi controllare lo stato della batteria, disattivare il rilevatore e visualizzare gratuitamente la cronologia delle notifiche. Puoi anche personalizzare i nomi dei rilevatori, dividerli in &#8220;stanze&#8221; e condividere il controllo con altri utenti. <\/li>\n<li><strong>Condividi il controllo:<\/strong> dai accesso sicuro al rilevatore di fumo intelligente collegato, ad esempio, ai membri della tua famiglia. Come te, potranno visualizzare lo stato in tempo reale, ricevere notifiche di allarme e controllare il rilevatore tramite i loro account Tuya Smart o SmartLife. <\/li>\n<li><strong>Nessuna interconnessione:<\/strong> questo rilevatore smart funziona in modo indipendente. Non c&#8217;\u00e8 interconnessione wireless tra pi\u00f9 rilevatori e gli allarmi non vengono inoltrati in modo sincrono ad altri rilevatori Aroha Smart Connect. <\/li>\n<li><strong>Tuya o SmartLife:<\/strong> i rilevatori di fumo, monossido di carbonio e combinati Aroha Smart Connect funzionano <span style=\"text-decoration: underline;\">esclusivamente<\/span> con l&#8217;app Tuya Smart o con l&#8217;app SmartLife. Puoi collegare il rilevatore tramite WiFi a 2,4 GHz a una di queste due app. I rilevatori smart <em>non possono<\/em> essere collegati ad app o sistemi diversi da Tuya Smart e SmartLife.  <\/li>\n<\/ul>\n<h3>10 anni di sicurezza<\/h3>\n<ul>\n<li><strong>Batteria di 10 anni:<\/strong> funziona senza problemi grazie alla batteria al litio non sostituibile che garantisce 10 anni di protezione ininterrotta.<\/li>\n<li><strong>Sensori fotoelettrici avanzati:<\/strong> questi innovativi sensori rilevano il fumo di incendi che divampano lentamente (ad esempio, cavi elettrici) in modo pi\u00f9 rapido ed efficace.<\/li>\n<li><strong>Sicurezza certificata:<\/strong> ampiamente testato e completamente certificato secondo gli standard CE (EN14604), assicura che questo rilevatore di fumo WiFi intelligente con batteria decennale soddisfi i pi\u00f9 alti standard UE.<\/li>\n<li><strong>Design moderno con LED di standby: <\/strong>design elegante con un look moderno e un LED di standby che lampeggia una volta al minuto, confermando il funzionamento dell&#8217;allarme antincendio.<\/li>\n<li><strong>Autotest intelligente:<\/strong> il rilevatore antincendio intelligente esegue un autotest ogni minuto, garantendo una protezione affidabile in ogni momento.<\/li>\n<li><strong>Indicatore di batteria scarica: gli<\/strong> avvisi di manutenzione proattivi tramite l&#8217;app ti permettono di sapere in tempo quando la batteria \u00e8 scarica e il rilevatore di fumo smart deve essere sostituito.<\/li>\n<\/ul>\n<h3>Facilit\u00e0 d&#8217;uso<\/h3>\n<ul>\n<li><strong>Installazione passo-passo: l<\/strong>&#8216;installazione del rilevatore di fumo intelligente e la sua connessione al telefono tramite WiFi a 2,4 GHz sono semplici grazie alle istruzioni chiare e dettagliate, ai video di accompagnamento e al kit di viti incluso. <u>Per collegare il rilevatore di fumo Aroha Smart Connect all&#8217;app \u00e8 necessaria una rete WiFi a 2,4 GHz.<\/u><\/li>\n<li><strong>Design facile da usare:<\/strong> facile da testare e silenziare anche senza l&#8217;app collegata, grazie al design intelligente con l&#8217;intera parte anteriore del rilevatore di fumo come pulsante di test e di silenziamento.<\/li>\n<li><strong>Ideale per i luoghi difficili da raggiungere:<\/strong> puoi premere il pulsante di test e silenzio con una scopa o tramite l&#8217;app Tuya Smart e SmartLife, rimanendo al sicuro a terra. Grazie alla durata della batteria di 10 anni, non \u00e8 necessario cambiare le batterie. <\/li>\n<\/ul>\n<p>&nbsp;<\/p>\n<h2>Aroha: protezione antincendio dai Paesi Bassi<\/h2>\n<p>Come marchio olandese, mettiamo sempre al primo posto la tua sicurezza e la tua soddisfazione. I nostri innovativi rilevatori di fumo, rilevatori di calore, rilevatori di monossido di carbonio e rilevatori combinati soddisfano i pi\u00f9 alti standard europei grazie alla nostra esperienza e alla nostra attenzione alla qualit\u00e0. Il nostro team di specialisti \u00e8 soddisfatto solo quando lo sei tu!  <\/p>\n<p>&nbsp;<\/p>\n<h3>Dove posizionare il tuo rilevatore di fumo?<\/h3>\n<p>Per saperne di pi\u00f9 sugli obblighi di legge nel tuo paese, leggi <a href=\"https:\/\/aroha.nl\/support\/\">qui<\/a>. Oltre a rispettare gli obblighi di legge, ti consigliamo di ottimizzare la sicurezza antincendio della tua casa installando dei rilevatori di fumo in punti strategici: <\/p>\n<ul>\n<li><strong>Vie di fuga:<\/strong> colloca i rilevatori di fumo nei corridoi e vicino alle scale, soprattutto se conducono alle camere da letto. In questo modo il fumo viene rilevato rapidamente e tu puoi reagire in tempo. <\/li>\n<li><strong>Camere da letto:<\/strong> \u00e8 fondamentale installare dei rilevatori di fumo nelle camere da letto o nelle loro vicinanze, in modo che l&#8217;allarme possa avvisare tutti durante la notte. In questo modo aumentano le possibilit\u00e0 che i residenti vengano svegliati in tempo in caso di incendio.  In questo modo, scegli un rilevatore di fumo Sleep Line adatto alla camera da letto e senza LED di standby.<\/li>\n<li><strong>Salotti:<\/strong> un rilevatore di fumo in soggiorno \u00e8 importante, soprattutto se si utilizzano spesso apparecchi che possono provocare fumo e incendi, come il camino.<\/li>\n<li><strong>Vicino alle cucine:<\/strong> non \u00e8 consigliabile posizionare i rilevatori di fumo direttamente nelle cucine a causa del rischio di falsi allarmi causati dai fumi di cottura. Posiziona un rilevatore di fumo vicino alla cucina o opta per il nostro <strong>rilevatore di calore Aroha<\/strong> appositamente progettato intorno alla cucina per rilevare l&#8217;incendio in tempo. <\/li>\n<li><strong>Nel raggio d&#8217;azione della rete WiFi a 2,4 GHz:<\/strong> posiziona il tuo rilevatore di fumo Aroha Smart Connect nel raggio d&#8217;azione della rete WiFi a 2,4 GHz in modo che il rilevatore possa connettersi all&#8217;app. Non \u00e8 necessario che tu sia nel raggio d&#8217;azione della stessa rete WiFi per ricevere le notifiche. <\/li>\n<li><strong>Luoghi da evitare:<\/strong> evita i rilevatori di fumo in aree ad alta umidit\u00e0, come bagni e garage, per evitare falsi allarmi.<\/li>\n<\/ul>\n<p><strong>Nota: questo rilevatore Aroha Smart Connect \u00e8 un rilevatore WiFi senza interconnessione. Per collegare il rilevatore intelligente all&#8217;app \u00e8 necessario il WiFi a 2,4 GHz.  Non \u00e8 necessario avere un abbonamento all&#8217;app Tuya o SmartLife per ricevere le notifiche o utilizzare le altre funzioni descritte.<br \/>\n<\/strong>Preferisci l&#8217;interconnessione tra pi\u00f9 rilevatori di fumo, monossido di carbonio e combinati, ma senza un&#8217;app? Allora i <strong>rilevatori Aroha Link<\/strong> sono la scelta ideale.<br \/>\nSe vuoi combinare sia l&#8217;interconnessione che la connessione a un&#8217;app tramite WiFi, puoi optare per il <strong>rilevatore di fumo Aroha Smart Connect &amp; Link<\/strong>.<br \/>\nPreferisci un rilevatore indipendente che puoi installare in un minuto? Allora scegli un <strong>rilevatore<\/strong> <strong>Aroha Safety Pro<\/strong>.  <\/p>\n<p>&nbsp;<\/p>\n<h3>Contenuto della confezione:<\/h3>\n<ul>\n<li>Rivelatore\/i di fumo Aroha Smart Connect<\/li>\n<li>Batteria al litio integrata con durata fino a 10 anni<\/li>\n<li>Sensore fotoelettrico incorporato con durata fino a 10 anni<\/li>\n<li>Materiale di fissaggio con viti e tasselli<\/li>\n<li>Manuale in olandese, inglese, tedesco, francese, italiano, spagnolo e polacco<\/li>\n<li>Link alle istruzioni online, con una tabella di marcia completa per l&#8217;installazione, video di installazione, FAQ e supporto da parte di un team di specialisti.<\/li>\n<\/ul>\n","protected":false},"excerpt":{"rendered":"<p>Prova un controllo e un monitoraggio senza precedenti con il rilevatore di fumo Aroha Smart Connect tramite l&#8217;app Tuya Smart o SmartLife. Controlla la sicurezza antincendio della tua casa da remoto e rimani informato sugli allarmi anche quando non sei in casa. Controlla il rilevatore di fumo smart con batteria di 10 anni: ricevi notifiche gratuite in tempo reale sul tuo telefono, controlla lo stato della batteria e controlla l&#8217;app con il pulsante mute.  <\/p>\n","protected":false},"featured_media":5632,"comment_status":"open","ping_status":"closed","template":"","meta":[],"product_brand":[266],"product_cat":[168,167,165],"product_tag":[],"class_list":{"0":"post-6412","1":"product","2":"type-product","3":"status-publish","4":"has-post-thumbnail","6":"product_brand-aroha","7":"product_cat-smart-connect","8":"product_cat-rivelatori-di-fumo-aroha","9":"product_cat-rivelatori-di-fumo-aroha-smart-connect","11":"first","12":"instock","13":"sale","14":"taxable","15":"shipping-taxable","16":"purchasable","17":"product-type-variable","18":"has-default-attributes"},"_links":{"self":[{"href":"https:\/\/aroha.nl\/it\/wp-json\/wp\/v2\/product\/6412","targetHints":{"allow":["GET"]}}],"collection":[{"href":"https:\/\/aroha.nl\/it\/wp-json\/wp\/v2\/product"}],"about":[{"href":"https:\/\/aroha.nl\/it\/wp-json\/wp\/v2\/types\/product"}],"replies":[{"embeddable":true,"href":"https:\/\/aroha.nl\/it\/wp-json\/wp\/v2\/comments?post=6412"}],"wp:featuredmedia":[{"embeddable":true,"href":"https:\/\/aroha.nl\/it\/wp-json\/wp\/v2\/media\/5632"}],"wp:attachment":[{"href":"https:\/\/aroha.nl\/it\/wp-json\/wp\/v2\/media?parent=6412"}],"wp:term":[{"taxonomy":"product_brand","embeddable":true,"href":"https:\/\/aroha.nl\/it\/wp-json\/wp\/v2\/product_brand?post=6412"},{"taxonomy":"product_cat","embeddable":true,"href":"https:\/\/aroha.nl\/it\/wp-json\/wp\/v2\/product_cat?post=6412"},{"taxonomy":"product_tag","embeddable":true,"href":"https:\/\/aroha.nl\/it\/wp-json\/wp\/v2\/product_tag?post=6412"}],"curies":[{"name":"wp","href":"https:\/\/api.w.org\/{rel}","templated":true}]}}