{"id":6513,"date":"2024-10-15T11:55:06","date_gmt":"2024-10-15T09:55:06","guid":{"rendered":"https:\/\/aroha.nl\/aroha-aroha\/"},"modified":"2025-09-18T10:34:45","modified_gmt":"2025-09-18T08:34:45","slug":"aroha","status":"publish","type":"page","link":"https:\/\/aroha.nl\/it\/aroha\/","title":{"rendered":"Aroha"},"content":{"rendered":"\n\n\t<section class=\"section dark has-parallax\" id=\"section_608696666\">\n\t\t<div class=\"section-bg fill\" data-parallax-container=\".section\" data-parallax-background data-parallax=\"-1\">\n\t\t\t<img decoding=\"async\" width=\"2560\" height=\"650\" src=\"https:\/\/aroha.nl\/wp-content\/uploads\/2024\/10\/Alle-Producten-2-1-scaled.webp\" class=\"bg attachment-original size-original not-transparent\" alt=\"\" data-has-transparency=\"false\" data-dominant-color=\"798780\" style=\"--dominant-color: #798780;\" \/>\t\t\t\t\t\t\n\t\t\t\n\n\t\t<\/div>\n\n\t\t\n\n\t\t<div class=\"section-content relative\">\n\t\t\t\n\n\t<div id=\"gap-1700642415\" class=\"gap-element clearfix\" style=\"display:block; height:auto;\">\n\t\t\n<style>\n#gap-1700642415 {\n  padding-top: 30px;\n}\n<\/style>\n\t<\/div>\n\t\n\n<div class=\"row align-center\"  id=\"row-1063824433\">\n\n\n<\/div>\n\n\t\t<\/div>\n\n\t\t\n<style>\n#section_608696666 {\n  padding-top: 30px;\n  padding-bottom: 30px;\n  min-height: 500px;\n}\n#section_608696666 .section-bg-overlay {\n  background-color: rgba(0, 0, 0, 0.15);\n}\n#section_608696666 .section-bg img {\n  object-position: 50% 41%;\n}\n@media (min-width:550px) {\n  #section_608696666 {\n    min-height: 400px;\n  }\n  #section_608696666 .section-bg-overlay {\n    background-color: rgba(0, 0, 0, 0.09);\n  }\n}\n<\/style>\n\t<\/section>\n\t\n\n\t<section class=\"section\" id=\"section_1129003552\">\n\t\t<div class=\"section-bg fill\" >\n\t\t\t\t\t\t\t\t\t\n\t\t\t\n\n\t\t<\/div>\n\n\t\t\n\n\t\t<div class=\"section-content relative\">\n\t\t\t\n\n<div class=\"row align-center\"  id=\"row-330933468\">\n\n\n\t<div id=\"col-1494944046\" class=\"col medium-10 small-12 large-9\"  >\n\t\t\t\t<div class=\"col-inner text-center\"  >\n\t\t\t\n\t\t\t\n\n<h2><span style=\"font-size: 150%;\">Aroha Electronics<\/span><\/h2>\n<p>Aroha Electronics \u00e8 specializzata in rilevatori di fumo, rilevatori di calore, rilevatori di monossido di carbonio e rilevatori combinati di alta qualit\u00e0 per le abitazioni di tutta Europa. Combiniamo <strong data-start=\"569\" data-end=\"616\">innovazione, affidabilit\u00e0 e facilit\u00e0 d&#8217;uso<\/strong> con una forte attenzione alla soddisfazione del cliente e al rispetto della legislazione locale.<br data-start=\"696\" data-end=\"699\">Grazie alle nostre sedi strategiche di stoccaggio in diversi paesi europei, possiamo garantire <strong data-start=\"779\" data-end=\"811\">consegne rapide e sicure<\/strong>. Il nostro team di esperti di sicurezza \u00e8 sempre pronto a supportarti personalmente.  <\/p>\n\n\t\t<\/div>\n\t\t\t\t\t<\/div>\n\n\t\n\n<\/div>\n\n\t\t<\/div>\n\n\t\t\n<style>\n#section_1129003552 {\n  padding-top: 80px;\n  padding-bottom: 80px;\n}\n<\/style>\n\t<\/section>\n\t\n\n\t<section class=\"section\" id=\"section_185488192\">\n\t\t<div class=\"section-bg fill\" >\n\t\t\t\t\t\t\t\t\t\n\t\t\t\n\n\t\t<\/div>\n\n\t\t\n\n\t\t<div class=\"section-content relative\">\n\t\t\t\n\n<div class=\"row row-large align-middle align-center\" style=\"max-width:1400px\" id=\"row-895568575\">\n\n\n\t<div id=\"col-485071634\" class=\"col medium-9 small-12 large-6\"  >\n\t\t\t\t<div class=\"col-inner\"  >\n\t\t\t\n\t\t\t\n\n\n  <div class=\"banner has-hover\" id=\"banner-1947972935\">\n          <div class=\"banner-inner fill\">\n        <div class=\"banner-bg fill\" >\n            <img decoding=\"async\" width=\"2560\" height=\"1707\" src=\"https:\/\/aroha.nl\/wp-content\/uploads\/2023\/07\/thoughtful-blonde-woman-glasses-holding-pencil-looking-away-during-work-office-indoor-portrait-busy-long-haired-female-accountant-using-computer-scaled.jpg\" class=\"bg attachment-original size-original\" alt=\"\" \/>                                    \n                    <\/div>\n\t\t\n        <div class=\"banner-layers container\">\n            <div class=\"fill banner-link\"><\/div>            \n\n   <div id=\"text-box-1818941356\" class=\"text-box banner-layer x50 md-x50 lg-x50 y50 md-y50 lg-y50 res-text\">\n                                <div class=\"text-box-content text dark\">\n              \n              <div class=\"text-inner text-center\">\n                  \n\n\n              <\/div>\n           <\/div>\n                            \n<style>\n#text-box-1818941356 {\n  width: 60%;\n}\n#text-box-1818941356 .text-box-content {\n  font-size: 100%;\n}\n@media (min-width:550px) {\n  #text-box-1818941356 {\n    width: 60%;\n  }\n}\n<\/style>\n    <\/div>\n \n\n        <\/div>\n      <\/div>\n\n            \n<style>\n#banner-1947972935 {\n  padding-top: 300px;\n}\n#banner-1947972935 .banner-bg img {\n  object-position: 10% 42%;\n}\n@media (min-width:850px) {\n  #banner-1947972935 {\n    padding-top: 70%;\n  }\n}\n<\/style>\n  <\/div>\n\n\n\n\t\t<\/div>\n\t\t\t\t\t<\/div>\n\n\t\n\n\t<div id=\"col-606579722\" class=\"col medium-9 small-12 large-6\"  >\n\t\t\t\t<div class=\"col-inner text-left\"  >\n\t\t\t\n\t\t\t\n\n<h6>Conoscenza ed esperienza in oltre 30 paesi<\/h6>\n<h3><span style=\"font-size: 160%;\">La nostra esperienza<\/span><\/h3>\n<p>Con anni di esperienza in oltre 30 paesi europei, conosciamo a fondo le <strong data-start=\"381\" data-end=\"423\">normative locali e i requisiti di sicurezza<\/strong>. Noi di Aroha Electronics combiniamo il nostro approccio personale con una conoscenza approfondita della sicurezza antincendio e della prevenzione del monossido di carbonio. Per questo ti offriamo sempre una consulenza efficiente, rivelatori certificati e un servizio affidabile.<br data-start=\"671\" data-end=\"674\" data-is-only-node=\"\">Tutti i nostri rivelatori di fumo, rivelatori di calore, rivelatori di monossido di carbonio e rivelatori combinati sono certificati CE e conformi ai pi\u00f9 severi standard di sicurezza europei. Questo garantisce <strong data-start=\"857\" data-end=\"943\">la massima protezione della tua casa e la piena conformit\u00e0 alla legislazione nazionale<\/strong>.   <\/p>\n\n\t\t<\/div>\n\t\t\t\t\n<style>\n#col-606579722 > .col-inner {\n  padding: 0px 0px 0px 0px;\n}\n@media (min-width:850px) {\n  #col-606579722 > .col-inner {\n    padding: 0px 50px 0px 50px;\n  }\n}\n<\/style>\n\t<\/div>\n\n\t\n\n<\/div>\n<div class=\"row row-large align-middle align-center\" style=\"max-width:1400px\" id=\"row-490366987\">\n\n\n\t<div id=\"col-246464569\" class=\"col medium-9 small-12 large-6\"  >\n\t\t\t\t<div class=\"col-inner text-left\"  >\n\t\t\t\n\t\t\t\n\n<h6>La tua sicurezza \u00e8 la nostra priorit\u00e0<\/h6>\n<h3><span style=\"font-size: 150%;\">Missione e visione<\/span><\/h3>\n<p>Noi di Aroha Electronics crediamo che una tecnologia di sicurezza smart e innovativa debba essere accessibile a tutti. La nostra missione \u00e8 proteggere le famiglie in tutta Europa con <strong data-start=\"2005\" data-end=\"2057\">rilevatori intelligenti, resistenti e facili da usare<\/strong>.<br data-start=\"2058\" data-end=\"2061\">Ci impegniamo per un futuro in cui l&#8217;innovazione, il design moderno e la tecnologia all&#8217;avanguardia siano lo standard per la protezione dagli incendi e dal monossido di carbonio in ogni casa. Con le nostre soluzioni, scegli la tua <strong data-start=\"2261\" data-end=\"2299\">tranquillit\u00e0 e la massima sicurezza<\/strong>.  <\/p>\n\n\t\t<\/div>\n\t\t\t\t\n<style>\n#col-246464569 > .col-inner {\n  padding: 0px 0px 0px 0px;\n}\n@media (min-width:850px) {\n  #col-246464569 > .col-inner {\n    padding: 0px 50px 0px 50px;\n  }\n}\n<\/style>\n\t<\/div>\n\n\t\n\n\t<div id=\"col-815778197\" class=\"col medium-9 small-12 large-6 medium-col-first\"  >\n\t\t\t\t<div class=\"col-inner\"  >\n\t\t\t\n\t\t\t\n\n\n  <div class=\"banner has-hover\" id=\"banner-302752779\">\n          <div class=\"banner-inner fill\">\n        <div class=\"banner-bg fill\" >\n            <img decoding=\"async\" width=\"2000\" height=\"1400\" src=\"https:\/\/aroha.nl\/wp-content\/uploads\/2024\/10\/EU-png.webp\" class=\"bg attachment-original size-original not-transparent\" alt=\"\" data-has-transparency=\"false\" data-dominant-color=\"a8b9c3\" style=\"--dominant-color: #a8b9c3;\" \/>                                    \n                    <\/div>\n\t\t\n        <div class=\"banner-layers container\">\n            <div class=\"fill banner-link\"><\/div>            \n\n   <div id=\"text-box-1402201155\" class=\"text-box banner-layer x50 md-x50 lg-x50 y50 md-y50 lg-y50 res-text\">\n                                <div class=\"text-box-content text dark\">\n              \n              <div class=\"text-inner text-center\">\n                  \n\n\n              <\/div>\n           <\/div>\n                            \n<style>\n#text-box-1402201155 {\n  width: 60%;\n}\n#text-box-1402201155 .text-box-content {\n  font-size: 100%;\n}\n@media (min-width:550px) {\n  #text-box-1402201155 {\n    width: 60%;\n  }\n}\n<\/style>\n    <\/div>\n \n\n        <\/div>\n      <\/div>\n\n            \n<style>\n#banner-302752779 {\n  padding-top: 300px;\n}\n#banner-302752779 .banner-bg img {\n  object-position: 40% 41%;\n}\n@media (min-width:850px) {\n  #banner-302752779 {\n    padding-top: 70%;\n  }\n}\n<\/style>\n  <\/div>\n\n\n\n\t\t<\/div>\n\t\t\t\t\t<\/div>\n\n\t\n\n<\/div>\n\n\t\t<\/div>\n\n\t\t\n<style>\n#section_185488192 {\n  padding-top: 0px;\n  padding-bottom: 0px;\n}\n<\/style>\n\t<\/section>\n\t\n\n\t<section class=\"section\" id=\"section_488186698\">\n\t\t<div class=\"section-bg fill\" >\n\t\t\t\t\t\t\t\t\t\n\t\t\t\n\n\t\t<\/div>\n\n\t\t\n\n\t\t<div class=\"section-content relative\">\n\t\t\t\n\n<div class=\"row row-large align-middle align-center\" style=\"max-width:1400px\" id=\"row-1099740584\">\n\n\n\t<div id=\"col-1872441713\" class=\"col medium-9 small-12 large-6\"  >\n\t\t\t\t<div class=\"col-inner\"  >\n\t\t\t\n\t\t\t\n\n\n  <div class=\"banner has-hover\" id=\"banner-287703933\">\n          <div class=\"banner-inner fill\">\n        <div class=\"banner-bg fill\" >\n            <img decoding=\"async\" width=\"1650\" height=\"1275\" src=\"https:\/\/aroha.nl\/wp-content\/uploads\/2025\/09\/e_2018_sdg_poster_without_un_emblem_letter_us.avif\" class=\"bg attachment-original size-original\" alt=\"\" \/>                                    \n                    <\/div>\n\t\t\n        <div class=\"banner-layers container\">\n            <div class=\"fill banner-link\"><\/div>            \n\n   <div id=\"text-box-766196113\" class=\"text-box banner-layer x50 md-x50 lg-x50 y50 md-y50 lg-y50 res-text\">\n                                <div class=\"text-box-content text dark\">\n              \n              <div class=\"text-inner text-center\">\n                  \n\n\n              <\/div>\n           <\/div>\n                            \n<style>\n#text-box-766196113 {\n  width: 60%;\n}\n#text-box-766196113 .text-box-content {\n  font-size: 100%;\n}\n@media (min-width:550px) {\n  #text-box-766196113 {\n    width: 60%;\n  }\n}\n<\/style>\n    <\/div>\n \n\n        <\/div>\n      <\/div>\n\n            \n<style>\n#banner-287703933 {\n  padding-top: 300px;\n}\n#banner-287703933 .banner-bg img {\n  object-position: 10% 42%;\n}\n@media (min-width:850px) {\n  #banner-287703933 {\n    padding-top: 70%;\n  }\n}\n<\/style>\n  <\/div>\n\n\n\n\t\t<\/div>\n\t\t\t\t\t<\/div>\n\n\t\n\n\t<div id=\"col-374925024\" class=\"col medium-9 small-12 large-6\"  >\n\t\t\t\t<div class=\"col-inner text-left\"  >\n\t\t\t\n\t\t\t\n\n<h6>innovazione ambientale<\/h6>\n<h3><span style=\"font-size: 160%;\">Sostenibilit\u00e0<\/span><\/h3>\n<p>I nostri rilevatori sono progettati per durare a lungo. Grazie alla <strong data-start=\"568\" data-end=\"589\">batteria<\/strong> integrata <strong data-start=\"568\" data-end=\"589\">della durata di 10 anni<\/strong> e ai materiali di alta qualit\u00e0, non dovrai preoccuparti di manutenzione o sostituzione per anni. In questo modo si riducono gli sprechi e si contribuisce a una soluzione di sicurezza antincendio pi\u00f9 rispettosa dell&#8217;ambiente.<br data-start=\"790\" data-end=\"793\">In Aroha Electronics crediamo che <strong data-start=\"830\" data-end=\"878\">sicurezza e sostenibilit\u00e0 vadano<\/strong> di <strong data-start=\"830\" data-end=\"878\">pari passo<\/strong>: per la tua famiglia e per il futuro del nostro pianeta.  <\/p>\n\n\t\t<\/div>\n\t\t\t\t\n<style>\n#col-374925024 > .col-inner {\n  padding: 0px 0px 0px 0px;\n}\n@media (min-width:850px) {\n  #col-374925024 > .col-inner {\n    padding: 0px 50px 0px 50px;\n  }\n}\n<\/style>\n\t<\/div>\n\n\t\n\n<\/div>\n\n\t\t<\/div>\n\n\t\t\n<style>\n#section_488186698 {\n  padding-top: 0px;\n  padding-bottom: 0px;\n}\n<\/style>\n\t<\/section>\n\t\n\n\t<div id=\"gap-835098863\" class=\"gap-element clearfix\" style=\"display:block; height:auto;\">\n\t\t\n<style>\n#gap-835098863 {\n  padding-top: 30px;\n}\n@media (min-width:850px) {\n  #gap-835098863 {\n    padding-top: 70px;\n  }\n}\n<\/style>\n\t<\/div>\n\t\n\n\n\t<section class=\"section\" id=\"section_1124355261\">\n\t\t<div class=\"section-bg fill\" >\n\t\t\t\t\t\t\t\t\t\n\t\t\t\n\n\t\t<\/div>\n\n\t\t\n\n\t\t<div class=\"section-content relative\">\n\t\t\t\n\n<div class=\"row row-large\" style=\"max-width:1400px\" id=\"row-390720167\">\n\n\n\t<div id=\"col-708681504\" class=\"col medium-4 small-12 large-4\"  >\n\t\t\t\t<div class=\"col-inner\"  >\n\t\t\t\n\t\t\t\n\n\t<div class=\"box has-hover   has-hover box-text-bottom\" >\n\n\t\t<div class=\"box-image\" >\n\t\t\t<a href=\"#\" >\t\t\t<div class=\"image-zoom image-cover\" style=\"padding-top:56.25%;\">\n\t\t\t\t<img decoding=\"async\" width=\"2000\" height=\"1046\" src=\"https:\/\/aroha.nl\/wp-content\/uploads\/2024\/10\/T_V_Rheinland_headquarters_Cologne__Germany_01-jpg.webp\" class=\"attachment- size- not-transparent\" alt=\"\" srcset=\"https:\/\/aroha.nl\/wp-content\/uploads\/2024\/10\/T_V_Rheinland_headquarters_Cologne__Germany_01-jpg.webp 2000w, https:\/\/aroha.nl\/wp-content\/uploads\/2024\/10\/T_V_Rheinland_headquarters_Cologne__Germany_01-765x400.webp 765w, https:\/\/aroha.nl\/wp-content\/uploads\/2024\/10\/T_V_Rheinland_headquarters_Cologne__Germany_01-1400x732.webp 1400w, https:\/\/aroha.nl\/wp-content\/uploads\/2024\/10\/T_V_Rheinland_headquarters_Cologne__Germany_01-768x402.webp 768w, https:\/\/aroha.nl\/wp-content\/uploads\/2024\/10\/T_V_Rheinland_headquarters_Cologne__Germany_01-1536x803.webp 1536w, https:\/\/aroha.nl\/wp-content\/uploads\/2024\/10\/T_V_Rheinland_headquarters_Cologne__Germany_01-510x267.webp 510w\" sizes=\"(max-width: 2000px) 100vw, 2000px\" data-has-transparency=\"false\" data-dominant-color=\"92a9c1\" style=\"--dominant-color: #92a9c1;\" \/>\t\t\t\t\t\t\t\t\t\t\t<\/div>\n\t\t\t<\/a>\t\t<\/div>\n\n\t\t<div class=\"box-text text-center\" >\n\t\t\t<div class=\"box-text-inner\">\n\t\t\t\t\n\n<h3><span style=\"font-size: 150%;\">Certificazioni CE<\/span><\/h3>\n\t<div id=\"gap-820389912\" class=\"gap-element clearfix\" style=\"display:block; height:auto;\">\n\t\t\n<style>\n#gap-820389912 {\n  padding-top: 10px;\n}\n<\/style>\n\t<\/div>\n\t\n\n<p>I nostri rilevatori sono completamente <strong data-start=\"284\" data-end=\"305\">certificati CE<\/strong> e conformi ai pi\u00f9 severi standard di sicurezza europei. Ci\u00f2 significa che sono stati ampiamente testati per verificarne la funzionalit\u00e0, l&#8217;affidabilit\u00e0 e la durata. Grazie a queste certificazioni, puoi essere certo che i nostri prodotti sono <strong data-start=\"523\" data-end=\"548\">sicuri e affidabili<\/strong> per la tua casa.  <\/p>\n\n\t\t\t<\/div>\n\t\t<\/div>\n\t<\/div>\n\t\n\n\t\t<\/div>\n\t\t\t\t\t<\/div>\n\n\t\n\n\t<div id=\"col-451049079\" class=\"col medium-4 small-12 large-4\"  >\n\t\t\t\t<div class=\"col-inner\"  >\n\t\t\t\n\t\t\t\n\n\t<div class=\"box has-hover   has-hover box-text-bottom\" >\n\n\t\t<div class=\"box-image\" >\n\t\t\t<a href=\"#\" >\t\t\t<div class=\"image-zoom image-cover\" style=\"padding-top:56.25%;\">\n\t\t\t\t<img decoding=\"async\" width=\"725\" height=\"483\" src=\"https:\/\/aroha.nl\/wp-content\/uploads\/2024\/10\/microchip-produstion-factory.png.webp\" class=\"attachment- size- not-transparent\" alt=\"\" srcset=\"https:\/\/aroha.nl\/wp-content\/uploads\/2024\/10\/microchip-produstion-factory.png.webp 725w, https:\/\/aroha.nl\/wp-content\/uploads\/2024\/10\/microchip-produstion-factory.png-600x400.webp 600w, https:\/\/aroha.nl\/wp-content\/uploads\/2024\/10\/microchip-produstion-factory.png-510x340.webp 510w\" sizes=\"(max-width: 725px) 100vw, 725px\" data-has-transparency=\"false\" data-dominant-color=\"939193\" style=\"--dominant-color: #939193;\" \/>\t\t\t\t\t\t\t\t\t\t\t<\/div>\n\t\t\t<\/a>\t\t<\/div>\n\n\t\t<div class=\"box-text text-center\" >\n\t\t\t<div class=\"box-text-inner\">\n\t\t\t\t\n\n<h3><span style=\"font-size: 150%;\">Procedure di test approfondite<\/span><\/h3>\n\t<div id=\"gap-772384863\" class=\"gap-element clearfix\" style=\"display:block; height:auto;\">\n\t\t\n<style>\n#gap-772384863 {\n  padding-top: 10px;\n}\n<\/style>\n\t<\/div>\n\t\n\n<p>Prima che i nostri rilevatori lascino la fabbrica, vengono sottoposti a una serie di <strong data-start=\"796\" data-end=\"851\">test completi nelle nostre camere di prova<\/strong>. In queste camere controlliamo la sensibilit\u00e0 dei sensori, l&#8217;affidabilit\u00e0 del segnale di allarme e la qualit\u00e0 complessiva del prodotto. Solo i rilevatori che superano questi rigorosi controlli di qualit\u00e0 vengono consegnati ai nostri clienti. Questo garantisce la <strong data-start=\"1110\" data-end=\"1150\">massima qualit\u00e0 e affidabilit\u00e0<\/strong>.   <\/p>\n\n\t\t\t<\/div>\n\t\t<\/div>\n\t<\/div>\n\t\n\n\t\t<\/div>\n\t\t\t\t\t<\/div>\n\n\t\n\n\t<div id=\"col-1102182038\" class=\"col medium-4 small-12 large-4\"  >\n\t\t\t\t<div class=\"col-inner\"  >\n\t\t\t\n\t\t\t\n\n\t<div class=\"box has-hover   has-hover box-text-bottom\" >\n\n\t\t<div class=\"box-image\" >\n\t\t\t<a href=\"#\" >\t\t\t<div class=\"image-zoom image-cover\" style=\"padding-top:56.25%;\">\n\t\t\t\t<img decoding=\"async\" width=\"725\" height=\"483\" src=\"https:\/\/aroha.nl\/wp-content\/uploads\/2024\/10\/electromic-engineer-testing.webp\" class=\"attachment- size- not-transparent\" alt=\"\" srcset=\"https:\/\/aroha.nl\/wp-content\/uploads\/2024\/10\/electromic-engineer-testing.webp 725w, https:\/\/aroha.nl\/wp-content\/uploads\/2024\/10\/electromic-engineer-testing-600x400.webp 600w, https:\/\/aroha.nl\/wp-content\/uploads\/2024\/10\/electromic-engineer-testing-510x340.webp 510w\" sizes=\"(max-width: 725px) 100vw, 725px\" data-has-transparency=\"false\" data-dominant-color=\"9a9799\" style=\"--dominant-color: #9a9799;\" \/>\t\t\t\t\t\t\t\t\t\t\t<\/div>\n\t\t\t<\/a>\t\t<\/div>\n\n\t\t<div class=\"box-text text-center\" >\n\t\t\t<div class=\"box-text-inner\">\n\t\t\t\t\n\n<h3><span style=\"font-size: 150%;\">Miglioramento continuo<\/span><\/h3>\n\t<div id=\"gap-549051203\" class=\"gap-element clearfix\" style=\"display:block; height:auto;\">\n\t\t\n<style>\n#gap-549051203 {\n  padding-top: 10px;\n}\n<\/style>\n\t<\/div>\n\t\n\n<p>Noi di Aroha Electronics crediamo nel miglioramento continuo e nell&#8217;innovazione. Investiamo continuamente in nuove tecnologie e metodi di test avanzati per garantire che i nostri rilevatori siano sempre conformi ai <strong data-start=\"1514\" data-end=\"1553\">pi\u00f9 recenti standard di sicurezza europei<\/strong>. Il nostro team di esperti continua a ottimizzare i controlli di qualit\u00e0 per garantirti la <strong data-start=\"1648\" data-end=\"1697\">massima sicurezza e tranquillit\u00e0 a lungo termine<\/strong>.  <\/p>\n\n\t\t\t<\/div>\n\t\t<\/div>\n\t<\/div>\n\t\n\n\t\t<\/div>\n\t\t\t\t\t<\/div>\n\n\t\n\n\n<style>\n#row-390720167 > .col > .col-inner {\n  padding: 0px 0px 0px 0px;\n}\n<\/style>\n<\/div>\n\t<div id=\"gap-514448282\" class=\"gap-element clearfix\" style=\"display:block; height:auto;\">\n\t\t\n<style>\n#gap-514448282 {\n  padding-top: 30px;\n}\n@media (min-width:850px) {\n  #gap-514448282 {\n    padding-top: 70px;\n  }\n}\n<\/style>\n\t<\/div>\n\t\n\n\n\t\t<\/div>\n\n\t\t\n<style>\n#section_1124355261 {\n  padding-top: 30px;\n  padding-bottom: 30px;\n}\n<\/style>\n\t<\/section>\n\t\n\n\t<section class=\"section dark has-parallax\" id=\"section_1751527657\">\n\t\t<div class=\"section-bg fill\" data-parallax-container=\".section\" data-parallax-background data-parallax=\"-1\">\n\t\t\t<img decoding=\"async\" width=\"2560\" height=\"1707\" src=\"https:\/\/aroha.nl\/wp-content\/uploads\/2023\/07\/attractive-laughing-freelancer-woman-posing-with-cup-coffee-her-workplace-chinese-student-blue-shirt-works-with-document-campus-with-blonde-friend-glasses-scaled.jpg\" class=\"bg attachment-original size-original\" alt=\"Customer support\" \/>\t\t\t\t\t\t<div class=\"section-bg-overlay absolute fill\"><\/div>\n\t\t\t\n\n\t\t<\/div>\n\n\t\t\n\n\t\t<div class=\"section-content relative\">\n\t\t\t\n\n\t<div id=\"gap-1036505729\" class=\"gap-element clearfix\" style=\"display:block; height:auto;\">\n\t\t\n<style>\n#gap-1036505729 {\n  padding-top: 30px;\n}\n<\/style>\n\t<\/div>\n\t\n\n<div class=\"row align-center\"  id=\"row-667436114\">\n\n\n\t<div id=\"col-1254582829\" class=\"col medium-9 small-12 large-9\"  >\n\t\t\t\t<div class=\"col-inner text-center\"  >\n\t\t\t\n\t\t\t\n\n<h3><span style=\"font-size: 150%;\">Contattaci personalmente<\/span><\/h3>\n<p class=\"lead\">Rivolgiti a uno dei nostri esperti per ricevere una consulenza personalizzata o un aiuto diretto per le tue domande.<\/p>\n<a href=\"https:\/\/aroha.nl\/it\/contact\/\" class=\"button primary\" style=\"border-radius:22px;\">\n\t\t<span>Contatto<\/span>\n\t<\/a>\n\n\n\n\t\t<\/div>\n\t\t\t\t\t<\/div>\n\n\t\n\n<\/div>\n\n\t\t<\/div>\n\n\t\t\n<style>\n#section_1751527657 {\n  padding-top: 30px;\n  padding-bottom: 30px;\n  min-height: 300px;\n  background-color: rgb(0, 0, 0);\n}\n#section_1751527657 .section-bg-overlay {\n  background-color: rgba(0,0,0,.5);\n}\n#section_1751527657 .section-bg img {\n  object-position: 24% 35%;\n}\n@media (min-width:550px) {\n  #section_1751527657 {\n    min-height: 400px;\n  }\n}\n<\/style>\n\t<\/section>\n\t\n\n","protected":false},"excerpt":{"rendered":"","protected":false},"author":1,"featured_media":0,"parent":0,"menu_order":0,"comment_status":"closed","ping_status":"closed","template":"page-transparent-header-light.php","meta":{"footnotes":""},"class_list":["post-6513","page","type-page","status-publish","hentry"],"_links":{"self":[{"href":"https:\/\/aroha.nl\/it\/wp-json\/wp\/v2\/pages\/6513","targetHints":{"allow":["GET"]}}],"collection":[{"href":"https:\/\/aroha.nl\/it\/wp-json\/wp\/v2\/pages"}],"about":[{"href":"https:\/\/aroha.nl\/it\/wp-json\/wp\/v2\/types\/page"}],"author":[{"embeddable":true,"href":"https:\/\/aroha.nl\/it\/wp-json\/wp\/v2\/users\/1"}],"replies":[{"embeddable":true,"href":"https:\/\/aroha.nl\/it\/wp-json\/wp\/v2\/comments?post=6513"}],"version-history":[{"count":9,"href":"https:\/\/aroha.nl\/it\/wp-json\/wp\/v2\/pages\/6513\/revisions"}],"predecessor-version":[{"id":9044,"href":"https:\/\/aroha.nl\/it\/wp-json\/wp\/v2\/pages\/6513\/revisions\/9044"}],"wp:attachment":[{"href":"https:\/\/aroha.nl\/it\/wp-json\/wp\/v2\/media?parent=6513"}],"curies":[{"name":"wp","href":"https:\/\/api.w.org\/{rel}","templated":true}]}}