{"id":6639,"date":"2024-10-24T13:13:02","date_gmt":"2024-10-24T13:13:02","guid":{"rendered":"https:\/\/aroha.nl\/product\/detecteur-de-chaleur-fumee-aroha-link\/"},"modified":"2026-03-19T17:30:05","modified_gmt":"2026-03-19T16:30:05","slug":"aroha-link-heat-smoke","status":"publish","type":"product","link":"https:\/\/aroha.nl\/fr\/produit\/aroha-link-heat-smoke\/","title":{"rendered":"D\u00e9tecteur de chaleur\/fum\u00e9e Aroha Link Sleep Line"},"content":{"rendered":"<h3>Choisissez entre la d\u00e9tection de chaleur ou de fum\u00e9e<\/h3>\n<ul>\n<li><strong>R\u00e9glages flexibles :<\/strong> avec le d\u00e9tecteur de chaleur\/fum\u00e9e Aroha Link, vous pouvez facilement choisir entre la d\u00e9tection de chaleur ou de fum\u00e9e, afin de s\u00e9lectionner le r\u00e9glage qui convient le mieux \u00e0 votre situation. Ce d\u00e9tecteur <u>ne peut pas<\/u> d\u00e9tecter la fum\u00e9e et la chaleur en m\u00eame temps ; vous devez choisir entre la d\u00e9tection de la fum\u00e9e et la d\u00e9tection de la chaleur. <\/li>\n<li><strong>Le d\u00e9tecteur de chaleur \u00e9vite les fausses alarmes :<\/strong> Les d\u00e9tecteurs de chaleur sont moins sensibles \u00e0 la fum\u00e9e et \u00e0 la vapeur, ce qui les rend id\u00e9aux pour les zones telles que les cuisines et les salles de bains, o\u00f9 la chaleur et la vapeur sont courantes.<\/li>\n<li><strong>D\u00e9tection de chaleur :<\/strong> lorsqu&rsquo;il est r\u00e9gl\u00e9 sur la d\u00e9tection de chaleur, le d\u00e9tecteur r\u00e9agit aux changements soudains de temp\u00e9rature qui peuvent indiquer un incendie. Cette fonction est particuli\u00e8rement efficace pour les incendies qui ne produisent pas de fum\u00e9e, comme certains incendies d&rsquo;origine \u00e9lectrique. <\/li>\n<\/ul>\n<h3>Sonnez l&rsquo;alarme dans n&rsquo;importe quelle pi\u00e8ce avec Aroha Link<\/h3>\n<ul>\n<li><strong>Alarmes synchronis\u00e9es :<\/strong> avec les d\u00e9tecteurs de fum\u00e9e, de chaleur, de monoxyde de carbone et les d\u00e9tecteurs combin\u00e9s Aroha Link, vous cr\u00e9ez un puissant r\u00e9seau interconnect\u00e9 qui couvre toute votre maison. Vous ne manquerez plus jamais une alarme dans votre maison ! <\/li>\n<li><strong>R\u00e9seau extensible :<\/strong> d\u00e9veloppez facilement jusqu&rsquo;\u00e0 <strong>30<\/strong> d\u00e9tecteurs Aroha Link, sans avoir besoin d&rsquo;un hub, avec une port\u00e9e de transmission allant jusqu&rsquo;\u00e0 100 m\u00e8tres sans obstacles (murs, plafonds, etc.).<\/li>\n<li><strong>Alarme puissante de<\/strong> 85 <strong>dB :<\/strong> la puissante alarme de 85 dB vous alerte dans les 10 secondes via tous les d\u00e9tecteurs Aroha Link interconnect\u00e9s. Cela vous permet de r\u00e9agir rapidement, car un incendie de maison peut se propager en 3 minutes seulement. Il est essentiel que vous entendiez l&rsquo;alarme imm\u00e9diatement et que vous puissiez agir rapidement.  <\/li>\n<\/ul>\n<h3>10 ans de s\u00e9curit\u00e9<\/h3>\n<ul>\n<li><strong>Batterie de 10 ans :<\/strong> fonctionnement sans souci gr\u00e2ce \u00e0 la batterie au lithium non rempla\u00e7able qui assure une protection ininterrompue pendant 10 ans.<\/li>\n<li><strong>Capteurs photo\u00e9lectriques avanc\u00e9s :<\/strong> ces capteurs innovants d\u00e9tectent plus rapidement et plus efficacement la fum\u00e9e des feux qui couvent lentement (par exemple, les c\u00e2bles \u00e9lectriques).<\/li>\n<li><strong>S\u00e9curit\u00e9 certifi\u00e9e :<\/strong> test\u00e9 de mani\u00e8re approfondie et certifi\u00e9 conforme aux normes CE (EN14604), ce d\u00e9tecteur de chaleur ou de fum\u00e9e sans fil avec batterie de 10 ans est conforme aux normes europ\u00e9ennes les plus strictes.<\/li>\n<li><strong>Autotest intelligent :<\/strong> le d\u00e9tecteur de chaleur\/alarme incendie associable effectue un autotest toutes les minutes, garantissant ainsi une protection fiable \u00e0 tout moment.<\/li>\n<li><strong>Indicateur de batterie faible :<\/strong> des alertes de maintenance proactives vous permettent de savoir \u00e0 temps si la batterie est faible et si le d\u00e9tecteur de chaleur\/fum\u00e9e doit \u00eatre remplac\u00e9.<\/li>\n<\/ul>\n<h3>Convivialit\u00e9 et facilit\u00e9 d&rsquo;utilisation<\/h3>\n<ul>\n<li><strong>Un sommeil paisible :<\/strong> Dormez paisiblement et en toute s\u00e9curit\u00e9 gr\u00e2ce \u00e0 la conception intelligente de la gamme Aroha Sleep. Le voyant LED ne clignote que lorsqu&rsquo;une alarme retentit, sans voyant de veille g\u00eanant. Vous pouvez ainsi dormir tranquillement dans une pi\u00e8ce sombre et calme, avec la tranquillit\u00e9 d&rsquo;esprit d&rsquo;une protection totale. <\/li>\n<li><strong>Conception conviviale :<\/strong> facile \u00e0 tester et \u00e0 mettre en sourdine gr\u00e2ce \u00e0 la conception intelligente de la face avant du d\u00e9tecteur de fum\u00e9e, qui sert de bouton de test et de mise en sourdine. Lorsque vous mettez un d\u00e9tecteur en sourdine ou que vous le testez, tous les d\u00e9tecteurs Aroha Link connect\u00e9s sans fil le font automatiquement. <\/li>\n<li><strong>Id\u00e9al pour les endroits difficiles d&rsquo;acc\u00e8s :<\/strong> vous pouvez appuyer sur le bouton de test et de mise sous silence avec un manche \u00e0 balai, tout en restant en s\u00e9curit\u00e9 sur le sol. Gr\u00e2ce \u00e0 la dur\u00e9e de vie de 10 ans des piles, il n&rsquo;est pas n\u00e9cessaire de les changer. <\/li>\n<\/ul>\n<p>&nbsp;<\/p>\n<h2>Aroha : protection contre l&rsquo;incendie aux Pays-Bas<\/h2>\n<p>En tant que marque n\u00e9erlandaise, nous accordons toujours la priorit\u00e9 \u00e0 votre s\u00e9curit\u00e9 et \u00e0 votre satisfaction. Nos d\u00e9tecteurs de fum\u00e9e, d\u00e9tecteurs de chaleur, d\u00e9tecteurs de monoxyde de carbone et d\u00e9tecteurs combin\u00e9s innovants r\u00e9pondent aux normes europ\u00e9ennes les plus strictes gr\u00e2ce \u00e0 notre expertise et \u00e0 notre souci de qualit\u00e9. Notre \u00e9quipe de sp\u00e9cialistes d\u00e9vou\u00e9s n&rsquo;est satisfaite que lorsque vous l&rsquo;\u00eates !  <\/p>\n<p>&nbsp;<\/p>\n<h3>O\u00f9 placez-vous votre d\u00e9tecteur de chaleur\/fum\u00e9e ?<\/h3>\n<p>Pour en savoir plus sur les obligations l\u00e9gales dans votre pays <a href=\"https:\/\/aroha.nl\/support\/\">, cliquez ici.<\/a>  Outre le respect des obligations l\u00e9gales, nous vous conseillons d&rsquo;optimiser la s\u00e9curit\u00e9 incendie de votre habitation en installant des d\u00e9tecteurs de chaleur\/fum\u00e9e \u00e0 des endroits strat\u00e9giques :<\/p>\n<ul>\n<li><strong>Voies d&rsquo;\u00e9vacuation :<\/strong> placez des d\u00e9tecteurs de fum\u00e9e dans les couloirs et pr\u00e8s des escaliers, surtout s&rsquo;ils m\u00e8nent \u00e0 des chambres. Cela permet de d\u00e9tecter rapidement la fum\u00e9e et de r\u00e9agir \u00e0 temps. <\/li>\n<li><strong>Chambres \u00e0 coucher :<\/strong> il est essentiel d&rsquo;installer des d\u00e9tecteurs de fum\u00e9e dans les chambres \u00e0 coucher ou \u00e0 proximit\u00e9 de celles-ci afin que l&rsquo;alarme puisse alerter tout le monde pendant la nuit. Cela augmente les chances que les r\u00e9sidents soient r\u00e9veill\u00e9s \u00e0 temps en cas d&rsquo;incendie.  Pour ce faire, choisissez un d\u00e9tecteur de fum\u00e9e Sleep Line adapt\u00e9 \u00e0 la chambre \u00e0 coucher et d\u00e9pourvu de voyant de veille, comme ce <strong>d\u00e9tecteur de chaleur\/incendie<\/strong> interconnectable <strong>Aroha Link<\/strong>.<\/li>\n<li><strong>Salles de s\u00e9jour :<\/strong> il est important d&rsquo;installer un d\u00e9tecteur de fum\u00e9e dans la salle de s\u00e9jour, surtout si des appareils susceptibles de provoquer de la fum\u00e9e et des incendies, tels qu&rsquo;une chemin\u00e9e, y sont souvent utilis\u00e9s.<\/li>\n<li><strong>Cuisines :<\/strong> il <u>n&rsquo;est pas<\/u> recommand\u00e9 d&rsquo;installer des d\u00e9tecteurs de fum\u00e9e directement dans les cuisines en raison du risque de fausses alarmes caus\u00e9es par les fum\u00e9es de cuisson. Placez ce d\u00e9tecteur de chaleur\/fum\u00e9e en <strong>mode chaleur<\/strong> pour d\u00e9tecter un incendie \u00e0 temps. <\/li>\n<li><strong>Salles de bains, garages :<\/strong> pour \u00e9viter les fausses alertes, \u00e9vitez de placer les d\u00e9tecteurs de fum\u00e9e dans des endroits tr\u00e8s humides, tels que les salles de bains et les garages. Placez ce d\u00e9tecteur de chaleur\/fum\u00e9e en <strong>mode chaleur<\/strong> pour d\u00e9tecter un incendie \u00e0 temps. <\/li>\n<li><strong>Dans le rayon d&rsquo;action d&rsquo;un groupe interconnect\u00e9 :<\/strong> les d\u00e9tecteurs Aroha Link ont une port\u00e9e de transmission allant jusqu&rsquo;\u00e0 100 m\u00e8tres sans obstacles, tels que des murs, des portes et des plafonds. Assurez-vous que les d\u00e9tecteurs Aroha Link sont \u00e0 port\u00e9e les uns des autres afin qu&rsquo;ils puissent d\u00e9clencher des alarmes synchronis\u00e9es. <\/li>\n<\/ul>\n<p><strong>Note : Ce d\u00e9tecteur Aroha Link est un d\u00e9tecteur interconnectable sans WiFi.  <\/strong><br \/>\nVous pr\u00e9f\u00e9rez un d\u00e9tecteur qui peut \u00eatre connect\u00e9 \u00e0 une application via le WiFi, mais qui n&rsquo;a pas d&rsquo;interconnexion ? Dans ce cas, jetez un coup d&rsquo;\u0153il aux d\u00e9tecteurs Aroha Smart Connect. Si vous souhaitez combiner \u00e0 la fois l&rsquo;interconnexion et la connexion \u00e0 une appli via Wifi, vous pouvez choisir le <strong>d\u00e9tecteur de fum\u00e9e Aroha Smart Connect &amp; Link<\/strong>. Vous pr\u00e9f\u00e9rez un d\u00e9tecteur autonome que vous pouvez installer en 1 minute ? Optez alors pour un d\u00e9tecteur <strong>Aroha Safety Pro<\/strong>.    <\/p>\n<p>&nbsp;<\/p>\n<h3>Contenu de l&#8217;emballage :<\/h3>\n<ul>\n<li>D\u00e9tecteur(s) de chaleur\/fum\u00e9e Aroha Link Sleep Line<\/li>\n<li>Batterie au lithium int\u00e9gr\u00e9e d&rsquo;une dur\u00e9e de vie de 10 ans<\/li>\n<li>Capteur photo\u00e9lectrique int\u00e9gr\u00e9 d&rsquo;une dur\u00e9e de vie de 10 ans<\/li>\n<li>Mat\u00e9riel de fixation avec vis et chevilles<\/li>\n<li>Manuel en n\u00e9erlandais, anglais, allemand, fran\u00e7ais, italien, espagnol et polonais<\/li>\n<li>Lien vers les instructions en ligne, avec une feuille de route compl\u00e8te pour l&rsquo;installation, des vid\u00e9os d&rsquo;installation, une FAQ et le support d&rsquo;une \u00e9quipe de sp\u00e9cialistes.<\/li>\n<\/ul>\n","protected":false},"excerpt":{"rendered":"<p>Prot\u00e9gez votre maison gr\u00e2ce \u00e0 un r\u00e9seau interconnect\u00e9 de d\u00e9tecteurs de chaleur\/fum\u00e9e Aroha Link. En cas de danger, l&rsquo;alarme puissante de 85 dB retentit sur tous les d\u00e9tecteurs de fum\u00e9e, de chaleur, de monoxyde de carbone et combin\u00e9s Aroha Link connect\u00e9s, pour que vous ne manquiez jamais une alarme chez vous. Avec son design adapt\u00e9 \u00e0 la chambre \u00e0 coucher et son absence de voyant de veille, ce d\u00e9tecteur de fum\u00e9e fait partie de la gamme Aroha Sleep, sp\u00e9cialement con\u00e7ue pour une nuit de sommeil paisible.  <\/p>\n","protected":false},"featured_media":5662,"comment_status":"open","ping_status":"closed","template":"","meta":[],"product_brand":[],"product_cat":[169,185,195,196,197,187],"product_tag":[],"class_list":{"0":"post-6639","1":"product","2":"type-product","3":"status-publish","4":"has-post-thumbnail","6":"product_cat-aroha-detecteurs-de-fumee","7":"product_cat-link","8":"product_cat-sleep","9":"product_cat-chaleur","10":"product_cat-detecteurs-de-chaleur-fumee-aroha-link","11":"product_cat-aroha-link-detecteurs-de-fumee","13":"first","14":"instock","15":"taxable","16":"shipping-taxable","17":"purchasable","18":"product-type-variable","19":"has-default-attributes"},"_links":{"self":[{"href":"https:\/\/aroha.nl\/fr\/wp-json\/wp\/v2\/product\/6639","targetHints":{"allow":["GET"]}}],"collection":[{"href":"https:\/\/aroha.nl\/fr\/wp-json\/wp\/v2\/product"}],"about":[{"href":"https:\/\/aroha.nl\/fr\/wp-json\/wp\/v2\/types\/product"}],"replies":[{"embeddable":true,"href":"https:\/\/aroha.nl\/fr\/wp-json\/wp\/v2\/comments?post=6639"}],"wp:featuredmedia":[{"embeddable":true,"href":"https:\/\/aroha.nl\/fr\/wp-json\/wp\/v2\/media\/5662"}],"wp:attachment":[{"href":"https:\/\/aroha.nl\/fr\/wp-json\/wp\/v2\/media?parent=6639"}],"wp:term":[{"taxonomy":"product_brand","embeddable":true,"href":"https:\/\/aroha.nl\/fr\/wp-json\/wp\/v2\/product_brand?post=6639"},{"taxonomy":"product_cat","embeddable":true,"href":"https:\/\/aroha.nl\/fr\/wp-json\/wp\/v2\/product_cat?post=6639"},{"taxonomy":"product_tag","embeddable":true,"href":"https:\/\/aroha.nl\/fr\/wp-json\/wp\/v2\/product_tag?post=6639"}],"curies":[{"name":"wp","href":"https:\/\/api.w.org\/{rel}","templated":true}]}}