{"id":6401,"date":"2023-03-28T16:26:17","date_gmt":"2023-03-28T16:26:17","guid":{"rendered":"https:\/\/aroha.nl\/product\/aroha-smart-connect-alarme-combinee-avec-detecteur-de-fumee-et-detecteur-de-monoxyde-de-carbone\/"},"modified":"2026-04-03T18:30:49","modified_gmt":"2026-04-03T17:30:49","slug":"smart-connect-combination","status":"publish","type":"product","link":"https:\/\/aroha.nl\/fr\/produit\/smart-connect-combination\/","title":{"rendered":"D\u00e9tecteur combin\u00e9 Aroha Smart Connect"},"content":{"rendered":"<h3>Toujours en ligne avec Aroha Smart Connect<\/h3>\n<ul>\n<li><strong>Alarme instantan\u00e9e via l&rsquo;application :<\/strong> alerte dans les 10 secondes avec une notification sur le t\u00e9l\u00e9phone connect\u00e9, en plus d&rsquo;une <strong>alarme puissante de 85 dB<\/strong> \u00e9mise par le d\u00e9tecteur de fum\u00e9e et de monoxyde de carbone connect\u00e9 sans fil.<\/li>\n<li><strong>Contr\u00f4le et surveillance en 1 appli : <\/strong>Avec l&rsquo;appli gratuite Tuya Smart ou SmartLife, vous recevez des notifications instantan\u00e9es en cas d&rsquo;alarme, vous pouvez v\u00e9rifier l&rsquo;\u00e9tat de la batterie, mettre le d\u00e9tecteur en sourdine et consulter l&rsquo;historique des notifications gratuitement. Vous pouvez \u00e9galement personnaliser les noms des d\u00e9tecteurs, les diviser en \u00ab\u00a0pi\u00e8ces\u00a0\u00bb et partager le contr\u00f4le avec d&rsquo;autres utilisateurs.  Vous <u>ne pouvez pas<\/u> lire la valeur actuelle du CO dans l&rsquo;application.<\/li>\n<li><strong>Partager le contr\u00f4le :<\/strong> donnez un acc\u00e8s s\u00e9curis\u00e9 au d\u00e9tecteur combin\u00e9 intelligent connect\u00e9 \u00e0 des membres de votre famille, par exemple. Comme vous, ils peuvent voir le statut en temps r\u00e9el, recevoir des notifications d&rsquo;alarme et contr\u00f4ler le d\u00e9tecteur via leurs propres comptes Tuya Smart ou SmartLife. <\/li>\n<li><strong>Pas d&rsquo;interconnexion :<\/strong> ce d\u00e9tecteur intelligent fonctionne de mani\u00e8re ind\u00e9pendante. Il n&rsquo;y a pas d&rsquo;interconnexion sans fil entre plusieurs d\u00e9tecteurs et les alarmes ne sont pas transmises de mani\u00e8re synchronis\u00e9e \u00e0 d&rsquo;autres d\u00e9tecteurs Aroha Smart Connect. <\/li>\n<li><strong>Tuya ou SmartLife :<\/strong> les d\u00e9tecteurs de fum\u00e9e, de monoxyde de carbone et combin\u00e9s Aroha Smart Connect fonctionnent <span style=\"text-decoration: underline;\">exclusivement<\/span> avec l&rsquo;appli Tuya Smart ou l&rsquo;appli SmartLife. Vous pouvez connecter le d\u00e9tecteur via le WiFi 2,4 GHz \u00e0 l&rsquo;une ou l&rsquo;autre de ces deux applications. Les d\u00e9tecteurs smart <em>ne peuvent pas<\/em> \u00eatre connect\u00e9s \u00e0 des apps ou syst\u00e8mes autres que Tuya Smart et SmartLife.  <\/li>\n<\/ul>\n<h3>Double protection contre la fum\u00e9e et le CO<\/h3>\n<ul>\n<li><strong>S\u00e9curit\u00e9 2 en 1 :<\/strong> un d\u00e9tecteur combin\u00e9 WiFi qui d\u00e9tecte \u00e0 la fois la fum\u00e9e et le monoxyde de carbone. Vous n&rsquo;avez pas \u00e0 vous pr\u00e9occuper de plusieurs d\u00e9tecteurs, mais vous b\u00e9n\u00e9ficiez d&rsquo;une s\u00e9curit\u00e9 totale et instantan\u00e9e contre deux dangers majeurs : l&rsquo;incendie et l&rsquo;intoxication au monoxyde de carbone. <\/li>\n<li><strong>Alarmes CO avanc\u00e9es :<\/strong> l&rsquo;indicateur de CO vous alerte par une forte alarme de 85 dB en cas de niveaux dangereux de monoxyde de carbone. Il d\u00e9tecte la menace invisible et inodore du gaz CO afin que vous puissiez agir imm\u00e9diatement et vous prot\u00e9ger, vous et votre famille, des dangers potentiels d&rsquo;une combustion incompl\u00e8te dans les chaudi\u00e8res de chauffage central, les geysers ou les chemin\u00e9es, par exemple. <\/li>\n<li><strong>Alerte pr\u00e9coce :<\/strong> recevez des alertes pr\u00e9coces en cas de faibles concentrations de monoxyde de carbone. Gr\u00e2ce aux capteurs avanc\u00e9s, vous \u00eates d\u00e9j\u00e0 alert\u00e9 en cas d&rsquo;augmentation minime des niveaux de CO, ce qui vous permet de r\u00e9agir rapidement. <\/li>\n<li><strong>Capteurs photo\u00e9lectriques avanc\u00e9s :<\/strong> ces capteurs innovants d\u00e9tectent plus rapidement et plus efficacement la fum\u00e9e des feux qui couvent lentement (par exemple, les c\u00e2bles \u00e9lectriques).<\/li>\n<\/ul>\n<h3>10 ans de s\u00e9curit\u00e9<\/h3>\n<ul>\n<li><strong>Batterie de 10 ans :<\/strong> fonctionnement sans souci gr\u00e2ce \u00e0 la batterie au lithium non rempla\u00e7able qui assure une protection ininterrompue pendant 10 ans.<\/li>\n<li><strong>S\u00e9curit\u00e9 certifi\u00e9e :<\/strong> test\u00e9 de mani\u00e8re approfondie et certifi\u00e9 conforme aux normes CE (EN14604 et EN50291), ce d\u00e9tecteur combin\u00e9 intelligent de fum\u00e9e et de monoxyde de carbone avec une pile de 10 ans r\u00e9pond aux normes europ\u00e9ennes les plus strictes.<\/li>\n<li><strong>Alarme puissante de 85 dB :<\/strong> dans les 10 secondes, l&rsquo;alarme puissante de 85 dB vous alerte, vous permettant de r\u00e9agir rapidement. Un incendie peut se propager dans votre maison en seulement 3 minutes. Il est donc essentiel que vous entendiez l&rsquo;alarme imm\u00e9diatement et que vous puissiez agir rapidement.  <\/li>\n<li><strong>Design moderne avec LED de veille : <\/strong>design \u00e9l\u00e9gant avec un look moderne et une LED de veille qui clignote une fois par minute, confirmant le fonctionnement du d\u00e9tecteur d&rsquo;incendie\/de CO intelligent.<\/li>\n<li><strong>Autotest intelligent :<\/strong> l&rsquo;alarme combin\u00e9e WiFi intelligente effectue un autotest toutes les minutes, ce qui vous garantit une protection fiable.<\/li>\n<li><strong>Indicateur de batterie faible :<\/strong> des alertes de maintenance proactives vous permettent de savoir \u00e0 temps si la batterie est faible et si le d\u00e9tecteur intelligent de fum\u00e9e et de monoxyde de carbone doit \u00eatre remplac\u00e9.<\/li>\n<\/ul>\n<h3>Facilit\u00e9 d&rsquo;utilisation<\/h3>\n<ul>\n<li><strong>Installation pas \u00e0 pas : l<\/strong>&lsquo;installation du d\u00e9tecteur combin\u00e9 intelligent et le processus de connexion au t\u00e9l\u00e9phone via le WiFi 2,4 GHz sont facilit\u00e9s par des instructions claires, \u00e9tape par \u00e9tape, des vid\u00e9os d&rsquo;accompagnement et un kit de vissage inclus. <u>Un r\u00e9seau Wifi 2,4 GHz est n\u00e9cessaire pour connecter le d\u00e9tecteur de fum\u00e9e Aroha Smart Connect \u00e0 l&rsquo;appli.<\/u><\/li>\n<li><strong>Conception conviviale :<\/strong> facile \u00e0 tester et \u00e0 mettre en sourdine, m\u00eame sans l&rsquo;application connect\u00e9e, gr\u00e2ce \u00e0 la conception intelligente de la face avant du d\u00e9tecteur de fum\u00e9e et de CO, qui sert de bouton de test et de mise en sourdine\/silence.<\/li>\n<li><strong>Id\u00e9al pour les endroits difficiles d&rsquo;acc\u00e8s :<\/strong> vous pouvez appuyer sur le bouton de test et de silence avec un manche \u00e0 balai ou via l&rsquo;application Tuya Smart et SmartLife, tout en restant au sol en toute s\u00e9curit\u00e9. Gr\u00e2ce \u00e0 la dur\u00e9e de vie de 10 ans de la batterie, il n&rsquo;est pas n\u00e9cessaire de changer les piles. <\/li>\n<\/ul>\n<p>&nbsp;<\/p>\n<h2>Aroha : protection contre l&rsquo;incendie aux Pays-Bas<\/h2>\n<p>En tant que marque n\u00e9erlandaise, nous accordons toujours la priorit\u00e9 \u00e0 votre s\u00e9curit\u00e9 et \u00e0 votre satisfaction. Nos d\u00e9tecteurs de fum\u00e9e, d\u00e9tecteurs de chaleur, d\u00e9tecteurs de monoxyde de carbone et d\u00e9tecteurs combin\u00e9s innovants r\u00e9pondent aux normes europ\u00e9ennes les plus strictes gr\u00e2ce \u00e0 notre expertise et \u00e0 notre souci de qualit\u00e9. Notre \u00e9quipe de sp\u00e9cialistes d\u00e9vou\u00e9s n&rsquo;est satisfaite que lorsque vous l&rsquo;\u00eates !  <\/p>\n<p>&nbsp;<\/p>\n<h3>O\u00f9 placez-vous votre d\u00e9tecteur de combinaison ?<\/h3>\n<p>Un d\u00e9tecteur combin\u00e9 est \u00e0 la fois un d\u00e9tecteur de fum\u00e9e et un d\u00e9tecteur de monoxyde de carbone. La fum\u00e9e monte et le monoxyde de carbone se r\u00e9pand dans l&rsquo;air. En raison de cette diff\u00e9rence, il n&rsquo;existe pas d&#8217;emplacement id\u00e9al pour le d\u00e9tecteur combin\u00e9 ; cela d\u00e9pend enti\u00e8rement de votre situation.  <\/p>\n<p>Pour en savoir plus sur les obligations l\u00e9gales dans votre pays <a href=\"https:\/\/aroha.nl\/support\/\">, cliquez ici<\/a>. Outre le respect des obligations l\u00e9gales, nous vous conseillons d&rsquo;optimiser la s\u00e9curit\u00e9 incendie dans votre habitation en installant des alarmes combin\u00e9es, des d\u00e9tecteurs de fum\u00e9e et\/ou des d\u00e9tecteurs de monoxyde de carbone \u00e0 des endroits strat\u00e9giques : <\/p>\n<ul>\n<li><strong>Pi\u00e8ces contenant des appareils \u00e0 combustion :<\/strong> installez des d\u00e9tecteurs de monoxyde de carbone ou des d\u00e9tecteurs combin\u00e9s dans toutes les pi\u00e8ces o\u00f9 se trouvent des appareils \u00e0 combustion, tels que des chaudi\u00e8res de chauffage central, des cuisini\u00e8res \u00e0 gaz, des chaudi\u00e8res ou des chemin\u00e9es. Ces appareils peuvent \u00e9mettre du monoxyde de carbone, un gaz incolore, inodore et potentiellement mortel. Un d\u00e9tecteur de CO plac\u00e9 \u00e0 proximit\u00e9 de ces appareils vous avertit rapidement en cas d&rsquo;accumulation dangereuse de monoxyde de carbone, afin que vous puissiez agir \u00e0 temps.  <\/li>\n<li><strong>Voies d&rsquo;\u00e9vacuation :<\/strong> placez des d\u00e9tecteurs de fum\u00e9e ou des d\u00e9tecteurs combin\u00e9s dans les couloirs et pr\u00e8s des escaliers, surtout s&rsquo;ils m\u00e8nent \u00e0 des chambres \u00e0 coucher. Cela permet de d\u00e9tecter rapidement la fum\u00e9e et de r\u00e9agir \u00e0 temps. <\/li>\n<li><strong>Chambres \u00e0 coucher :<\/strong> il est essentiel d&rsquo;installer des d\u00e9tecteurs de fum\u00e9e ou des d\u00e9tecteurs combin\u00e9s dans les chambres \u00e0 coucher ou \u00e0 proximit\u00e9 de celles-ci afin que l&rsquo;alarme puisse alerter tout le monde pendant la nuit. Cela augmente les chances que les r\u00e9sidents soient r\u00e9veill\u00e9s \u00e0 temps en cas d&rsquo;incendie.  Ce faisant, choisissez un d\u00e9tecteur de fum\u00e9e Sleep Line adapt\u00e9 \u00e0 la chambre \u00e0 coucher et d\u00e9pourvu de LED de veille.<\/li>\n<li><strong>Salles de s\u00e9jour :<\/strong> il est important d&rsquo;installer un d\u00e9tecteur de fum\u00e9e ou une alarme combin\u00e9e dans la salle de s\u00e9jour, surtout si des appareils susceptibles de provoquer de la fum\u00e9e et des incendies, tels qu&rsquo;une chemin\u00e9e, sont fr\u00e9quemment utilis\u00e9s.<\/li>\n<li><strong>Pr\u00e8s des cuisines :<\/strong> il n&rsquo;est pas recommand\u00e9 de placer des d\u00e9tecteurs de fum\u00e9e ou des d\u00e9tecteurs combin\u00e9s directement dans les cuisines en raison du risque de fausses alarmes caus\u00e9es par les fum\u00e9es de cuisson. Placez un d\u00e9tecteur de fum\u00e9e pr\u00e8s d&rsquo;une cuisine ou optez pour notre <strong>d\u00e9tecteur de chaleur Aroha<\/strong> sp\u00e9cialement con\u00e7u autour de la cuisine pour d\u00e9tecter un incendie \u00e0 temps. <\/li>\n<li><strong>\u00c0 port\u00e9e du r\u00e9seau WiFi 2,4 GHz :<\/strong> placez votre d\u00e9tecteur de fum\u00e9e Aroha Smart Connect \u00e0 port\u00e9e du r\u00e9seau Wifi 2,4 GHz afin que le d\u00e9tecteur puisse se connecter \u00e0 l&rsquo;appli. Vous n&rsquo;avez pas besoin d&rsquo;\u00eatre \u00e0 port\u00e9e de ce m\u00eame r\u00e9seau WiFi pour recevoir des notifications. <\/li>\n<li><strong>Endroits \u00e0 \u00e9viter :<\/strong> \u00e9vitez les d\u00e9tecteurs de fum\u00e9e ou les d\u00e9tecteurs combin\u00e9s dans les endroits tr\u00e8s humides, comme les salles de bains et les garages, afin d&rsquo;\u00e9viter les fausses alarmes.<\/li>\n<\/ul>\n<p>&nbsp;<\/p>\n<p><strong>Remarque : ce d\u00e9tecteur Aroha Smart Connect est un d\u00e9tecteur Wifi sans interconnexion. Pour connecter le d\u00e9tecteur intelligent \u00e0 l&rsquo;application, le WiFi 2,4 GHz est n\u00e9cessaire.  Vous n&rsquo;avez pas besoin d&rsquo;\u00eatre abonn\u00e9 \u00e0 l&rsquo;application Tuya ou SmartLife pour recevoir des notifications ou utiliser les autres fonctionnalit\u00e9s d\u00e9crites.<br \/>\n<\/strong>Vous pr\u00e9f\u00e9rez l&rsquo;interconnexion entre plusieurs d\u00e9tecteurs de fum\u00e9e, de monoxyde de carbone et de combinaison, mais sans application ? Les <strong>d\u00e9tecteurs Aroha Link<\/strong> sont alors le choix id\u00e9al.<br \/>\nSi vous souhaitez combiner \u00e0 la fois l&rsquo;interconnexion et la connexion \u00e0 une appli via Wifi, vous pouvez opter pour le <strong>d\u00e9tecteur de fum\u00e9e Aroha Smart Connect &amp; Link<\/strong>.<br \/>\nVous pr\u00e9f\u00e9rez un d\u00e9tecteur autonome que vous pouvez installer en moins d&rsquo;une minute ? Optez alors pour un <strong>d\u00e9tecteur<\/strong> <strong>Aroha Safety Pro<\/strong>.  <\/p>\n<p>&nbsp;<\/p>\n<h3>Contenu de l&#8217;emballage :<\/h3>\n<ul>\n<li>Aroha Smart Connect D\u00e9tecteur(s) de fum\u00e9e combin\u00e9(s) et d\u00e9tecteur(s) de monoxyde de carbone<\/li>\n<li>Batterie au lithium int\u00e9gr\u00e9e d&rsquo;une dur\u00e9e de vie de 10 ans<\/li>\n<li>Capteur photo\u00e9lectrique int\u00e9gr\u00e9 d&rsquo;une dur\u00e9e de vie de 10 ans<\/li>\n<li>Mat\u00e9riel de fixation avec vis et chevilles<\/li>\n<li>Manuel en n\u00e9erlandais, anglais, allemand, fran\u00e7ais, italien, espagnol et polonais<\/li>\n<li>Lien vers les instructions en ligne, avec une feuille de route compl\u00e8te pour l&rsquo;installation, des vid\u00e9os d&rsquo;installation, une FAQ et le support d&rsquo;une \u00e9quipe de sp\u00e9cialistes.<\/li>\n<\/ul>\n","protected":false},"excerpt":{"rendered":"<p>Faites l&rsquo;exp\u00e9rience d&rsquo;un contr\u00f4le et d&rsquo;une surveillance in\u00e9gal\u00e9s avec le d\u00e9tecteur combin\u00e9 de fum\u00e9e et de monoxyde de carbone Aroha Smart Connect via l&rsquo;appli Tuya Smart ou SmartLife. Surveillez les incendies et les intoxications au monoxyde de carbone \u00e0 distance et restez inform\u00e9 des alarmes m\u00eame lorsque vous n&rsquo;\u00eates pas chez vous. Contr\u00f4lez le d\u00e9tecteur combin\u00e9 smart avec une batterie de 10 ans : recevez gratuitement des notifications en temps r\u00e9el sur votre t\u00e9l\u00e9phone, v\u00e9rifiez l&rsquo;\u00e9tat de la batterie et contr\u00f4lez l&rsquo;appli avec le bouton muet.  <\/p>\n","protected":false},"featured_media":5718,"comment_status":"open","ping_status":"closed","template":"","meta":[],"product_brand":[266],"product_cat":[160,159,158],"product_tag":[],"class_list":{"0":"post-6401","1":"product","2":"type-product","3":"status-publish","4":"has-post-thumbnail","6":"product_brand-aroha","7":"product_cat-smart-connect","8":"product_cat-smart-connect-combines","9":"product_cat-detecteurs-combines-aroha","11":"first","12":"instock","13":"sale","14":"taxable","15":"shipping-taxable","16":"purchasable","17":"product-type-variable","18":"has-default-attributes"},"_links":{"self":[{"href":"https:\/\/aroha.nl\/fr\/wp-json\/wp\/v2\/product\/6401","targetHints":{"allow":["GET"]}}],"collection":[{"href":"https:\/\/aroha.nl\/fr\/wp-json\/wp\/v2\/product"}],"about":[{"href":"https:\/\/aroha.nl\/fr\/wp-json\/wp\/v2\/types\/product"}],"replies":[{"embeddable":true,"href":"https:\/\/aroha.nl\/fr\/wp-json\/wp\/v2\/comments?post=6401"}],"wp:featuredmedia":[{"embeddable":true,"href":"https:\/\/aroha.nl\/fr\/wp-json\/wp\/v2\/media\/5718"}],"wp:attachment":[{"href":"https:\/\/aroha.nl\/fr\/wp-json\/wp\/v2\/media?parent=6401"}],"wp:term":[{"taxonomy":"product_brand","embeddable":true,"href":"https:\/\/aroha.nl\/fr\/wp-json\/wp\/v2\/product_brand?post=6401"},{"taxonomy":"product_cat","embeddable":true,"href":"https:\/\/aroha.nl\/fr\/wp-json\/wp\/v2\/product_cat?post=6401"},{"taxonomy":"product_tag","embeddable":true,"href":"https:\/\/aroha.nl\/fr\/wp-json\/wp\/v2\/product_tag?post=6401"}],"curies":[{"name":"wp","href":"https:\/\/api.w.org\/{rel}","templated":true}]}}