{"id":6749,"date":"2023-03-28T16:49:42","date_gmt":"2023-03-28T16:49:42","guid":{"rendered":"https:\/\/aroha.nl\/product\/aroha-safety-pro-co-melder\/"},"modified":"2026-01-29T21:30:04","modified_gmt":"2026-01-29T19:30:04","slug":"safety-pro-co","status":"publish","type":"product","link":"https:\/\/aroha.nl\/de\/produkt\/safety-pro-co\/","title":{"rendered":"Aroha Safety Pro CO-Melder"},"content":{"rendered":"<h3>Immer gegen Kohlenmonoxidvergiftung gesch\u00fctzt<\/h3>\n<ul>\n<li><strong>CO-Messung in Echtzeit:<\/strong> Bleiben Sie sicher und informiert mit unserem Kohlenmonoxid-Alarm, der mit einem hellen LCD-Bildschirm f\u00fcr die sofortige Anzeige der CO-Werte in Echtzeit ausgestattet ist.<\/li>\n<li><strong>Erweiterte Alarme:<\/strong> Das CO-Messger\u00e4t warnt Sie mit einem lauten 85-dB-Alarm bei gef\u00e4hrlichen Kohlenmonoxidwerten. Erkennen Sie die unsichtbare und geruchlose Bedrohung durch CO-Gas, damit Sie sofort handeln und sich und Ihre Familie vor den potenziellen Gefahren einer unvollst\u00e4ndigen Verbrennung in z.B. Zentralheizungskesseln, Geysiren oder Kaminen sch\u00fctzen k\u00f6nnen. <\/li>\n<li><strong>Fr\u00fchwarnung:<\/strong> Sie werden schon bei geringen Konzentrationen von Kohlenmonoxidgas gewarnt. Dank der fortschrittlichen Sensoren werden Sie bereits bei einem minimalen Anstieg der CO-Konzentration gewarnt, so dass Sie schnell reagieren k\u00f6nnen. <\/li>\n<\/ul>\n<h3>10 Jahre Sicherheit<\/h3>\n<ul>\n<li><strong>10-Jahres-Batterie:<\/strong> Sorgenfreier Betrieb dank der nicht austauschbaren Lithium-Batterie, die 10 Jahre lang ununterbrochenen Schutz bietet.<\/li>\n<li><strong>Zertifizierte Sicherheit:<\/strong> Ausgiebig getestet und vollst\u00e4ndig nach CE-Normen (EN50291) zertifiziert. Damit entspricht dieser autonome Kohlenmonoxidmelder mit 10-Jahres-Batterie den h\u00f6chsten EU-Normen.<\/li>\n<li><strong>Modernes Design mit Standby-LED: <\/strong>Elegantes Design mit einem modernen Look und einer Standby-LED, die einmal pro Minute blinkt und den Betrieb des CO-Melders best\u00e4tigt.<\/li>\n<li><strong>Intelligenter Selbsttest:<\/strong> Der CO-Melder f\u00fchrt jede Minute einen Selbsttest durch, so dass Sie sich stets eines zuverl\u00e4ssigen Schutzes sicher sein k\u00f6nnen.<\/li>\n<li><strong>Anzeige f\u00fcr schwache Batterie:<\/strong> Proaktive Wartungshinweise sorgen daf\u00fcr, dass Sie rechtzeitig wissen, wann die Batterie schwach ist und der Kohlenmonoxidmelder ausgetauscht werden muss.<\/li>\n<\/ul>\n<h3>H\u00f6chste Benutzerfreundlichkeit mit Aroha Safety Pro<\/h3>\n<ul>\n<li><strong>Einfache Installation: <\/strong>Alle Aroha Safety Pro Kohlenmonoxid-Melder, Rauchmelder und Kombimelder k\u00f6nnen in weniger als 1 Minute installiert werden. Dank der klaren Schritt-f\u00fcr-Schritt-Anleitung, den begleitenden Videos und dem mitgelieferten Schrauben- und Klebeset ist die Installation m\u00fchelos. <\/li>\n<li><strong>Benutzerfreundliches Design:<\/strong> Einfach zu testen und stumm zu schalten dank des intelligenten Designs mit der Test- und Stummschalttaste auf der Vorderseite des CO-Melders.<\/li>\n<\/ul>\n<p>&nbsp;<\/p>\n<h2>Aroha: Feuerschutz aus den Niederlanden<\/h2>\n<p>Als niederl\u00e4ndische Marke stehen Ihre Sicherheit und Zufriedenheit bei uns immer an erster Stelle. Unsere innovativen Rauchmelder, W\u00e4rmemelder, Kohlenmonoxidmelder und Kombimelder entsprechen dank unseres Fachwissens und unseres Fokus auf Qualit\u00e4t den h\u00f6chsten europ\u00e4ischen Standards. Unser engagiertes Team von Spezialisten ist erst zufrieden, wenn Sie es sind!  <\/p>\n<p>&nbsp;<\/p>\n<h3>Wo platzieren Sie Ihren Kohlenmonoxidmelder?<\/h3>\n<p>Lesen Sie <a href=\"https:\/\/aroha.nl\/support\/\">hier<\/a> mehr \u00fcber die gesetzlichen Verpflichtungen in Ihrem Land. Neben der Einhaltung der gesetzlichen Vorschriften empfehlen wir Ihnen, Kohlenmonoxidwarnmelder oder kombinierte Rauch- und Kohlenmonoxidmelder in allen R\u00e4umen zu installieren, in denen sich Verbrennungsger\u00e4te wie Zentralheizungskessel, Gasherde, Kessel oder Kamine befinden. Diese Ger\u00e4te k\u00f6nnen Kohlenmonoxid freisetzen, ein farb- und geruchloses und potenziell t\u00f6dliches Gas. Ein CO-Alarm in der N\u00e4he dieser Ger\u00e4te warnt Sie schnell vor einer gef\u00e4hrlichen Ansammlung von Kohlenmonoxid, so dass Sie rechtzeitig handeln k\u00f6nnen.  <\/p>\n<p><strong>Hinweis: Dieser Aroha Safety Pro Melder ist ein eigenst\u00e4ndiger Melder ohne Wlan oder Vernetzung.<br \/>\n<\/strong>M\u00f6chten Sie lieber einen Melder, der \u00fcber Wlan mit einer App verbunden werden kann, um ein Smart Home zu schaffen? Dann schauen Sie sich die <strong>Aroha Smart Connect Melder<\/strong> an.<br \/>\nBevorzugen Sie die Verbindung zwischen mehreren Rauch-, Kohlenmonoxid- und Kombimeldern? Dann sind die <strong>Aroha Link-Melder<\/strong> die ideale Wahl.<br \/>\nWenn Sie sowohl die Zusammenschaltung als auch die Verbindung zu einer App \u00fcber Wlan kombinieren m\u00f6chten, k\u00f6nnen Sie sich f\u00fcr den <strong>Aroha Smart Connect &amp; Link Rauchmelder entscheiden.<\/strong>  <\/p>\n<p>&nbsp;<\/p>\n<h3>Packungsinhalt:<\/h3>\n<ul>\n<li>Aroha Safety Pro Kohlenmonoxidmelder\/CO-Melder<\/li>\n<li>Eingebaute Lithium-Batterie mit bis zu 10 Jahren Betriebsdauer<\/li>\n<li>Eingebauter Sensor mit bis zu 10 Jahren Lebensdauer<\/li>\n<li>Befestigungsmaterial mit Schrauben und D\u00fcbeln<\/li>\n<li>Befestigungsmaterial mit selbstklebendem Aufkleber<\/li>\n<li>Handbuch in Niederl\u00e4ndisch, Englisch, Deutsch, Franz\u00f6sisch, Italienisch, Spanisch und Polnisch<\/li>\n<li>Link zur Online-Anleitung mit einem umfassenden Installationsplan, Installationsvideos, FAQ und Support durch ein Spezialistenteam<\/li>\n<\/ul>\n","protected":false},"excerpt":{"rendered":"<p>Der Aroha Safety Pro Kohlenmonoxiddetektor bietet zuverl\u00e4ssigen Schutz vor Kohlenmonoxidvergiftungen. Speziell entwickelt f\u00fcr ultimativen Komfort mit einer 10-j\u00e4hrigen Lebensdauer der Batterie und des Sensors und einer vollst\u00e4ndigen Zertifizierung. Sie installieren diesen eigenst\u00e4ndigen Kohlenmonoxidmelder in nur 1 Minute und ohne viel Aufhebens.  <\/p>\n","protected":false},"featured_media":5751,"comment_status":"open","ping_status":"closed","template":"","meta":[],"product_brand":[],"product_cat":[214,164,258],"product_tag":[],"class_list":{"0":"post-6749","1":"product","2":"type-product","3":"status-publish","4":"has-post-thumbnail","6":"product_cat-aroha-co-melder","7":"product_cat-safety-pro","8":"product_cat-aroha-safety-pro-co-detektoren","10":"first","11":"instock","12":"sale","13":"taxable","14":"shipping-taxable","15":"purchasable","16":"product-type-variable","17":"has-default-attributes"},"_links":{"self":[{"href":"https:\/\/aroha.nl\/de\/wp-json\/wp\/v2\/product\/6749","targetHints":{"allow":["GET"]}}],"collection":[{"href":"https:\/\/aroha.nl\/de\/wp-json\/wp\/v2\/product"}],"about":[{"href":"https:\/\/aroha.nl\/de\/wp-json\/wp\/v2\/types\/product"}],"replies":[{"embeddable":true,"href":"https:\/\/aroha.nl\/de\/wp-json\/wp\/v2\/comments?post=6749"}],"wp:featuredmedia":[{"embeddable":true,"href":"https:\/\/aroha.nl\/de\/wp-json\/wp\/v2\/media\/5751"}],"wp:attachment":[{"href":"https:\/\/aroha.nl\/de\/wp-json\/wp\/v2\/media?parent=6749"}],"wp:term":[{"taxonomy":"product_brand","embeddable":true,"href":"https:\/\/aroha.nl\/de\/wp-json\/wp\/v2\/product_brand?post=6749"},{"taxonomy":"product_cat","embeddable":true,"href":"https:\/\/aroha.nl\/de\/wp-json\/wp\/v2\/product_cat?post=6749"},{"taxonomy":"product_tag","embeddable":true,"href":"https:\/\/aroha.nl\/de\/wp-json\/wp\/v2\/product_tag?post=6749"}],"curies":[{"name":"wp","href":"https:\/\/api.w.org\/{rel}","templated":true}]}}