{"id":6741,"date":"2023-03-28T16:51:22","date_gmt":"2023-03-28T16:51:22","guid":{"rendered":"https:\/\/aroha.nl\/product\/aroha-smart-connect-co-melder\/"},"modified":"2026-03-09T15:04:52","modified_gmt":"2026-03-09T14:04:52","slug":"smart-connect-co","status":"publish","type":"product","link":"https:\/\/aroha.nl\/de\/produkt\/smart-connect-co\/","title":{"rendered":"Aroha Smart Connect CO-Melder"},"content":{"rendered":"<h3>Immer online mit Aroha Smart Connect<\/h3>\n<ul>\n<li><strong>Sofortiger Alarm \u00fcber die App:<\/strong> Alarmieren Sie innerhalb von 10 Sekunden mit einer Benachrichtigung auf dem verbundenen Telefon, zus\u00e4tzlich zu einem <strong>lauten 85 dB Alarm<\/strong> des drahtlos verbundenen Kohlenmonoxidmelders.<\/li>\n<li><strong>Steuerung und \u00dcberwachung in 1 App: <\/strong>Mit der kostenlosen Tuya Smart oder SmartLife App erhalten Sie im Falle eines Alarms sofortige Benachrichtigungen, k\u00f6nnen den Batteriestatus \u00fcberpr\u00fcfen, den Melder stumm schalten und den Benachrichtigungsverlauf kostenlos einsehen. Sie k\u00f6nnen auch die Namen der Melder anpassen, sie in &#8222;R\u00e4ume&#8220; unterteilen und die Kontrolle mit anderen Benutzern teilen.  Sie <u>k\u00f6nnen<\/u> den aktuellen CO-Wert <u>nicht<\/u> in der App ablesen.<\/li>\n<li><strong>Teilen Sie die Kontrolle:<\/strong> Geben Sie z.B. Familienmitgliedern sicheren Zugriff auf den angeschlossenen intelligenten CO-Melder. Genau wie Sie k\u00f6nnen sie den Echtzeitstatus einsehen, Alarmbenachrichtigungen erhalten und den Melder \u00fcber ihr eigenes Tuya Smart- oder SmartLife-Konto steuern. <\/li>\n<li><strong>Keine Verbindung:<\/strong> Dieser smarte Melder arbeitet unabh\u00e4ngig. Es gibt keine drahtlose Verbindung zwischen mehreren Meldern und Alarme werden nicht synchron an andere Aroha Smart Connect Melder weitergeleitet. <\/li>\n<li><strong>Tuya oder SmartLife:<\/strong> Aroha Smart Connect Rauch-, Kohlenmonoxid- und Kombimelder funktionieren <span style=\"text-decoration: underline;\">ausschlie\u00dflich<\/span> mit der Tuya Smart App oder der SmartLife App. Sie k\u00f6nnen den Melder \u00fcber 2,4 GHz Wlan mit einer dieser beiden Apps verbinden. Die smarten Melder <em>k\u00f6nnen nicht<\/em> mit anderen Apps oder Systemen als Tuya Smart und SmartLife verbunden werden.  <\/li>\n<\/ul>\n<h3>Immer gegen Kohlenmonoxidvergiftung gesch\u00fctzt<\/h3>\n<ul>\n<li><strong>CO-Messung in Echtzeit:<\/strong> Bleiben Sie sicher und informiert mit unserem Kohlenmonoxidalarm, der mit einem hellen LCD-Bildschirm zur sofortigen Anzeige des CO-Werts in Echtzeit ausgestattet ist. Sie <u>k\u00f6nnen<\/u> den aktuellen CO-Messwert <u>nicht<\/u> in der App ablesen. <\/li>\n<li><strong>Erweiterte Alarme:<\/strong> Das CO-Messger\u00e4t warnt Sie \u00fcber eine Benachrichtigung in Ihrer App und einen lauten 85-dB-Alarm, wenn gef\u00e4hrliche Kohlenmonoxidwerte auftreten. Erkennen Sie die unsichtbare und geruchlose Bedrohung durch CO-Gas, damit Sie sofort handeln und sich und Ihre Familie vor den potenziellen Gefahren einer unvollst\u00e4ndigen Verbrennung in z.B. Zentralheizungskesseln, Geysiren oder Kaminen sch\u00fctzen k\u00f6nnen. <\/li>\n<li><strong>Fr\u00fchwarnung:<\/strong> Sie werden schon bei geringen Konzentrationen von Kohlenmonoxidgas gewarnt. Dank der fortschrittlichen Sensoren werden Sie bereits bei einem minimalen Anstieg der CO-Konzentration gewarnt, so dass Sie schnell reagieren k\u00f6nnen. <\/li>\n<\/ul>\n<h3>10 Jahre Sicherheit<\/h3>\n<ul>\n<li><strong>10-Jahres-Batterie:<\/strong> Sorgenfreier Betrieb dank der nicht austauschbaren Lithium-Batterie, die 10 Jahre lang ununterbrochenen Schutz bietet.<\/li>\n<li><strong>Zertifizierte Sicherheit:<\/strong> Ausf\u00fchrlich getestet und vollst\u00e4ndig nach CE-Normen (EN50291) zertifiziert, erf\u00fcllt dieser intelligente Wlan-Kohlenmonoxidmelder mit 10-Jahres-Batterie die h\u00f6chsten EU-Normen.<\/li>\n<li><strong>Modernes Design mit Standby-LED: <\/strong>Elegantes Design mit einem modernen Look und einer Standby-LED, die einmal pro Minute blinkt und den Betrieb des smarten CO-Melders best\u00e4tigt.<\/li>\n<li><strong>Intelligenter Selbsttest:<\/strong> Der Wlan-CO-Melder f\u00fchrt jede Minute einen Selbsttest durch und gew\u00e4hrleistet so jederzeit einen zuverl\u00e4ssigen Schutz.<\/li>\n<li><strong>Anzeige bei niedrigem Batteriestand:<\/strong> Proaktive Wartungswarnungen sorgen daf\u00fcr, dass Sie rechtzeitig wissen, wann die Batterie schwach ist und der intelligente Kohlenmonoxidmelder ausgetauscht werden muss.<\/li>\n<\/ul>\n<h3>Benutzerfreundlichkeit<\/h3>\n<ul>\n<li><strong>Schritt-f\u00fcr-Schritt-Installation: <\/strong>Die Installation des smarten Kohlenmonoxid-Melders und die Verbindung mit dem Telefon \u00fcber 2,4 GHz Wlan wird durch eine klare Schritt-f\u00fcr-Schritt-Anleitung, begleitende Videos und ein mitgeliefertes Schrauben- und Stick-Kit erleichtert. <u>F\u00fcr die Verbindung des Aroha Smart Connect CO-Melders mit der App ist ein 2,4-GHz-WLAN-Netzwerk erforderlich.<\/u><\/li>\n<li><strong>Benutzerfreundliches Design:<\/strong> Einfaches Testen und Stummschalten auch ohne die verbundene App, dank des intelligenten Designs mit der Test- und Stummschalttaste.<\/li>\n<\/ul>\n<p>&nbsp;<\/p>\n<h2>Aroha: Feuerschutz aus den Niederlanden<\/h2>\n<p>Als niederl\u00e4ndische Marke stehen Ihre Sicherheit und Zufriedenheit bei uns immer an erster Stelle. Unsere innovativen Rauchmelder, W\u00e4rmemelder, Kohlenmonoxidmelder und Kombimelder entsprechen dank unseres Fachwissens und unseres Fokus auf Qualit\u00e4t den h\u00f6chsten europ\u00e4ischen Standards. Unser engagiertes Team von Spezialisten ist erst zufrieden, wenn Sie es sind!  <\/p>\n<p>&nbsp;<\/p>\n<h3>Wo platzieren Sie Ihren Kohlenmonoxidmelder?<\/h3>\n<p>Lesen Sie <a href=\"https:\/\/aroha.nl\/support\/\">hier<\/a> mehr \u00fcber die gesetzlichen Verpflichtungen in Ihrem Land. Neben der Einhaltung der gesetzlichen Vorschriften empfehlen wir Ihnen, Kohlenmonoxidwarnmelder oder kombinierte Rauch- und Kohlenmonoxidmelder in allen R\u00e4umen zu installieren, in denen sich Verbrennungsger\u00e4te wie Zentralheizungskessel, Gasherde, Kessel oder Kamine befinden. Diese Ger\u00e4te k\u00f6nnen Kohlenmonoxid freisetzen, ein farb- und geruchloses und potenziell t\u00f6dliches Gas. Ein CO-Alarm in der N\u00e4he dieser Ger\u00e4te warnt Sie schnell vor einer gef\u00e4hrlichen Ansammlung von Kohlenmonoxid, so dass Sie rechtzeitig handeln k\u00f6nnen.  <\/p>\n<p>Stellen Sie Ihren Aroha Smart Connect Kohlenmonoxid-Melder in Reichweite des 2,4 GHz Wlan-Netzwerks auf, damit der Melder sich mit der App verbinden kann. Sie selbst m\u00fcssen sich nicht in der Reichweite desselben Wlan-Netzwerks befinden, um Benachrichtigungen zu erhalten. <\/p>\n<p><strong>Hinweis: Dieser Aroha Smart Connect Melder ist ein Wlan-Melder ohne Interkonnektion. Um den Smart-Detektor mit der App zu verbinden, ist 2,4 GHz Wlan erforderlich.  Sie m\u00fcssen kein Abonnement in der Tuya oder SmartLife App haben, um Benachrichtigungen zu erhalten oder die anderen beschriebenen Funktionen zu nutzen.<br \/>\n<\/strong>Bevorzugen Sie die Verbindung zwischen mehreren Rauch-, Kohlenmonoxid- und Kombinationsmeldern, aber ohne eine App? Dann sind die <strong>Aroha Link-Melder<\/strong> die ideale Wahl.<br \/>\nWenn Sie sowohl die Zusammenschaltung als auch die Verbindung mit einer App \u00fcber Wlan kombinieren m\u00f6chten, k\u00f6nnen Sie sich f\u00fcr den <strong>Aroha Smart Connect &amp; Link Rauchmelder<\/strong> entscheiden.<br \/>\nBevorzugen Sie einen eigenst\u00e4ndigen Melder, den Sie innerhalb von 1 Minute installieren k\u00f6nnen? Dann entscheiden Sie sich f\u00fcr einen <strong>Aroha Safety Pro<\/strong> <strong>Melder<\/strong>.  <\/p>\n<p>&nbsp;<\/p>\n<h3>Packungsinhalt:<\/h3>\n<ul>\n<li>Aroha Smart Connect Kohlenmonoxidmelder\/CO-Melder<\/li>\n<li>Eingebaute Lithium-Batterie mit bis zu 10 Jahren Betriebsdauer<\/li>\n<li>Eingebauter Sensor mit bis zu 10 Jahren Lebensdauer<\/li>\n<li>Befestigungsmaterial mit Schrauben und D\u00fcbeln<\/li>\n<li>Befestigungsmaterial mit selbstklebendem Aufkleber<\/li>\n<li>Handbuch in Niederl\u00e4ndisch, Englisch, Deutsch, Franz\u00f6sisch, Italienisch, Spanisch und Polnisch<\/li>\n<li>Link zur Online-Anleitung mit einem umfassenden Installationsplan, Installationsvideos, FAQ und Support durch ein Spezialistenteam<\/li>\n<\/ul>\n","protected":false},"excerpt":{"rendered":"<p>Erleben Sie unvergleichliche Kontrolle und \u00dcberwachung mit dem Aroha Smart Connect Kohlenmonoxidalarm \u00fcber die Tuya Smart oder SmartLife App. \u00dcberwachen Sie Kohlenmonoxidvergiftungen aus der Ferne und bleiben Sie \u00fcber Alarme informiert, auch wenn Sie nicht zu Hause sind. Steuern Sie den smarten CO-Melder mit 10-Jahres-Batterie: Erhalten Sie kostenlose Echtzeit-Benachrichtigungen auf Ihrem Telefon, \u00fcberpr\u00fcfen Sie den Batteriestatus und steuern Sie die App mit der Stummschalttaste.  <\/p>\n","protected":false},"featured_media":5767,"comment_status":"open","ping_status":"closed","template":"","meta":[],"product_brand":[266],"product_cat":[214,173,256],"product_tag":[],"class_list":{"0":"post-6741","1":"product","2":"type-product","3":"status-publish","4":"has-post-thumbnail","6":"product_brand-aroha","7":"product_cat-aroha-co-melder","8":"product_cat-smart-connect","9":"product_cat-aroha-smart-connect-co-melder","11":"first","12":"instock","13":"sale","14":"taxable","15":"shipping-taxable","16":"purchasable","17":"product-type-variable","18":"has-default-attributes"},"_links":{"self":[{"href":"https:\/\/aroha.nl\/de\/wp-json\/wp\/v2\/product\/6741","targetHints":{"allow":["GET"]}}],"collection":[{"href":"https:\/\/aroha.nl\/de\/wp-json\/wp\/v2\/product"}],"about":[{"href":"https:\/\/aroha.nl\/de\/wp-json\/wp\/v2\/types\/product"}],"replies":[{"embeddable":true,"href":"https:\/\/aroha.nl\/de\/wp-json\/wp\/v2\/comments?post=6741"}],"wp:featuredmedia":[{"embeddable":true,"href":"https:\/\/aroha.nl\/de\/wp-json\/wp\/v2\/media\/5767"}],"wp:attachment":[{"href":"https:\/\/aroha.nl\/de\/wp-json\/wp\/v2\/media?parent=6741"}],"wp:term":[{"taxonomy":"product_brand","embeddable":true,"href":"https:\/\/aroha.nl\/de\/wp-json\/wp\/v2\/product_brand?post=6741"},{"taxonomy":"product_cat","embeddable":true,"href":"https:\/\/aroha.nl\/de\/wp-json\/wp\/v2\/product_cat?post=6741"},{"taxonomy":"product_tag","embeddable":true,"href":"https:\/\/aroha.nl\/de\/wp-json\/wp\/v2\/product_tag?post=6741"}],"curies":[{"name":"wp","href":"https:\/\/api.w.org\/{rel}","templated":true}]}}