{"id":6678,"date":"2024-06-07T14:27:55","date_gmt":"2024-06-07T14:27:55","guid":{"rendered":"https:\/\/aroha.nl\/product\/aroha-safety-pro-mini-rauchmelder\/"},"modified":"2026-03-31T21:30:48","modified_gmt":"2026-03-31T20:30:48","slug":"safety-pro-mini-smoke","status":"publish","type":"product","link":"https:\/\/aroha.nl\/de\/produkt\/safety-pro-mini-smoke\/","title":{"rendered":"Aroha Safety Pro Mini Rauchmelder Sleep Line"},"content":{"rendered":"<h3>Schlafzimmerfreundliches &amp; ultra-kleines Design<\/h3>\n<ul>\n<li><strong>Ultra-kleines Design:<\/strong> Unser kleinster Rauchmelder mit einem modernen, minimalistischen Look, der sich nahtlos in Ihr Zuhause einf\u00fcgt.<\/li>\n<li><strong>Ungest\u00f6rter Schlaf:<\/strong> Dank des cleveren Designs der Aroha Sleep Line schlafen Sie ruhig und sicher. Das LED-Licht blinkt nur, wenn ein Alarm ert\u00f6nt, ohne st\u00f6rende Standby-LED. So k\u00f6nnen Sie ungest\u00f6rt in einem dunklen, ruhigen Raum schlafen \u2013 mit der Gewissheit des umfassenden Schutzes. <\/li>\n<\/ul>\n<h3>10 Jahre Sicherheit<\/h3>\n<ul>\n<li><strong>10-Jahres-Batterie:<\/strong> Sorgenfreier Betrieb dank der nicht austauschbaren Lithium-Batterie, die 10 Jahre lang ununterbrochenen Schutz bietet.<\/li>\n<li><strong>Fortschrittliche fotoelektrische Sensoren:<\/strong> Diese innovativen Sensoren erkennen Rauch von langsam schwelenden Br\u00e4nden (z.B. elektrische Leitungen) schneller und effektiver.<\/li>\n<li><strong>Zertifizierte Sicherheit:<\/strong> Ausgiebig getestet und vollst\u00e4ndig nach CE-Normen (EN14604) zertifiziert. Damit entspricht dieser Mini-Rauchmelder mit 10-Jahres-Batterie den h\u00f6chsten EU-Normen.<\/li>\n<li><strong>Lauter 85-dB-Alarm:<\/strong> Innerhalb von 10 Sekunden alarmiert Sie der laute 85-dB-Alarm, so dass Sie schnell reagieren k\u00f6nnen. Ein Hausbrand kann sich in nur 3 Minuten in Ihrem Haus ausbreiten. Daher ist es wichtig, dass Sie den Alarm sofort h\u00f6ren und schnell handeln k\u00f6nnen.  <\/li>\n<li><strong>Intelligenter Selbsttest:<\/strong> Der Mini-Feuermelder f\u00fchrt jede Minute einen Selbsttest durch und gew\u00e4hrleistet so jederzeit zuverl\u00e4ssigen Schutz.<\/li>\n<li><strong>Anzeige f\u00fcr niedrigen Batteriestand:<\/strong> Proaktive Wartungshinweise informieren Sie rechtzeitig, wenn die Batterie schwach ist und der Rauchmelder ausgetauscht werden muss.<\/li>\n<\/ul>\n<h3>H\u00f6chste Benutzerfreundlichkeit mit Aroha Safety Pro<\/h3>\n<ul>\n<li><strong>Einfache Installation:<\/strong> Alle Aroha Safety Pro Rauchmelder, Kohlenmonoxidmelder und Kombimelder lassen sich in weniger als 1 Minute installieren. Dank der klaren Schritt-f\u00fcr-Schritt-Anleitung, der begleitenden Videos und des mitgelieferten Schraubensatzes ist die Installation m\u00fchelos. <\/li>\n<li><strong>Benutzerfreundliches Design:<\/strong> Einfach zu testen und stumm zu schalten dank des intelligenten Designs mit Test- und Stummschalttaste.<\/li>\n<li><strong>Geeignet f\u00fcr schwer zug\u00e4ngliche Stellen:<\/strong> Ideal f\u00fcr schwer zug\u00e4ngliche Stellen. Dank der 10-j\u00e4hrigen Batterielebensdauer ist kein Batteriewechsel erforderlich.<\/li>\n<\/ul>\n<p>&nbsp;<\/p>\n<h2>Aroha: Feuerschutz aus den Niederlanden<\/h2>\n<p>Als niederl\u00e4ndische Marke stehen Ihre Sicherheit und Zufriedenheit bei uns immer an erster Stelle. Unsere innovativen Rauchmelder, W\u00e4rmemelder, Kohlenmonoxidmelder und Kombimelder entsprechen dank unseres Fachwissens und unseres Fokus auf Qualit\u00e4t den h\u00f6chsten europ\u00e4ischen Standards. Unser engagiertes Team von Spezialisten ist erst zufrieden, wenn Sie es sind!  <\/p>\n<p>&nbsp;<\/p>\n<h3>Wo platzieren Sie Ihren Rauchmelder?<\/h3>\n<p>Lesen Sie <a href=\"https:\/\/aroha.nl\/support\/\">hier<\/a> mehr \u00fcber die gesetzlichen Verpflichtungen in Ihrem Land. Neben der Einhaltung der gesetzlichen Vorschriften raten wir Ihnen, den Brandschutz in Ihrer Wohnung durch die Installation von Rauchmeldern an strategischen Stellen zu optimieren:<\/p>\n<ul>\n<li><strong>Fluchtwege:<\/strong> Bringen Sie Rauchmelder in Fluren und in der N\u00e4he von Treppen an, insbesondere wenn diese zu Schlafzimmern f\u00fchren. Dadurch wird sichergestellt, dass der Rauch schnell entdeckt wird und Sie rechtzeitig reagieren k\u00f6nnen. <\/li>\n<li><strong>Schlafzimmer:<\/strong> Es ist sehr wichtig, Rauchmelder in oder in der N\u00e4he von Schlafzimmern zu installieren, damit der Alarm in der Nacht jeden alarmieren kann. Dies erh\u00f6ht die Wahrscheinlichkeit, dass die Bewohner im Brandfall rechtzeitig geweckt werden.  Entscheiden Sie sich dabei f\u00fcr einen schlafzimmerfreundlichen <strong>Aroha Sleep Line <\/strong>Rauchmelder ohne Standby-LED, wie z.B. diesen eigenst\u00e4ndigen <strong>Aroha Safety Pro Mini-Rauchwarnmelder<\/strong>.<\/li>\n<li><strong>Wohnzimmer:<\/strong> Ein Rauchmelder im Wohnzimmer ist wichtig, vor allem, wenn Ger\u00e4te, die Rauch und Feuer verursachen k\u00f6nnen, wie z.B. ein Kamin, h\u00e4ufig benutzt werden.<\/li>\n<li><strong>In der N\u00e4he von K\u00fcchen:<\/strong> Es wird nicht empfohlen, Rauchmelder direkt in K\u00fcchen zu platzieren, da die Gefahr von Fehlalarmen durch Kochd\u00fcnste besteht. Platzieren Sie einen Rauchmelder in der N\u00e4he einer K\u00fcche oder entscheiden Sie sich f\u00fcr unseren speziell entwickelten <strong>Aroha Hitzemelder<\/strong> rund um die K\u00fcche, um Feuer rechtzeitig zu erkennen. <\/li>\n<li><strong>Zu vermeidende Orte: <\/strong>Vermeiden Sie Rauchmelder in Bereichen mit hoher Luftfeuchtigkeit, wie Badezimmern und Garagen, um Fehlalarme zu vermeiden.<\/li>\n<\/ul>\n<p><strong>Hinweis: Dieser Aroha Safety Pro Melder ist ein eigenst\u00e4ndiger Melder ohne Wlan oder Vernetzung.<\/strong><br \/>\nM\u00f6chten Sie lieber einen Melder, der \u00fcber Wlan mit einer App verbunden werden kann, um ein Smart Home zu schaffen? Dann schauen Sie sich die <strong>Aroha Smart Connect Melder<\/strong> an.<br \/>\nBevorzugen Sie die Verbindung zwischen mehreren Rauch-, Kohlenmonoxid- und Kombimeldern? Dann sind die <strong>Aroha Link-Melder<\/strong> die ideale Wahl.<br \/>\nWenn Sie sowohl die Zusammenschaltung als auch die Verbindung zu einer App \u00fcber Wlan kombinieren m\u00f6chten, k\u00f6nnen Sie sich f\u00fcr den <strong>Aroha Smart Connect &amp; Link Rauchmelder entscheiden.<\/strong>  <\/p>\n<p>&nbsp;<\/p>\n<h3>Packungsinhalt:<\/h3>\n<ul>\n<li>Aroha Safety Pro Mini Rauchmelder Sleep Line<\/li>\n<li>Eingebaute Lithium-Batterie mit bis zu 10 Jahren Betriebsdauer<\/li>\n<li>Eingebauter fotoelektrischer Sensor mit bis zu 10 Jahren Lebensdauer<\/li>\n<li>Befestigungsmaterial mit Schrauben und D\u00fcbeln<\/li>\n<li>Handbuch in Niederl\u00e4ndisch, Englisch, Deutsch, Franz\u00f6sisch, Italienisch, Spanisch und Polnisch<\/li>\n<li>Link zur Online-Anleitung mit einem umfassenden Installationsplan, Installationsvideos, FAQ und Support durch ein Spezialistenteam<\/li>\n<\/ul>\n","protected":false},"excerpt":{"rendered":"<p>Der Aroha Safety Pro Mini Rauchmelder ist ein ultrakleiner und innovativer Rauchmelder, der mit einer leistungsstarken 10-Jahres-Batterie und fortschrittlichen fotoelektrischen Sensoren ausgestattet ist. Mit seinem schlafzimmerfreundlichen Design und ohne Standby-LED ist dieser Mini-Rauchmelder Teil der Aroha Sleep Line \u2013 speziell entwickelt f\u00fcr einen ruhigen Schlaf. <\/p>\n","protected":false},"featured_media":5815,"comment_status":"open","ping_status":"closed","template":"","meta":[],"product_brand":[],"product_cat":[209,163,164,166,204],"product_tag":[],"class_list":{"0":"post-6678","1":"product","2":"type-product","3":"status-publish","4":"has-post-thumbnail","6":"product_cat-aroha-mini-rauchmelder","7":"product_cat-aroha-rauchmelder","8":"product_cat-safety-pro","9":"product_cat-aroha-safety-pro-rauchwarnmelder","10":"product_cat-sleep","12":"first","13":"instock","14":"sale","15":"taxable","16":"shipping-taxable","17":"purchasable","18":"product-type-variable"},"_links":{"self":[{"href":"https:\/\/aroha.nl\/de\/wp-json\/wp\/v2\/product\/6678","targetHints":{"allow":["GET"]}}],"collection":[{"href":"https:\/\/aroha.nl\/de\/wp-json\/wp\/v2\/product"}],"about":[{"href":"https:\/\/aroha.nl\/de\/wp-json\/wp\/v2\/types\/product"}],"replies":[{"embeddable":true,"href":"https:\/\/aroha.nl\/de\/wp-json\/wp\/v2\/comments?post=6678"}],"wp:featuredmedia":[{"embeddable":true,"href":"https:\/\/aroha.nl\/de\/wp-json\/wp\/v2\/media\/5815"}],"wp:attachment":[{"href":"https:\/\/aroha.nl\/de\/wp-json\/wp\/v2\/media?parent=6678"}],"wp:term":[{"taxonomy":"product_brand","embeddable":true,"href":"https:\/\/aroha.nl\/de\/wp-json\/wp\/v2\/product_brand?post=6678"},{"taxonomy":"product_cat","embeddable":true,"href":"https:\/\/aroha.nl\/de\/wp-json\/wp\/v2\/product_cat?post=6678"},{"taxonomy":"product_tag","embeddable":true,"href":"https:\/\/aroha.nl\/de\/wp-json\/wp\/v2\/product_tag?post=6678"}],"curies":[{"name":"wp","href":"https:\/\/api.w.org\/{rel}","templated":true}]}}