{"id":6659,"date":"2024-10-24T13:13:02","date_gmt":"2024-10-24T13:13:02","guid":{"rendered":"https:\/\/aroha.nl\/product\/aroha-link-waerme-rauchmelder\/"},"modified":"2026-03-19T17:30:05","modified_gmt":"2026-03-19T16:30:05","slug":"aroha-link-heat-smoke","status":"publish","type":"product","link":"https:\/\/aroha.nl\/de\/produkt\/aroha-link-heat-smoke\/","title":{"rendered":"Aroha Link Hitze-\/Rauchmelder Sleep Line"},"content":{"rendered":"<h3>W\u00e4hlen Sie zwischen W\u00e4rme- oder Raucherkennung<\/h3>\n<ul>\n<li><strong>Flexible Einstellungen:<\/strong> Mit dem Aroha Link Hitze-\/Rauchmelder k\u00f6nnen Sie ganz einfach zwischen Hitze- und Raucherkennung w\u00e4hlen, so dass Sie die Einstellung w\u00e4hlen k\u00f6nnen, die am besten zu Ihrer Situation passt. Dieser Melder <u>kann nicht<\/u> gleichzeitig Rauch und Hitze erkennen; Sie m\u00fcssen zwischen dem Rauch- und dem Hitzedetektionsmodus w\u00e4hlen. <\/li>\n<li><strong>W\u00e4rmemelder verhindern Fehlalarme:<\/strong> W\u00e4rmemelder reagieren weniger empfindlich auf Rauch und Dampf und sind daher ideal f\u00fcr Bereiche wie K\u00fcchen und B\u00e4der, in denen Hitze und Dampf h\u00e4ufig vorkommen.<\/li>\n<li><strong>Hitzedetektion:<\/strong> Wenn der Melder auf Hitzedetektion eingestellt ist, reagiert er auf pl\u00f6tzliche Temperatur\u00e4nderungen, die auf einen Brand hinweisen k\u00f6nnten. Dies ist besonders effektiv bei Br\u00e4nden, bei denen kein Rauch entsteht, wie z.B. bei einigen elektrischen Br\u00e4nden. <\/li>\n<\/ul>\n<h3>L\u00f6sen Sie mit Aroha Link in jedem Raum den Alarm aus<\/h3>\n<ul>\n<li><strong>Synchrone Alarme:<\/strong> Mit den Aroha Link Rauchmeldern, W\u00e4rmemeldern, Kohlenmonoxidmeldern und Kombimeldern schaffen Sie ein leistungsf\u00e4higes, zusammenh\u00e4ngendes Netzwerk, das Ihr ganzes Haus abdeckt. Sie werden nie wieder einen Alarm in Ihrem Haus verpassen! <\/li>\n<li><strong>Expandierbares Netzwerk:<\/strong> Erweitern Sie Ihr Netzwerk ganz einfach auf bis zu <strong>30<\/strong> Aroha Link-Detektoren, ohne dass Sie einen Hub ben\u00f6tigen, mit einer \u00dcbertragungsreichweite von bis zu 100 Metern ohne Hindernisse (W\u00e4nde, Decken, etc.).<\/li>\n<li><strong>Lauter 85 dB-Alarm:<\/strong> Der leistungsstarke 85 dB-Alarm alarmiert Sie innerhalb von 10 Sekunden \u00fcber alle miteinander verbundenen Aroha Link Melder. So k\u00f6nnen Sie schnell reagieren, denn ein Hausbrand kann sich innerhalb von nur 3 Minuten ausbreiten. Es ist wichtig, dass Sie den Alarm sofort h\u00f6ren und schnell handeln k\u00f6nnen.  <\/li>\n<\/ul>\n<h3>10 Jahre Sicherheit<\/h3>\n<ul>\n<li><strong>10-Jahres-Batterie:<\/strong> Sorgenfreier Betrieb dank der nicht austauschbaren Lithium-Batterie, die 10 Jahre lang ununterbrochenen Schutz bietet.<\/li>\n<li><strong>Fortschrittliche fotoelektrische Sensoren:<\/strong> Diese innovativen Sensoren erkennen Rauch von langsam schwelenden Br\u00e4nden (z.B. elektrische Leitungen) schneller und effektiver.<\/li>\n<li><strong>Zertifizierte Sicherheit:<\/strong> Ausf\u00fchrlich getestet und vollst\u00e4ndig nach CE-Normen (EN14604) zertifiziert, entspricht dieser drahtlos koppelbare W\u00e4rme- oder Rauchmelder mit 10-Jahres-Batterie den h\u00f6chsten EU-Normen.<\/li>\n<li><strong>Intelligenter Selbsttest:<\/strong> Der koppelbare W\u00e4rmemelder\/Brandmelder f\u00fchrt jede Minute einen Selbsttest durch und gew\u00e4hrleistet so jederzeit zuverl\u00e4ssigen Schutz.<\/li>\n<li><strong>Anzeige f\u00fcr schwache Batterie:<\/strong> Proaktive Wartungshinweise sorgen daf\u00fcr, dass Sie rechtzeitig wissen, wann die Batterie schwach ist und der Hitze-\/Rauchmelder ausgetauscht werden muss.<\/li>\n<\/ul>\n<h3>Schlafzimmerfreundlich &amp; einfach zu benutzen<\/h3>\n<ul>\n<li><strong>Ungest\u00f6rter Schlaf:<\/strong> Dank des cleveren Designs der Aroha Sleep Line schlafen Sie ruhig und sicher. Das LED-Licht blinkt nur, wenn ein Alarm ert\u00f6nt, ohne st\u00f6rende Standby-LED. So k\u00f6nnen Sie ungest\u00f6rt in einem dunklen, ruhigen Raum schlafen \u2013 mit der Gewissheit des umfassenden Schutzes. <\/li>\n<li><strong>Benutzerfreundliches Design:<\/strong> einfach zu testen und stumm zu schalten dank des intelligenten Designs, bei dem die gesamte Vorderseite des Rauchmelders als Test- und Stummschalttaste dient. Wenn Sie einen Melder stummschalten oder testen, werden alle drahtlos verbundenen Aroha Link Melder automatisch mit einbezogen. <\/li>\n<li><strong>Ideal f\u00fcr schwer zug\u00e4ngliche Stellen:<\/strong> Sie k\u00f6nnen die Test- und Stummschaltungstaste mit einem Besenstiel dr\u00fccken, w\u00e4hrend Sie sicher auf dem Boden stehen. Dank der 10-j\u00e4hrigen Batterielebensdauer m\u00fcssen Sie die Batterien nicht wechseln. <\/li>\n<\/ul>\n<p>&nbsp;<\/p>\n<h2>Aroha: Feuerschutz aus den Niederlanden<\/h2>\n<p>Als niederl\u00e4ndische Marke stehen Ihre Sicherheit und Zufriedenheit bei uns immer an erster Stelle. Unsere innovativen Rauchmelder, W\u00e4rmemelder, Kohlenmonoxidmelder und Kombimelder entsprechen dank unseres Fachwissens und unseres Fokus auf Qualit\u00e4t den h\u00f6chsten europ\u00e4ischen Standards. Unser engagiertes Team von Spezialisten ist erst zufrieden, wenn Sie es sind!  <\/p>\n<p>&nbsp;<\/p>\n<h3>Wo platzieren Sie Ihren Hitze-\/Rauchmelder?<\/h3>\n<p>Lesen Sie <a href=\"https:\/\/aroha.nl\/support\/\">hier<\/a> mehr \u00fcber die gesetzlichen Verpflichtungen in Ihrem Land. Neben der Einhaltung gesetzlicher Vorschriften raten wir Ihnen, den Brandschutz in Ihrer Wohnung durch die Installation von Hitze-\/Rauchmeldern an strategischen Stellen zu optimieren:<\/p>\n<ul>\n<li><strong>Fluchtwege:<\/strong> Bringen Sie Rauchmelder in Fluren und in der N\u00e4he von Treppen an, insbesondere wenn diese zu Schlafzimmern f\u00fchren. Dadurch wird sichergestellt, dass der Rauch schnell entdeckt wird und Sie rechtzeitig reagieren k\u00f6nnen. <\/li>\n<li><strong>Schlafzimmer:<\/strong> Es ist sehr wichtig, Rauchmelder in oder in der N\u00e4he von Schlafzimmern zu installieren, damit der Alarm in der Nacht jeden alarmieren kann. Dies erh\u00f6ht die Wahrscheinlichkeit, dass die Bewohner im Brandfall rechtzeitig geweckt werden.  Entscheiden Sie sich dabei f\u00fcr einen schlafzimmerfreundlichen Sleep Line Rauchmelder ohne Standby-LED, wie z.B. diesen zusammenschaltbaren <strong>Aroha Link Hitze-\/Rauchmelder<\/strong>.<\/li>\n<li><strong>Wohnzimmer:<\/strong> Ein Rauchmelder im Wohnzimmer ist wichtig, vor allem, wenn Ger\u00e4te, die Rauch und Feuer verursachen k\u00f6nnen, wie z.B. ein Kamin, h\u00e4ufig benutzt werden.<\/li>\n<li><strong>K\u00fcchen:<\/strong> Es wird <u>nicht<\/u> empfohlen, Rauchmelder direkt in K\u00fcchen zu installieren, da die Gefahr von Fehlalarmen durch Kochd\u00fcnste besteht. Stellen Sie diesen Hitze-\/Rauchmelder in den <strong>W\u00e4rmemodus<\/strong>, um Feuer rechtzeitig zu erkennen. <\/li>\n<li><strong>B\u00e4der, Garagen:<\/strong> Vermeiden Sie Rauchmelder in Bereichen mit hoher Luftfeuchtigkeit, wie Badezimmern und Garagen, um Fehlalarme zu vermeiden. Stellen Sie diesen Hitze-\/Rauchmelder in den <strong>W\u00e4rmemodus<\/strong>, um Feuer rechtzeitig zu erkennen. <\/li>\n<li><strong>Innerhalb der Reichweite der zusammengeschalteten Gruppe:<\/strong> Aroha Link-Melder haben eine \u00dcbertragungsreichweite von bis zu 100 Metern ohne Hindernisse, wie W\u00e4nde, T\u00fcren und Decken. Stellen Sie sicher, dass sich die Aroha Link-Melder in Reichweite zueinander befinden, damit sie synchronen Alarm ausl\u00f6sen k\u00f6nnen. <\/li>\n<\/ul>\n<p><strong>Hinweis: Dieser Aroha Link Detektor ist ein vernetzbarer Detektor ohne Wlan.  <\/strong><br \/>\nBevorzugen Sie einen Melder, der \u00fcber Wlan mit einer App verbunden werden kann, aber keine Verbindung untereinander hat? Dann schauen Sie sich die Aroha Smart Connect Detektoren an. Wenn Sie sowohl die Zusammenschaltung als auch die Verbindung zu einer App \u00fcber Wlan kombinieren m\u00f6chten, k\u00f6nnen Sie sich f\u00fcr den <strong>Aroha Smart Connect &amp; Link Rauchmelder entscheiden.<\/strong> Bevorzugen Sie einen Standalone-Melder, den Sie innerhalb von 1 Minute installieren k\u00f6nnen? Dann w\u00e4hlen Sie einen <strong>Aroha Safety Pro<\/strong> Melder.    <\/p>\n<p>&nbsp;<\/p>\n<h3>Packungsinhalt:<\/h3>\n<ul>\n<li>Aroha Link Hitze-\/Rauchmelder Sleep Line<\/li>\n<li>Eingebaute Lithium-Batterie mit bis zu 10 Jahren Betriebsdauer<\/li>\n<li>Eingebauter fotoelektrischer Sensor mit bis zu 10 Jahren Lebensdauer<\/li>\n<li>Befestigungsmaterial mit Schrauben und D\u00fcbeln<\/li>\n<li>Handbuch in Niederl\u00e4ndisch, Englisch, Deutsch, Franz\u00f6sisch, Italienisch, Spanisch und Polnisch<\/li>\n<li>Link zur Online-Anleitung mit einem umfassenden Installationsplan, Installationsvideos, FAQ und Support durch ein Spezialistenteam<\/li>\n<\/ul>\n","protected":false},"excerpt":{"rendered":"<p>Sch\u00fctzen Sie Ihr Zuhause mit einem vernetzten Netzwerk von Aroha Link Hitze-\/Rauchmeldern. Bei Gefahr ert\u00f6nt der laute 85-dB-Alarm durch alle vernetzten Aroha Link Rauch-, W\u00e4rme-, Kohlenmonoxid- und Kombimelder, so dass Sie nie einen Alarm in Ihrem Zuhause verpassen. Mit seinem schlafzimmerfreundlichen Design ohne Standby-LED geh\u00f6rt dieser Rauchmelder zur Aroha Sleep Line &#8211; speziell entwickelt f\u00fcr ungest\u00f6rten Schlaf.  <\/p>\n","protected":false},"featured_media":5663,"comment_status":"open","ping_status":"closed","template":"","meta":[],"product_brand":[],"product_cat":[205,182,206,183,163,204],"product_tag":[],"class_list":{"0":"post-6659","1":"product","2":"type-product","3":"status-publish","4":"has-post-thumbnail","6":"product_cat-hitze","7":"product_cat-link","8":"product_cat-aroha-link-warme-rauchdetektoren","9":"product_cat-aroha-link-rauchmelder","10":"product_cat-aroha-rauchmelder","11":"product_cat-sleep","13":"first","14":"instock","15":"taxable","16":"shipping-taxable","17":"purchasable","18":"product-type-variable","19":"has-default-attributes"},"_links":{"self":[{"href":"https:\/\/aroha.nl\/de\/wp-json\/wp\/v2\/product\/6659","targetHints":{"allow":["GET"]}}],"collection":[{"href":"https:\/\/aroha.nl\/de\/wp-json\/wp\/v2\/product"}],"about":[{"href":"https:\/\/aroha.nl\/de\/wp-json\/wp\/v2\/types\/product"}],"replies":[{"embeddable":true,"href":"https:\/\/aroha.nl\/de\/wp-json\/wp\/v2\/comments?post=6659"}],"wp:featuredmedia":[{"embeddable":true,"href":"https:\/\/aroha.nl\/de\/wp-json\/wp\/v2\/media\/5663"}],"wp:attachment":[{"href":"https:\/\/aroha.nl\/de\/wp-json\/wp\/v2\/media?parent=6659"}],"wp:term":[{"taxonomy":"product_brand","embeddable":true,"href":"https:\/\/aroha.nl\/de\/wp-json\/wp\/v2\/product_brand?post=6659"},{"taxonomy":"product_cat","embeddable":true,"href":"https:\/\/aroha.nl\/de\/wp-json\/wp\/v2\/product_cat?post=6659"},{"taxonomy":"product_tag","embeddable":true,"href":"https:\/\/aroha.nl\/de\/wp-json\/wp\/v2\/product_tag?post=6659"}],"curies":[{"name":"wp","href":"https:\/\/api.w.org\/{rel}","templated":true}]}}