{"id":6536,"date":"2024-10-15T11:55:06","date_gmt":"2024-10-15T09:55:06","guid":{"rendered":"https:\/\/aroha.nl\/aroha-aroha\/"},"modified":"2025-09-18T10:34:36","modified_gmt":"2025-09-18T08:34:36","slug":"aroha","status":"publish","type":"page","link":"https:\/\/aroha.nl\/de\/aroha\/","title":{"rendered":"Aroha"},"content":{"rendered":"\n\n\t<section class=\"section dark has-parallax\" id=\"section_1965020778\">\n\t\t<div class=\"section-bg fill\" data-parallax-container=\".section\" data-parallax-background data-parallax=\"-1\">\n\t\t\t<img decoding=\"async\" width=\"2560\" height=\"650\" src=\"https:\/\/aroha.nl\/wp-content\/uploads\/2024\/10\/Alle-Producten-2-1-scaled.webp\" class=\"bg attachment-original size-original not-transparent\" alt=\"\" data-has-transparency=\"false\" data-dominant-color=\"798780\" style=\"--dominant-color: #798780;\" \/>\t\t\t\t\t\t\n\t\t\t\n\n\t\t<\/div>\n\n\t\t\n\n\t\t<div class=\"section-content relative\">\n\t\t\t\n\n\t<div id=\"gap-1034298901\" class=\"gap-element clearfix\" style=\"display:block; height:auto;\">\n\t\t\n<style>\n#gap-1034298901 {\n  padding-top: 30px;\n}\n<\/style>\n\t<\/div>\n\t\n\n<div class=\"row align-center\"  id=\"row-552785831\">\n\n\n<\/div>\n\n\t\t<\/div>\n\n\t\t\n<style>\n#section_1965020778 {\n  padding-top: 30px;\n  padding-bottom: 30px;\n  min-height: 500px;\n}\n#section_1965020778 .section-bg-overlay {\n  background-color: rgba(0, 0, 0, 0.15);\n}\n#section_1965020778 .section-bg img {\n  object-position: 50% 41%;\n}\n@media (min-width:550px) {\n  #section_1965020778 {\n    min-height: 400px;\n  }\n  #section_1965020778 .section-bg-overlay {\n    background-color: rgba(0, 0, 0, 0.09);\n  }\n}\n<\/style>\n\t<\/section>\n\t\n\n\t<section class=\"section\" id=\"section_224802962\">\n\t\t<div class=\"section-bg fill\" >\n\t\t\t\t\t\t\t\t\t\n\t\t\t\n\n\t\t<\/div>\n\n\t\t\n\n\t\t<div class=\"section-content relative\">\n\t\t\t\n\n<div class=\"row align-center\"  id=\"row-92973474\">\n\n\n\t<div id=\"col-995471182\" class=\"col medium-10 small-12 large-9\"  >\n\t\t\t\t<div class=\"col-inner text-center\"  >\n\t\t\t\n\t\t\t\n\n<h2><span style=\"font-size: 150%;\">Aroha Elektronik<\/span><\/h2>\n<p>Aroha Electronics ist spezialisiert auf hochwertige Rauchmelder, Hitzemelder, Kohlenmonoxidmelder und Kombinationsmelder f\u00fcr Haushalte in ganz Europa. Wir verbinden <strong data-start=\"569\" data-end=\"616\">Innovation, Zuverl\u00e4ssigkeit und Benutzerfreundlichkeit<\/strong> mit einem starken Fokus auf Kundenzufriedenheit und der Einhaltung der lokalen Gesetzgebung.<br data-start=\"696\" data-end=\"699\">Dank unserer strategischen Lagerstandorte in mehreren europ\u00e4ischen L\u00e4ndern k\u00f6nnen wir <strong data-start=\"779\" data-end=\"811\">schnelle und sichere Lieferungen<\/strong> garantieren. Unser Team von erfahrenen Sicherheitsexperten ist immer bereit, Sie pers\u00f6nlich zu unterst\u00fctzen.  <\/p>\n\n\t\t<\/div>\n\t\t\t\t\t<\/div>\n\n\t\n\n<\/div>\n\n\t\t<\/div>\n\n\t\t\n<style>\n#section_224802962 {\n  padding-top: 80px;\n  padding-bottom: 80px;\n}\n<\/style>\n\t<\/section>\n\t\n\n\t<section class=\"section\" id=\"section_220477538\">\n\t\t<div class=\"section-bg fill\" >\n\t\t\t\t\t\t\t\t\t\n\t\t\t\n\n\t\t<\/div>\n\n\t\t\n\n\t\t<div class=\"section-content relative\">\n\t\t\t\n\n<div class=\"row row-large align-middle align-center\" style=\"max-width:1400px\" id=\"row-968631267\">\n\n\n\t<div id=\"col-718639658\" class=\"col medium-9 small-12 large-6\"  >\n\t\t\t\t<div class=\"col-inner\"  >\n\t\t\t\n\t\t\t\n\n\n  <div class=\"banner has-hover\" id=\"banner-919271823\">\n          <div class=\"banner-inner fill\">\n        <div class=\"banner-bg fill\" >\n            <img decoding=\"async\" width=\"2560\" height=\"1707\" src=\"https:\/\/aroha.nl\/wp-content\/uploads\/2023\/07\/thoughtful-blonde-woman-glasses-holding-pencil-looking-away-during-work-office-indoor-portrait-busy-long-haired-female-accountant-using-computer-scaled.jpg\" class=\"bg attachment-original size-original\" alt=\"\" \/>                                    \n                    <\/div>\n\t\t\n        <div class=\"banner-layers container\">\n            <div class=\"fill banner-link\"><\/div>            \n\n   <div id=\"text-box-1762808526\" class=\"text-box banner-layer x50 md-x50 lg-x50 y50 md-y50 lg-y50 res-text\">\n                                <div class=\"text-box-content text dark\">\n              \n              <div class=\"text-inner text-center\">\n                  \n\n\n              <\/div>\n           <\/div>\n                            \n<style>\n#text-box-1762808526 {\n  width: 60%;\n}\n#text-box-1762808526 .text-box-content {\n  font-size: 100%;\n}\n@media (min-width:550px) {\n  #text-box-1762808526 {\n    width: 60%;\n  }\n}\n<\/style>\n    <\/div>\n \n\n        <\/div>\n      <\/div>\n\n            \n<style>\n#banner-919271823 {\n  padding-top: 300px;\n}\n#banner-919271823 .banner-bg img {\n  object-position: 10% 42%;\n}\n@media (min-width:850px) {\n  #banner-919271823 {\n    padding-top: 70%;\n  }\n}\n<\/style>\n  <\/div>\n\n\n\n\t\t<\/div>\n\t\t\t\t\t<\/div>\n\n\t\n\n\t<div id=\"col-525446156\" class=\"col medium-9 small-12 large-6\"  >\n\t\t\t\t<div class=\"col-inner text-left\"  >\n\t\t\t\n\t\t\t\n\n<h6>Wissen und Erfahrung in \u00fcber 30 L\u00e4ndern<\/h6>\n<h3><span style=\"font-size: 160%;\">Unser Fachwissen<\/span><\/h3>\n<p>Mit jahrelanger Erfahrung in mehr als 30 europ\u00e4ischen L\u00e4ndern kennen wir die <strong data-start=\"381\" data-end=\"423\">lokalen Vorschriften und Sicherheitsanforderungen<\/strong> in- und auswendig. Bei Aroha Electronics kombinieren wir unseren pers\u00f6nlichen Ansatz mit fundiertem Wissen \u00fcber Brandschutz und Kohlenmonoxidpr\u00e4vention. So bieten wir Ihnen stets eine effiziente Beratung, zertifizierte Melder und einen zuverl\u00e4ssigen Service.<br data-start=\"671\" data-end=\"674\" data-is-only-node=\"\">Alle unsere Rauchmelder, Hitzemelder, Kohlenmonoxidmelder und Kombimelder sind CE-zertifiziert und entsprechen den strengsten europ\u00e4ischen Sicherheitsstandards. Dies gew\u00e4hrleistet <strong data-start=\"857\" data-end=\"943\">maximalen Schutz in Ihrem Zuhause und die vollst\u00e4ndige Einhaltung der nationalen Gesetzgebung<\/strong>.   <\/p>\n\n\t\t<\/div>\n\t\t\t\t\n<style>\n#col-525446156 > .col-inner {\n  padding: 0px 0px 0px 0px;\n}\n@media (min-width:850px) {\n  #col-525446156 > .col-inner {\n    padding: 0px 50px 0px 50px;\n  }\n}\n<\/style>\n\t<\/div>\n\n\t\n\n<\/div>\n<div class=\"row row-large align-middle align-center\" style=\"max-width:1400px\" id=\"row-1842655525\">\n\n\n\t<div id=\"col-1624068299\" class=\"col medium-9 small-12 large-6\"  >\n\t\t\t\t<div class=\"col-inner text-left\"  >\n\t\t\t\n\t\t\t\n\n<h6>Ihre Sicherheit ist unsere Priorit\u00e4t<\/h6>\n<h3><span style=\"font-size: 150%;\">Auftrag &amp; Vision<\/span><\/h3>\n<p>Wir bei Aroha Electronics glauben, dass smarte und innovative Sicherheitstechnologie f\u00fcr jeden zug\u00e4nglich sein sollte. Unser Ziel ist es, Haushalte in ganz Europa mit <strong data-start=\"2005\" data-end=\"2057\">intelligenten, langlebigen und einfach zu bedienenden Meldern<\/strong> zu sch\u00fctzen.<br data-start=\"2058\" data-end=\"2061\">Wir setzen uns f\u00fcr eine Zukunft ein, in der Innovation, modernes Design und Spitzentechnologie den Standard f\u00fcr den Schutz vor Feuer und Kohlenmonoxid in jedem Haushalt setzen. Mit unseren L\u00f6sungen entscheiden Sie sich f\u00fcr Ihren <strong data-start=\"2261\" data-end=\"2299\">Seelenfrieden und maximale Sicherheit<\/strong>.  <\/p>\n\n\t\t<\/div>\n\t\t\t\t\n<style>\n#col-1624068299 > .col-inner {\n  padding: 0px 0px 0px 0px;\n}\n@media (min-width:850px) {\n  #col-1624068299 > .col-inner {\n    padding: 0px 50px 0px 50px;\n  }\n}\n<\/style>\n\t<\/div>\n\n\t\n\n\t<div id=\"col-966568378\" class=\"col medium-9 small-12 large-6 medium-col-first\"  >\n\t\t\t\t<div class=\"col-inner\"  >\n\t\t\t\n\t\t\t\n\n\n  <div class=\"banner has-hover\" id=\"banner-1623297926\">\n          <div class=\"banner-inner fill\">\n        <div class=\"banner-bg fill\" >\n            <img decoding=\"async\" width=\"2000\" height=\"1400\" src=\"https:\/\/aroha.nl\/wp-content\/uploads\/2024\/10\/EU-png.webp\" class=\"bg attachment-original size-original not-transparent\" alt=\"\" data-has-transparency=\"false\" data-dominant-color=\"a8b9c3\" style=\"--dominant-color: #a8b9c3;\" \/>                                    \n                    <\/div>\n\t\t\n        <div class=\"banner-layers container\">\n            <div class=\"fill banner-link\"><\/div>            \n\n   <div id=\"text-box-693287772\" class=\"text-box banner-layer x50 md-x50 lg-x50 y50 md-y50 lg-y50 res-text\">\n                                <div class=\"text-box-content text dark\">\n              \n              <div class=\"text-inner text-center\">\n                  \n\n\n              <\/div>\n           <\/div>\n                            \n<style>\n#text-box-693287772 {\n  width: 60%;\n}\n#text-box-693287772 .text-box-content {\n  font-size: 100%;\n}\n@media (min-width:550px) {\n  #text-box-693287772 {\n    width: 60%;\n  }\n}\n<\/style>\n    <\/div>\n \n\n        <\/div>\n      <\/div>\n\n            \n<style>\n#banner-1623297926 {\n  padding-top: 300px;\n}\n#banner-1623297926 .banner-bg img {\n  object-position: 40% 41%;\n}\n@media (min-width:850px) {\n  #banner-1623297926 {\n    padding-top: 70%;\n  }\n}\n<\/style>\n  <\/div>\n\n\n\n\t\t<\/div>\n\t\t\t\t\t<\/div>\n\n\t\n\n<\/div>\n\n\t\t<\/div>\n\n\t\t\n<style>\n#section_220477538 {\n  padding-top: 0px;\n  padding-bottom: 0px;\n}\n<\/style>\n\t<\/section>\n\t\n\n\t<section class=\"section\" id=\"section_680950989\">\n\t\t<div class=\"section-bg fill\" >\n\t\t\t\t\t\t\t\t\t\n\t\t\t\n\n\t\t<\/div>\n\n\t\t\n\n\t\t<div class=\"section-content relative\">\n\t\t\t\n\n<div class=\"row row-large align-middle align-center\" style=\"max-width:1400px\" id=\"row-1963063709\">\n\n\n\t<div id=\"col-1715519069\" class=\"col medium-9 small-12 large-6\"  >\n\t\t\t\t<div class=\"col-inner\"  >\n\t\t\t\n\t\t\t\n\n\n  <div class=\"banner has-hover\" id=\"banner-118674686\">\n          <div class=\"banner-inner fill\">\n        <div class=\"banner-bg fill\" >\n            <img decoding=\"async\" width=\"1650\" height=\"1275\" src=\"https:\/\/aroha.nl\/wp-content\/uploads\/2025\/09\/e_2018_sdg_poster_without_un_emblem_letter_us.avif\" class=\"bg attachment-original size-original\" alt=\"\" \/>                                    \n                    <\/div>\n\t\t\n        <div class=\"banner-layers container\">\n            <div class=\"fill banner-link\"><\/div>            \n\n   <div id=\"text-box-1509588496\" class=\"text-box banner-layer x50 md-x50 lg-x50 y50 md-y50 lg-y50 res-text\">\n                                <div class=\"text-box-content text dark\">\n              \n              <div class=\"text-inner text-center\">\n                  \n\n\n              <\/div>\n           <\/div>\n                            \n<style>\n#text-box-1509588496 {\n  width: 60%;\n}\n#text-box-1509588496 .text-box-content {\n  font-size: 100%;\n}\n@media (min-width:550px) {\n  #text-box-1509588496 {\n    width: 60%;\n  }\n}\n<\/style>\n    <\/div>\n \n\n        <\/div>\n      <\/div>\n\n            \n<style>\n#banner-118674686 {\n  padding-top: 300px;\n}\n#banner-118674686 .banner-bg img {\n  object-position: 10% 42%;\n}\n@media (min-width:850px) {\n  #banner-118674686 {\n    padding-top: 70%;\n  }\n}\n<\/style>\n  <\/div>\n\n\n\n\t\t<\/div>\n\t\t\t\t\t<\/div>\n\n\t\n\n\t<div id=\"col-1136775887\" class=\"col medium-9 small-12 large-6\"  >\n\t\t\t\t<div class=\"col-inner text-left\"  >\n\t\t\t\n\t\t\t\n\n<h6>Umweltinnovation<\/h6>\n<h3><span style=\"font-size: 160%;\">Nachhaltigkeit<\/span><\/h3>\n<p>Unsere Detektoren sind auf Haltbarkeit und lange Lebensdauer ausgelegt. Dank der integrierten <strong data-start=\"568\" data-end=\"589\">10-Jahres-Batterie<\/strong> und hochwertiger Materialien m\u00fcssen Sie sich \u00fcber Jahre hinweg keine Gedanken \u00fcber Wartung oder Austausch machen. Das reduziert den Abfall und tr\u00e4gt zu einer umweltfreundlicheren Brandschutzl\u00f6sung bei.<br data-start=\"790\" data-end=\"793\">Wir bei Aroha Electronics glauben, dass <strong data-start=\"830\" data-end=\"878\">Sicherheit und Nachhaltigkeit Hand in Hand gehen<\/strong> &#8211; f\u00fcr Ihre Familie und f\u00fcr die Zukunft unseres Planeten.  <\/p>\n\n\t\t<\/div>\n\t\t\t\t\n<style>\n#col-1136775887 > .col-inner {\n  padding: 0px 0px 0px 0px;\n}\n@media (min-width:850px) {\n  #col-1136775887 > .col-inner {\n    padding: 0px 50px 0px 50px;\n  }\n}\n<\/style>\n\t<\/div>\n\n\t\n\n<\/div>\n\n\t\t<\/div>\n\n\t\t\n<style>\n#section_680950989 {\n  padding-top: 0px;\n  padding-bottom: 0px;\n}\n<\/style>\n\t<\/section>\n\t\n\n\t<div id=\"gap-983659382\" class=\"gap-element clearfix\" style=\"display:block; height:auto;\">\n\t\t\n<style>\n#gap-983659382 {\n  padding-top: 30px;\n}\n@media (min-width:850px) {\n  #gap-983659382 {\n    padding-top: 70px;\n  }\n}\n<\/style>\n\t<\/div>\n\t\n\n\n\t<section class=\"section\" id=\"section_1688327775\">\n\t\t<div class=\"section-bg fill\" >\n\t\t\t\t\t\t\t\t\t\n\t\t\t\n\n\t\t<\/div>\n\n\t\t\n\n\t\t<div class=\"section-content relative\">\n\t\t\t\n\n<div class=\"row row-large\" style=\"max-width:1400px\" id=\"row-1195390702\">\n\n\n\t<div id=\"col-1950177916\" class=\"col medium-4 small-12 large-4\"  >\n\t\t\t\t<div class=\"col-inner\"  >\n\t\t\t\n\t\t\t\n\n\t<div class=\"box has-hover   has-hover box-text-bottom\" >\n\n\t\t<div class=\"box-image\" >\n\t\t\t<a href=\"#\" >\t\t\t<div class=\"image-zoom image-cover\" style=\"padding-top:56.25%;\">\n\t\t\t\t<img decoding=\"async\" width=\"2000\" height=\"1046\" src=\"https:\/\/aroha.nl\/wp-content\/uploads\/2024\/10\/T_V_Rheinland_headquarters_Cologne__Germany_01-jpg.webp\" class=\"attachment- size- not-transparent\" alt=\"\" srcset=\"https:\/\/aroha.nl\/wp-content\/uploads\/2024\/10\/T_V_Rheinland_headquarters_Cologne__Germany_01-jpg.webp 2000w, https:\/\/aroha.nl\/wp-content\/uploads\/2024\/10\/T_V_Rheinland_headquarters_Cologne__Germany_01-765x400.webp 765w, https:\/\/aroha.nl\/wp-content\/uploads\/2024\/10\/T_V_Rheinland_headquarters_Cologne__Germany_01-1400x732.webp 1400w, https:\/\/aroha.nl\/wp-content\/uploads\/2024\/10\/T_V_Rheinland_headquarters_Cologne__Germany_01-768x402.webp 768w, https:\/\/aroha.nl\/wp-content\/uploads\/2024\/10\/T_V_Rheinland_headquarters_Cologne__Germany_01-1536x803.webp 1536w, https:\/\/aroha.nl\/wp-content\/uploads\/2024\/10\/T_V_Rheinland_headquarters_Cologne__Germany_01-510x267.webp 510w\" sizes=\"(max-width: 2000px) 100vw, 2000px\" data-has-transparency=\"false\" data-dominant-color=\"92a9c1\" style=\"--dominant-color: #92a9c1;\" \/>\t\t\t\t\t\t\t\t\t\t\t<\/div>\n\t\t\t<\/a>\t\t<\/div>\n\n\t\t<div class=\"box-text text-center\" >\n\t\t\t<div class=\"box-text-inner\">\n\t\t\t\t\n\n<h3><span style=\"font-size: 150%;\">CE-Zertifizierungen<\/span><\/h3>\n\t<div id=\"gap-1823123945\" class=\"gap-element clearfix\" style=\"display:block; height:auto;\">\n\t\t\n<style>\n#gap-1823123945 {\n  padding-top: 10px;\n}\n<\/style>\n\t<\/div>\n\t\n\n<p>Unsere Detektoren sind vollst\u00e4ndig <strong data-start=\"284\" data-end=\"305\">CE-zertifiziert<\/strong> und entsprechen den strengsten europ\u00e4ischen Sicherheitsstandards. Das bedeutet, dass sie ausgiebig auf ihre Funktionalit\u00e4t, Zuverl\u00e4ssigkeit und Haltbarkeit getestet wurden. Dank dieser Zertifizierungen k\u00f6nnen Sie sicher sein, dass unsere Produkte <strong data-start=\"523\" data-end=\"548\">sicher und zuverl\u00e4ssig<\/strong> f\u00fcr die Verwendung in Ihrem Haus sind.  <\/p>\n\n\t\t\t<\/div>\n\t\t<\/div>\n\t<\/div>\n\t\n\n\t\t<\/div>\n\t\t\t\t\t<\/div>\n\n\t\n\n\t<div id=\"col-614210367\" class=\"col medium-4 small-12 large-4\"  >\n\t\t\t\t<div class=\"col-inner\"  >\n\t\t\t\n\t\t\t\n\n\t<div class=\"box has-hover   has-hover box-text-bottom\" >\n\n\t\t<div class=\"box-image\" >\n\t\t\t<a href=\"#\" >\t\t\t<div class=\"image-zoom image-cover\" style=\"padding-top:56.25%;\">\n\t\t\t\t<img decoding=\"async\" width=\"725\" height=\"483\" src=\"https:\/\/aroha.nl\/wp-content\/uploads\/2024\/10\/microchip-produstion-factory.png.webp\" class=\"attachment- size- not-transparent\" alt=\"\" srcset=\"https:\/\/aroha.nl\/wp-content\/uploads\/2024\/10\/microchip-produstion-factory.png.webp 725w, https:\/\/aroha.nl\/wp-content\/uploads\/2024\/10\/microchip-produstion-factory.png-600x400.webp 600w, https:\/\/aroha.nl\/wp-content\/uploads\/2024\/10\/microchip-produstion-factory.png-510x340.webp 510w\" sizes=\"(max-width: 725px) 100vw, 725px\" data-has-transparency=\"false\" data-dominant-color=\"939193\" style=\"--dominant-color: #939193;\" \/>\t\t\t\t\t\t\t\t\t\t\t<\/div>\n\t\t\t<\/a>\t\t<\/div>\n\n\t\t<div class=\"box-text text-center\" >\n\t\t\t<div class=\"box-text-inner\">\n\t\t\t\t\n\n<h3><span style=\"font-size: 150%;\">Gr\u00fcndliche Testverfahren<\/span><\/h3>\n\t<div id=\"gap-698505950\" class=\"gap-element clearfix\" style=\"display:block; height:auto;\">\n\t\t\n<style>\n#gap-698505950 {\n  padding-top: 10px;\n}\n<\/style>\n\t<\/div>\n\t\n\n<p>Bevor unsere Detektoren das Werk verlassen, durchlaufen sie eine Reihe <strong data-start=\"796\" data-end=\"851\">umfassender Testverfahren in unseren eigenen Testkammern<\/strong>. In diesen pr\u00fcfen wir die Empfindlichkeit der Sensoren, die Zuverl\u00e4ssigkeit des Alarmsignals und die allgemeine Produktqualit\u00e4t. Nur Detektoren, die diese strengen Qualit\u00e4tskontrollen bestehen, werden an unsere Kunden ausgeliefert. Dies gew\u00e4hrleistet <strong data-start=\"1110\" data-end=\"1150\">h\u00f6chste Qualit\u00e4t und Zuverl\u00e4ssigkeit<\/strong>.   <\/p>\n\n\t\t\t<\/div>\n\t\t<\/div>\n\t<\/div>\n\t\n\n\t\t<\/div>\n\t\t\t\t\t<\/div>\n\n\t\n\n\t<div id=\"col-984363999\" class=\"col medium-4 small-12 large-4\"  >\n\t\t\t\t<div class=\"col-inner\"  >\n\t\t\t\n\t\t\t\n\n\t<div class=\"box has-hover   has-hover box-text-bottom\" >\n\n\t\t<div class=\"box-image\" >\n\t\t\t<a href=\"#\" >\t\t\t<div class=\"image-zoom image-cover\" style=\"padding-top:56.25%;\">\n\t\t\t\t<img decoding=\"async\" width=\"725\" height=\"483\" src=\"https:\/\/aroha.nl\/wp-content\/uploads\/2024\/10\/electromic-engineer-testing.webp\" class=\"attachment- size- not-transparent\" alt=\"\" srcset=\"https:\/\/aroha.nl\/wp-content\/uploads\/2024\/10\/electromic-engineer-testing.webp 725w, https:\/\/aroha.nl\/wp-content\/uploads\/2024\/10\/electromic-engineer-testing-600x400.webp 600w, https:\/\/aroha.nl\/wp-content\/uploads\/2024\/10\/electromic-engineer-testing-510x340.webp 510w\" sizes=\"(max-width: 725px) 100vw, 725px\" data-has-transparency=\"false\" data-dominant-color=\"9a9799\" style=\"--dominant-color: #9a9799;\" \/>\t\t\t\t\t\t\t\t\t\t\t<\/div>\n\t\t\t<\/a>\t\t<\/div>\n\n\t\t<div class=\"box-text text-center\" >\n\t\t\t<div class=\"box-text-inner\">\n\t\t\t\t\n\n<h3><span style=\"font-size: 150%;\">Kontinuierliche Verbesserung<\/span><\/h3>\n\t<div id=\"gap-1819353109\" class=\"gap-element clearfix\" style=\"display:block; height:auto;\">\n\t\t\n<style>\n#gap-1819353109 {\n  padding-top: 10px;\n}\n<\/style>\n\t<\/div>\n\t\n\n<p>Bei Aroha Electronics glauben wir an kontinuierliche Verbesserung und Innovation. Wir investieren kontinuierlich in neue Technologien und fortschrittliche Testmethoden, um sicherzustellen, dass unsere Detektoren stets den <strong data-start=\"1514\" data-end=\"1553\">neuesten europ\u00e4ischen Sicherheitsstandards<\/strong> entsprechen. Unser Expertenteam optimiert st\u00e4ndig die Qualit\u00e4tskontrollen, damit Sie sich auf <strong data-start=\"1648\" data-end=\"1697\">maximale Sicherheit und langfristigen Seelenfrieden<\/strong> verlassen k\u00f6nnen.  <\/p>\n\n\t\t\t<\/div>\n\t\t<\/div>\n\t<\/div>\n\t\n\n\t\t<\/div>\n\t\t\t\t\t<\/div>\n\n\t\n\n\n<style>\n#row-1195390702 > .col > .col-inner {\n  padding: 0px 0px 0px 0px;\n}\n<\/style>\n<\/div>\n\t<div id=\"gap-584770822\" class=\"gap-element clearfix\" style=\"display:block; height:auto;\">\n\t\t\n<style>\n#gap-584770822 {\n  padding-top: 30px;\n}\n@media (min-width:850px) {\n  #gap-584770822 {\n    padding-top: 70px;\n  }\n}\n<\/style>\n\t<\/div>\n\t\n\n\n\t\t<\/div>\n\n\t\t\n<style>\n#section_1688327775 {\n  padding-top: 30px;\n  padding-bottom: 30px;\n}\n<\/style>\n\t<\/section>\n\t\n\n\t<section class=\"section dark has-parallax\" id=\"section_195812521\">\n\t\t<div class=\"section-bg fill\" data-parallax-container=\".section\" data-parallax-background data-parallax=\"-1\">\n\t\t\t<img decoding=\"async\" width=\"2560\" height=\"1707\" src=\"https:\/\/aroha.nl\/wp-content\/uploads\/2023\/07\/attractive-laughing-freelancer-woman-posing-with-cup-coffee-her-workplace-chinese-student-blue-shirt-works-with-document-campus-with-blonde-friend-glasses-scaled.jpg\" class=\"bg attachment-original size-original\" alt=\"Customer support\" \/>\t\t\t\t\t\t<div class=\"section-bg-overlay absolute fill\"><\/div>\n\t\t\t\n\n\t\t<\/div>\n\n\t\t\n\n\t\t<div class=\"section-content relative\">\n\t\t\t\n\n\t<div id=\"gap-176729638\" class=\"gap-element clearfix\" style=\"display:block; height:auto;\">\n\t\t\n<style>\n#gap-176729638 {\n  padding-top: 30px;\n}\n<\/style>\n\t<\/div>\n\t\n\n<div class=\"row align-center\"  id=\"row-2050149775\">\n\n\n\t<div id=\"col-867967565\" class=\"col medium-9 small-12 large-9\"  >\n\t\t\t\t<div class=\"col-inner text-center\"  >\n\t\t\t\n\t\t\t\n\n<h3><span style=\"font-size: 150%;\">Kontaktieren Sie uns pers\u00f6nlich<\/span><\/h3>\n<p class=\"lead\">Sprechen Sie mit einem unserer Experten f\u00fcr eine pers\u00f6nliche Beratung oder direkte Hilfe bei Ihren Fragen.<\/p>\n<a href=\"https:\/\/aroha.nl\/de\/kontakt\/\" class=\"button primary\" style=\"border-radius:22px;\">\n\t\t<span>Kontakt<\/span>\n\t<\/a>\n\n\n\n\t\t<\/div>\n\t\t\t\t\t<\/div>\n\n\t\n\n<\/div>\n\n\t\t<\/div>\n\n\t\t\n<style>\n#section_195812521 {\n  padding-top: 30px;\n  padding-bottom: 30px;\n  min-height: 300px;\n  background-color: rgb(0, 0, 0);\n}\n#section_195812521 .section-bg-overlay {\n  background-color: rgba(0,0,0,.5);\n}\n#section_195812521 .section-bg img {\n  object-position: 24% 35%;\n}\n@media (min-width:550px) {\n  #section_195812521 {\n    min-height: 400px;\n  }\n}\n<\/style>\n\t<\/section>\n\t\n\n","protected":false},"excerpt":{"rendered":"","protected":false},"author":1,"featured_media":0,"parent":0,"menu_order":0,"comment_status":"closed","ping_status":"closed","template":"page-transparent-header-light.php","meta":{"footnotes":""},"class_list":["post-6536","page","type-page","status-publish","hentry"],"_links":{"self":[{"href":"https:\/\/aroha.nl\/de\/wp-json\/wp\/v2\/pages\/6536","targetHints":{"allow":["GET"]}}],"collection":[{"href":"https:\/\/aroha.nl\/de\/wp-json\/wp\/v2\/pages"}],"about":[{"href":"https:\/\/aroha.nl\/de\/wp-json\/wp\/v2\/types\/page"}],"author":[{"embeddable":true,"href":"https:\/\/aroha.nl\/de\/wp-json\/wp\/v2\/users\/1"}],"replies":[{"embeddable":true,"href":"https:\/\/aroha.nl\/de\/wp-json\/wp\/v2\/comments?post=6536"}],"version-history":[{"count":7,"href":"https:\/\/aroha.nl\/de\/wp-json\/wp\/v2\/pages\/6536\/revisions"}],"predecessor-version":[{"id":9040,"href":"https:\/\/aroha.nl\/de\/wp-json\/wp\/v2\/pages\/6536\/revisions\/9040"}],"wp:attachment":[{"href":"https:\/\/aroha.nl\/de\/wp-json\/wp\/v2\/media?parent=6536"}],"curies":[{"name":"wp","href":"https:\/\/api.w.org\/{rel}","templated":true}]}}